{"id":3974,"date":"2020-05-17T13:16:38","date_gmt":"2020-05-17T13:16:38","guid":{"rendered":"http:\/\/upravnopravnidani.pravst.unist.hr\/?page_id=3974"},"modified":"2020-07-13T09:22:27","modified_gmt":"2020-07-13T09:22:27","slug":"2009-2","status":"publish","type":"page","link":"https:\/\/upravnopravnidani.pravst.unist.hr\/en\/publikacije\/radovi\/2009-2\/","title":{"rendered":"2009"},"content":{"rendered":"<div class=\"vc_row wpb_row vc_row-fluid vc_custom_1589721212584\"><div class=\"wpb_column vc_column_container vc_col-sm-8\"><div class=\"vc_column-inner\"><div class=\"wpb_wrapper\"><div id=\"ultimate-heading-183569ea3fde0545f\" class=\"uvc-heading ult-adjust-bottom-margin ultimate-heading-183569ea3fde0545f uvc-8579  uvc-heading-default-font-sizes\" data-hspacer=\"no_spacer\"  data-halign=\"left\" style=\"text-align:left\"><div class=\"uvc-heading-spacer no_spacer\" style=\"top\"><\/div><div class=\"uvc-main-heading ult-responsive\"  data-ultimate-target='.uvc-heading.ultimate-heading-183569ea3fde0545f h3'  data-responsive-json-new='{\"font-size\":\"\",\"line-height\":\"\"}' ><h3 style=\"font-weight:bold;color:#148ba9;margin-bottom:20px;\">Split, 26 - 27 October 2009.<\/h3><\/div><div class=\"uvc-sub-heading ult-responsive\"  data-ultimate-target='.uvc-heading.ultimate-heading-183569ea3fde0545f .uvc-sub-heading '  data-responsive-json-new='{\"font-size\":\"desktop:34px;\",\"line-height\":\"desktop:44px;\"}'  style=\"font-weight:bold;color:#222222;margin-bottom:30px;\">Administrative dispute and administrative adjudication<\/div><\/div>\n\t<div class=\"wpb_text_column wpb_content_element\" >\n\t\t<div class=\"wpb_wrapper\">\n\t\t\t<p><a href=\"http:\/\/upravnopravnidani.pravst.unist.hr\/wp-content\/uploads\/2020\/05\/1.-LE-TOUR-D\u2019EUROPE-Quelques-mots-quant-\u00e0-la-conception-de-cette-rubrique-Martine-BAGUET.pdf\">Overview of administrative dispute in Europe Martine BAGUET<\/a><\/p>\n<p><a href=\"http:\/\/upravnopravnidani.pravst.unist.hr\/wp-content\/uploads\/2020\/05\/2.-La-juridiction-administrative-vue-de-Strasbourg-Yves-DOUTRIAUX.pdf\">Administrative dispute \u2013 view from Strasbourg Yves DOUTRIAUX<\/a><\/p>\n<p><a href=\"http:\/\/upravnopravnidani.pravst.unist.hr\/wp-content\/uploads\/2020\/05\/3.-Neka-rje\u0161enja-novog-ure\u0111enja-upravnog-spora-u-hrvatskoj-Dario-\u0110ER\u0110A.pdf\">Some solutions of the new regulation of administrative dispute in Croatia Dario \u0110ER\u0110A<\/a><\/p>\n<p><a href=\"http:\/\/upravnopravnidani.pravst.unist.hr\/wp-content\/uploads\/2020\/05\/4.-Upravni-spor-i-upravno-sudovanje-u-savremenoj-Srbiji-Neki-reformski-problemi-i-pravci-noveliranja-Zoran-R.-TOMI\u0106.pdf\">Administrative dispute and administrative adjudication in contemporary\n Serbia\u2013 Some reforms and problems and directions of revisions \u2013 Zoran TOMI\u0106<\/a><\/p>\n<p><a href=\"http:\/\/upravnopravnidani.pravst.unist.hr\/wp-content\/uploads\/2020\/05\/5.-Les-modalit\u00e9s-et-la-port\u00e9e-du-contr\u00f4le-de-l\u2019administration-par-le-juge-administratif-Didier-TRUCHET.pdf\">Main mechanisms and scope of control of administration by administrative judges Didier TRUCHET<\/a><\/p>\n<p>Learning and practice on so called \u00abparallelism\u00bb of supervision of Constitutional Court in protection of \u00abconstitutional justice\u00bb \u2013 Some critical thoughts Branko BABAC, Marko BABI\u0106<\/p>\n<p><a href=\"http:\/\/upravnopravnidani.pravst.unist.hr\/wp-content\/uploads\/2020\/05\/7.-Les-pouvoirs-et-les-devoirs-du-juge-administratif-dans-l\u2019examen-des-requ\u00eates-Jean-MASSOT.pdf\">Powers and obligations of administrative judges in investigating lawsuits Jean MASSOT<\/a><\/p>\n<p><a href=\"http:\/\/upravnopravnidani.pravst.unist.hr\/wp-content\/uploads\/2020\/05\/8.-Usmena-rasprava-u-upravnosudskom-postupku-Ljiljana-KARLOV\u010cAN-\u0110UROVI\u0106.pdf\">Verbal discussion in administrative court proceedings Ljiljana KARLOV\u010cAN \u2013 \u0110UROVI\u0106<\/a><\/p>\n<p><a href=\"http:\/\/upravnopravnidani.pravst.unist.hr\/wp-content\/uploads\/2020\/05\/9.-Vremenski-okviri-odlu\u010divanja-u-hrvatskom-upravnom-sporu-Marko-\u0160IKI\u0106.pdf\">Timeframes for reaching decisions in Croatian administrative dispute Marko \u0160IKI\u0106<\/a><\/p>\n<p><a href=\"http:\/\/upravnopravnidani.pravst.unist.hr\/wp-content\/uploads\/2020\/05\/10.-L\u2019office-du-juge-d\u2019appel-Daniel-CHABANOL.pdf\">Role of the administrative appeal court judge Daniel CHABANOL<\/a><\/p>\n<p><a href=\"http:\/\/upravnopravnidani.pravst.unist.hr\/wp-content\/uploads\/2020\/05\/11.-Pravni-lijekovi-u-upravnosudskom-postupku-Inga-VEZMAR-BARLEK.pdf\">Remedies in administrative court proceedings Inga VEZMAR \u2013 BARLEK<\/a><\/p>\n<p><a href=\"http:\/\/upravnopravnidani.pravst.unist.hr\/wp-content\/uploads\/2020\/05\/12.-Le-recours-de-pleine-juridiction-Daniel-GILTARD.pdf\">Full jurisdiction administrative dispute Daniel GILTARD<\/a><\/p>\n<p><a href=\"http:\/\/upravnopravnidani.pravst.unist.hr\/wp-content\/uploads\/2020\/05\/13.-Primjena-i-evolucija-upravnog-spora-pune-jurisdikcije-Bosiljka-BRITVIC-VETMA-Zoran-PI\u010cULJAN.pdf\">Application and evolution of full jurisdiction administrative court dispute Bosiljka BRITVI\u0106 VETMA, Zoran PI\u010cULJAN<\/a><\/p>\n<p><a href=\"http:\/\/upravnopravnidani.pravst.unist.hr\/wp-content\/uploads\/2020\/05\/14.-L\u2019ex\u00e9cution-des-d\u00e9cisions-du-juge-administratif-Jean-Louis-DEWOST.pdf\">Execution of administrative court decisions Jean-Louis DEWOST<\/a><\/p>\n<p><a href=\"http:\/\/upravnopravnidani.pravst.unist.hr\/wp-content\/uploads\/2020\/05\/15.-Upravnora\u010dunski-spor-Marija-KRILETI\u0106.pdf\">Administrative-computational dispute Marija KRILETI\u0106<\/a><\/p>\n<p><a href=\"http:\/\/upravnopravnidani.pravst.unist.hr\/wp-content\/uploads\/2020\/05\/16.-Le-contr\u00f4le-des-actes-des-autorit\u00e9s-locales-par-les-tribunaux-administratifs-en-France-Marc-GJIDARA.pdf\">Control of local government acts by administrative courts in France Marc GJIDARA<\/a><\/p>\n<p><a href=\"http:\/\/upravnopravnidani.pravst.unist.hr\/wp-content\/uploads\/2020\/05\/17.-Upravni-ugovori-i-upravno-sudovanje-Boris-LJUBANOVI\u0106.pdf\">Administrative contract and administrative adjudication Boris LJUBANOVI\u0106<\/a><\/p>\n\n\t\t<\/div>\n\t<\/div>\n<\/div><\/div><\/div><div class=\"wpb_column vc_column_container vc_col-sm-4\"><div class=\"vc_column-inner\"><div class=\"wpb_wrapper\"><\/div><\/div><\/div><\/div><div data-vc-full-width=\"true\" data-vc-full-width-init=\"false\" class=\"vc_row wpb_row vc_row-fluid vc_custom_1575399465927 vc_row-has-fill\"><div class=\"wpb_column vc_column_container vc_col-sm-12 vc_col-has-fill\"><div class=\"vc_column-inner vc_custom_1575399499107\"><div class=\"wpb_wrapper\"><div id=\"ultimate-heading-870669ea3fde06358\" class=\"uvc-heading ult-adjust-bottom-margin ultimate-heading-870669ea3fde06358 uvc-9130  uvc-heading-default-font-sizes\" data-hspacer=\"no_spacer\"  data-halign=\"center\" style=\"text-align:center\"><div class=\"uvc-heading-spacer no_spacer\" style=\"top\"><\/div><div class=\"uvc-main-heading ult-responsive\"  data-ultimate-target='.uvc-heading.ultimate-heading-870669ea3fde06358 h3'  data-responsive-json-new='{\"font-size\":\"\",\"line-height\":\"\"}' ><h3 style=\"font-weight:bold;margin-bottom:20px;\">Croatian-French Days of Administrative Law<\/h3><\/div><div class=\"uvc-sub-heading ult-responsive\"  data-ultimate-target='.uvc-heading.ultimate-heading-870669ea3fde06358 .uvc-sub-heading '  data-responsive-json-new='{\"font-size\":\"desktop:20px;\",\"line-height\":\"desktop:30px;\"}'  style=\"font-weight:normal;color:#148ba9;\">Telephone : <span style=\"color: #222222;\">021 393 555<\/span><br \/>\nEmail : <span style=\"color: #222222;\">upravnopravnidani@pravst.hr<\/span><\/div><\/div><\/div><\/div><\/div><\/div><div class=\"vc_row-full-width vc_clearfix\"><\/div>","protected":false},"excerpt":{"rendered":"<p>Split, 26. i 27. listopada 2009.Upravni spor i upravno sudovanje Pogled na Upravno sudovanje u Europi Martine BAGUET Upravno sudovanje \u2013 vi\u0111enje iz Strasbourga Yves DOUTRIAUX Neka rje\u0161enja novog ure\u0111enja upravnog spora u Hrvatskoj Dario \u0110ER\u0110A Upravni spor i upravno sudovanje u savremenoj Srbiji \u2013 Neki reformsi problemi i pravci noveliranja &#8211; Zoran TOMI\u0106 Glavni&hellip;<\/p>","protected":false},"author":1,"featured_media":0,"parent":3918,"menu_order":0,"comment_status":"closed","ping_status":"closed","template":"","meta":[],"_links":{"self":[{"href":"https:\/\/upravnopravnidani.pravst.unist.hr\/en\/wp-json\/wp\/v2\/pages\/3974"}],"collection":[{"href":"https:\/\/upravnopravnidani.pravst.unist.hr\/en\/wp-json\/wp\/v2\/pages"}],"about":[{"href":"https:\/\/upravnopravnidani.pravst.unist.hr\/en\/wp-json\/wp\/v2\/types\/page"}],"author":[{"embeddable":true,"href":"https:\/\/upravnopravnidani.pravst.unist.hr\/en\/wp-json\/wp\/v2\/users\/1"}],"replies":[{"embeddable":true,"href":"https:\/\/upravnopravnidani.pravst.unist.hr\/en\/wp-json\/wp\/v2\/comments?post=3974"}],"version-history":[{"count":2,"href":"https:\/\/upravnopravnidani.pravst.unist.hr\/en\/wp-json\/wp\/v2\/pages\/3974\/revisions"}],"predecessor-version":[{"id":5023,"href":"https:\/\/upravnopravnidani.pravst.unist.hr\/en\/wp-json\/wp\/v2\/pages\/3974\/revisions\/5023"}],"up":[{"embeddable":true,"href":"https:\/\/upravnopravnidani.pravst.unist.hr\/en\/wp-json\/wp\/v2\/pages\/3918"}],"wp:attachment":[{"href":"https:\/\/upravnopravnidani.pravst.unist.hr\/en\/wp-json\/wp\/v2\/media?parent=3974"}],"curies":[{"name":"wp","href":"https:\/\/api.w.org\/{rel}","templated":true}]}}