{"id":3995,"date":"2020-05-17T13:30:26","date_gmt":"2020-05-17T13:30:26","guid":{"rendered":"http:\/\/upravnopravnidani.pravst.unist.hr\/?page_id=3995"},"modified":"2020-07-13T09:22:38","modified_gmt":"2020-07-13T09:22:38","slug":"2010-2","status":"publish","type":"page","link":"https:\/\/upravnopravnidani.pravst.unist.hr\/en\/publikacije\/radovi\/2010-2\/","title":{"rendered":"2010"},"content":{"rendered":"<div class=\"vc_row wpb_row vc_row-fluid vc_custom_1589721212584\"><div class=\"wpb_column vc_column_container vc_col-sm-8\"><div class=\"vc_column-inner\"><div class=\"wpb_wrapper\"><div id=\"ultimate-heading-513669ef35b17eff8\" class=\"uvc-heading ult-adjust-bottom-margin ultimate-heading-513669ef35b17eff8 uvc-9157  uvc-heading-default-font-sizes\" data-hspacer=\"no_spacer\"  data-halign=\"left\" style=\"text-align:left\"><div class=\"uvc-heading-spacer no_spacer\" style=\"top\"><\/div><div class=\"uvc-main-heading ult-responsive\"  data-ultimate-target='.uvc-heading.ultimate-heading-513669ef35b17eff8 h3'  data-responsive-json-new='{\"font-size\":\"\",\"line-height\":\"\"}' ><h3 style=\"font-weight:bold;color:#148ba9;margin-bottom:20px;\">Split, 25 - 26 October 2010.<\/h3><\/div><div class=\"uvc-sub-heading ult-responsive\"  data-ultimate-target='.uvc-heading.ultimate-heading-513669ef35b17eff8 .uvc-sub-heading '  data-responsive-json-new='{\"font-size\":\"desktop:34px;\",\"line-height\":\"desktop:44px;\"}'  style=\"font-weight:bold;color:#222222;margin-bottom:30px;\">Public contracts and public procurement: comparative and European aspects<\/div><\/div>\n\t<div class=\"wpb_text_column wpb_content_element\" >\n\t\t<div class=\"wpb_wrapper\">\n\t\t\t<p><a href=\"http:\/\/upravnopravnidani.pravst.unist.hr\/wp-content\/uploads\/2020\/05\/1.-Le-droit-des-contrats-et-l\u2019-approche-communautaire-Jean-Louis-DEWOST.pdf\">Contract law and European aspects Jean-Louis DEWOST<\/a><\/p>\n<p><a href=\"http:\/\/upravnopravnidani.pravst.unist.hr\/wp-content\/uploads\/2020\/05\/2.-Hrvatsko-pravo-javne-nabave-\u2013-uskla\u0111enost-s-pravom-EU-Boris-LJUBANOVI\u0106-Bosiljka-BRITVI\u0106-VETMA.pdf\">Croatian public procurement law\u2013 harmonising with EU law Boris LJUBANOVI\u0106, Bosiljka BRITVI\u0106 VETMA<\/a><\/p>\n<p><a href=\"http:\/\/upravnopravnidani.pravst.unist.hr\/wp-content\/uploads\/2020\/05\/3.-Aktualna-pitanja-pravnog-ure\u0111enja-upravnih-ugovora-u-hrvatskom-pravu-Damir-AVIANI-Dario-\u0110ER\u0110A.pdf\">Current issues of legal regulation of administrative contracts in Croatian law Damir AVIANI, Dario \u0110ER\u0110A<\/a><\/p>\n<p><a href=\"http:\/\/upravnopravnidani.pravst.unist.hr\/wp-content\/uploads\/2020\/05\/4.-La-concurrence-et-l\u2019acc\u00e8s-\u00e0-la-commande-publique-Didier-TRUCHET.pdf\">Competition and access to public ordering Didier TRUCHET<\/a><\/p>\n<p><a href=\"http:\/\/upravnopravnidani.pravst.unist.hr\/wp-content\/uploads\/2020\/05\/5.-Transparence-et-urgence-et-dans-la-passation-des-contrats-et-march\u00e9s-publics-Daniel-CHABANOL.pdf\">Transparency and emergency in forming public contacts and public procurement Daniel CHABANOL<\/a><\/p>\n<p><a href=\"http:\/\/upravnopravnidani.pravst.unist.hr\/wp-content\/uploads\/2020\/05\/6.-Les-Proc\u00e9d\u00e9s-contractuels-entre-partenaires-publics-et-priv\u00e9s-dans-le-domaine-de-l\u2019eau-Jean-MASSOT.pdf\">Contractual procedures in public-private partnership in the water domain Jean MASSOT<\/a><\/p>\n<p><a href=\"http:\/\/upravnopravnidani.pravst.unist.hr\/wp-content\/uploads\/2020\/05\/7.-O-hrvatskom-\u2018kopernikanskom-obratu\u2019-u-uredjivanju-koncesioniranja-glasom-Zakona-od-god.-2008.-Branko-BABAC.pdf\">On the Croatian \u2018Copernican revolution\u2019 in regulating gaining concessions by law since 2008 Branko BABAC<\/a><\/p>\n<p><a href=\"http:\/\/upravnopravnidani.pravst.unist.hr\/wp-content\/uploads\/2020\/05\/8.-Les-proc\u00e9d\u00e9s-contractuels-entre-partenaires-publics-les-contrats-entre-l\u2019Etat-et-les-collectivit\u00e9s-territoriales-Marc-GJIDARA.pdf\">Contract procedures for public-private partnership among public partners: contracts between the government and local communities Marc GJIDARA<\/a><\/p>\n<p><a href=\"http:\/\/upravnopravnidani.pravst.unist.hr\/wp-content\/uploads\/2020\/05\/9.-Francuski-primjer-planskih-ugovora-izme\u0111u-dr\u017eave-i-regije-razvoj-i-prakti\u010dne-pouke-Neven-\u0160IMAC.pdf\">French example of planned contracts between state and regions : development and practical teachings Neven \u0160IMAC<\/a><\/p>\n<p><a href=\"http:\/\/upravnopravnidani.pravst.unist.hr\/wp-content\/uploads\/2020\/05\/10.-Pravna-narav-ugovora-o-koncesiji-Marko-\u0160IKI\u0106-Frane-STANI\u010cI\u0106.pdf\">Legal nature of concessional contracts Marko \u0160IKI\u0106, Frane STANI\u010cI\u0106<\/a><\/p>\n<p><a href=\"http:\/\/upravnopravnidani.pravst.unist.hr\/wp-content\/uploads\/2020\/05\/11.-Upravna-za\u0161tita-sudionika-u-postupku-javne-nabave-u-hrvatskom-pravu-Dragan-MEDVEDOVIC.pdf\">Administrative protection of parties to public procurement procedure in Croatian law Dragan MEDVEDOVI\u0106<\/a><\/p>\n<p><a href=\"http:\/\/upravnopravnidani.pravst.unist.hr\/wp-content\/uploads\/2020\/05\/12.-Les-contrats-et-marches-publics-aspects-comparatifs-et-europeens-M.-Nicolas-BOULOUIS.pdf\">Administrative-court control of legality of public contracts and public procurement Nicolas BOULOUIS<\/a><\/p>\n\n\t\t<\/div>\n\t<\/div>\n<\/div><\/div><\/div><div class=\"wpb_column vc_column_container vc_col-sm-4\"><div class=\"vc_column-inner\"><div class=\"wpb_wrapper\"><\/div><\/div><\/div><\/div><div data-vc-full-width=\"true\" data-vc-full-width-init=\"false\" class=\"vc_row wpb_row vc_row-fluid vc_custom_1575399465927 vc_row-has-fill\"><div class=\"wpb_column vc_column_container vc_col-sm-12 vc_col-has-fill\"><div class=\"vc_column-inner vc_custom_1575399499107\"><div class=\"wpb_wrapper\"><div id=\"ultimate-heading-369769ef35b180e2a\" class=\"uvc-heading ult-adjust-bottom-margin ultimate-heading-369769ef35b180e2a uvc-85  uvc-heading-default-font-sizes\" data-hspacer=\"no_spacer\"  data-halign=\"center\" style=\"text-align:center\"><div class=\"uvc-heading-spacer no_spacer\" style=\"top\"><\/div><div class=\"uvc-main-heading ult-responsive\"  data-ultimate-target='.uvc-heading.ultimate-heading-369769ef35b180e2a h3'  data-responsive-json-new='{\"font-size\":\"\",\"line-height\":\"\"}' ><h3 style=\"font-weight:bold;margin-bottom:20px;\">Croatian-French Days of Administrative Law<\/h3><\/div><div class=\"uvc-sub-heading ult-responsive\"  data-ultimate-target='.uvc-heading.ultimate-heading-369769ef35b180e2a .uvc-sub-heading '  data-responsive-json-new='{\"font-size\":\"desktop:20px;\",\"line-height\":\"desktop:30px;\"}'  style=\"font-weight:normal;color:#148ba9;\">Telephone : <span style=\"color: #222222;\">021 393 555<\/span><br \/>\nEmail : <span style=\"color: #222222;\">upravnopravnidani@pravst.hr<\/span><\/div><\/div><\/div><\/div><\/div><\/div><div class=\"vc_row-full-width vc_clearfix\"><\/div>","protected":false},"excerpt":{"rendered":"<p>Split, 25. i 26. listopada 2010.Javni ugovori i javna nabava : usporedni i europski aspekti Ugovorno pravo i europski aspekti Jean-Louis DEWOST Hrvatsko pravo javne nabave \u2013 uskla\u0111ivanje s pravom EU Boris LJUBANOVI\u0106, Bosiljka BRITVI\u0106 VETMA Aktualna pitanja pravnog ure\u0111enja upravnih ugovora u hrvatskom pravu Damir AVIANI, Dario \u0110ER\u0110A Konkurencija i pristup javnoj narud\u017ebi Didier&hellip;<\/p>","protected":false},"author":1,"featured_media":0,"parent":3918,"menu_order":0,"comment_status":"closed","ping_status":"closed","template":"","meta":[],"_links":{"self":[{"href":"https:\/\/upravnopravnidani.pravst.unist.hr\/en\/wp-json\/wp\/v2\/pages\/3995"}],"collection":[{"href":"https:\/\/upravnopravnidani.pravst.unist.hr\/en\/wp-json\/wp\/v2\/pages"}],"about":[{"href":"https:\/\/upravnopravnidani.pravst.unist.hr\/en\/wp-json\/wp\/v2\/types\/page"}],"author":[{"embeddable":true,"href":"https:\/\/upravnopravnidani.pravst.unist.hr\/en\/wp-json\/wp\/v2\/users\/1"}],"replies":[{"embeddable":true,"href":"https:\/\/upravnopravnidani.pravst.unist.hr\/en\/wp-json\/wp\/v2\/comments?post=3995"}],"version-history":[{"count":3,"href":"https:\/\/upravnopravnidani.pravst.unist.hr\/en\/wp-json\/wp\/v2\/pages\/3995\/revisions"}],"predecessor-version":[{"id":5024,"href":"https:\/\/upravnopravnidani.pravst.unist.hr\/en\/wp-json\/wp\/v2\/pages\/3995\/revisions\/5024"}],"up":[{"embeddable":true,"href":"https:\/\/upravnopravnidani.pravst.unist.hr\/en\/wp-json\/wp\/v2\/pages\/3918"}],"wp:attachment":[{"href":"https:\/\/upravnopravnidani.pravst.unist.hr\/en\/wp-json\/wp\/v2\/media?parent=3995"}],"curies":[{"name":"wp","href":"https:\/\/api.w.org\/{rel}","templated":true}]}}