{"id":4045,"date":"2020-05-17T14:12:36","date_gmt":"2020-05-17T14:12:36","guid":{"rendered":"http:\/\/upravnopravnidani.pravst.unist.hr\/?page_id=4045"},"modified":"2020-07-13T10:00:34","modified_gmt":"2020-07-13T10:00:34","slug":"2013-2","status":"publish","type":"page","link":"https:\/\/upravnopravnidani.pravst.unist.hr\/en\/publikacije\/radovi\/2013-2\/","title":{"rendered":"2013"},"content":{"rendered":"<div class=\"vc_row wpb_row vc_row-fluid vc_custom_1589721212584\"><div class=\"wpb_column vc_column_container vc_col-sm-8\"><div class=\"vc_column-inner\"><div class=\"wpb_wrapper\"><div id=\"ultimate-heading-337869ea235275205\" class=\"uvc-heading ult-adjust-bottom-margin ultimate-heading-337869ea235275205 uvc-7525  uvc-heading-default-font-sizes\" data-hspacer=\"no_spacer\"  data-halign=\"left\" style=\"text-align:left\"><div class=\"uvc-heading-spacer no_spacer\" style=\"top\"><\/div><div class=\"uvc-main-heading ult-responsive\"  data-ultimate-target='.uvc-heading.ultimate-heading-337869ea235275205 h3'  data-responsive-json-new='{\"font-size\":\"\",\"line-height\":\"\"}' ><h3 style=\"font-weight:bold;color:#148ba9;margin-bottom:20px;\">Split, 23 - 24 September 2013.<\/h3><\/div><div class=\"uvc-sub-heading ult-responsive\"  data-ultimate-target='.uvc-heading.ultimate-heading-337869ea235275205 .uvc-sub-heading '  data-responsive-json-new='{\"font-size\":\"desktop:34px;\",\"line-height\":\"desktop:44px;\"}'  style=\"font-weight:bold;color:#222222;margin-bottom:30px;\">Changes in administrative adjudication<\/div><\/div>\n\t<div class=\"wpb_text_column wpb_content_element\" >\n\t\t<div class=\"wpb_wrapper\">\n\t\t\t<p><a href=\"https:\/\/upravnopravnidani.pravst.unist.hr\/wp-content\/uploads\/2020\/07\/1.-Novi-zakon-o-pravu-na-pristup-informacijama-\u2013-geneza-i-otvorena-pitanja-Alen-RAJKO.pdf\">New Right to Access Information Act \u2013 genesis and open questions Alen RAJKO<\/a><\/p>\n<p><a href=\"http:\/\/upravnopravnidani.pravst.unist.hr\/wp-content\/uploads\/2020\/05\/2.-Upravni-spor-protiv-postupanja-Bo\u017eidar-HORVAT.pdf\">Administrative dispute against procedure Bo\u017eidar HORVAT<\/a><\/p>\n<p><a href=\"http:\/\/upravnopravnidani.pravst.unist.hr\/wp-content\/uploads\/2020\/05\/3.-Les-principes-directeurs-du-proc\u00e8s-administratif-Daniel-GILTARD.pdf\">Basic directions in administrative court dispute Daniel GILTARD<\/a><\/p>\n<p><a href=\"http:\/\/upravnopravnidani.pravst.unist.hr\/wp-content\/uploads\/2020\/05\/4.-Sastav-suda-u-upravnom-sporu-\u2013-s-posebnim-osvrtom-na-odlu\u010divanje-suca-pojedinca-Marko-\u0160IKI\u0106-Frane-STANI\u010cI\u0106.pdf\">Court composition in administrative dispute\u2013 particular attention to individual judge decision making Marko \u0160IKI\u0106, Frane STANI\u010cI\u0106<\/a><\/p>\n<p><a href=\"http:\/\/upravnopravnidani.pravst.unist.hr\/wp-content\/uploads\/2020\/05\/5.-L\u2019ind\u00e9pendance-des-juges-en-france-\u2013-le-cas-de-la-juridiction-administrative-Daniel-CHABANOL.pdf\">Independence of administrative judges in France Daniel CHABANOL<\/a><\/p>\n<p><a href=\"http:\/\/upravnopravnidani.pravst.unist.hr\/wp-content\/uploads\/2020\/05\/6.-La-motivation-des-d\u00e9cisions-des-juridictions-administratives-JM-LEMOYNE-de-FORGES.pdf\">Administrative court judgement explanation Jean-Michel LEMOYNE de FORGES<\/a><\/p>\n<p><a href=\"http:\/\/upravnopravnidani.pravst.unist.hr\/wp-content\/uploads\/2020\/05\/7.-Kvaliteta-odluka-upravnih-sudova-Bosiljka-BRITVI\u0106-VETMA.pdf\">Quality of administrative court judgements Bosiljka BRITVI\u0106 VETMA<\/a><\/p>\n<p><a href=\"http:\/\/upravnopravnidani.pravst.unist.hr\/wp-content\/uploads\/2020\/05\/8.-\u017dalba-u-upravnom-sporu-Dario-\u0110ER\u0110A-Ante-GALI\u0106.pdf\">Appeal in administrative dispute Dario \u0110ER\u0110A, Ante GALI\u0106<\/a><\/p>\n<p><a href=\"http:\/\/upravnopravnidani.pravst.unist.hr\/wp-content\/uploads\/2020\/05\/9.-Uloga-i-nadle\u017enost-prizivnog-suca-u-upravnom-sporu-Inga-VEZMAR-BARLEK.pdf\">Role and supervision of appeal judge in administrative dispute Inga VEZMAR-BARLEK<\/a><\/p>\n<p><a href=\"http:\/\/upravnopravnidani.pravst.unist.hr\/wp-content\/uploads\/2020\/05\/10.-Le-contr\u00f4le-du-juge-d\u2019appel-en-contentieux-administratif-Marc-GJIDARA.pdf\">Supervision of appeal judge in administrative dispute Marc GJIDARA<\/a><\/p>\n<p><a href=\"http:\/\/upravnopravnidani.pravst.unist.hr\/wp-content\/uploads\/2020\/05\/11.-Normativne-mogu\u0107nosti-sudbenog-dijaloga-kao-karakteristike-transnacionalnog-konstitucionalizma-Arsen-BA\u010cI\u0106-Petar-BA\u010cI\u0106.pdf\">Normative possibilities of court dialogue as  characteristics of transnational constitutionalism Arsen BA\u010cI\u0106, Petar BA\u010cI\u0106<\/a><\/p>\n<p><a href=\"http:\/\/upravnopravnidani.pravst.unist.hr\/wp-content\/uploads\/2020\/05\/12.-Juges-nationaux-et-juges-europ\u00e9ens-Jacques-BIANCARELLI.pdf\">Nacional judges and European judges Jacques BIANCARELLI<\/a><\/p>\n<p><a href=\"http:\/\/upravnopravnidani.pravst.unist.hr\/wp-content\/uploads\/2020\/05\/13.-L\u2019autorit\u00e9-des-arr\u00eats-de-la-Cour-de-justice-de-l\u2019Union-europ\u00e9enne-Charlotte-DENIZEAU.pdf\">Authority of European Union Court of Justice judgements in internal legal order Charlotte DENIZEAU<\/a><\/p>\n\n\t\t<\/div>\n\t<\/div>\n<\/div><\/div><\/div><div class=\"wpb_column vc_column_container vc_col-sm-4\"><div class=\"vc_column-inner\"><div class=\"wpb_wrapper\"><\/div><\/div><\/div><\/div><div data-vc-full-width=\"true\" data-vc-full-width-init=\"false\" class=\"vc_row wpb_row vc_row-fluid vc_custom_1575399465927 vc_row-has-fill\"><div class=\"wpb_column vc_column_container vc_col-sm-12 vc_col-has-fill\"><div class=\"vc_column-inner vc_custom_1575399499107\"><div class=\"wpb_wrapper\"><div id=\"ultimate-heading-974569ea235275a00\" class=\"uvc-heading ult-adjust-bottom-margin ultimate-heading-974569ea235275a00 uvc-3065  uvc-heading-default-font-sizes\" data-hspacer=\"no_spacer\"  data-halign=\"center\" style=\"text-align:center\"><div class=\"uvc-heading-spacer no_spacer\" style=\"top\"><\/div><div class=\"uvc-main-heading ult-responsive\"  data-ultimate-target='.uvc-heading.ultimate-heading-974569ea235275a00 h3'  data-responsive-json-new='{\"font-size\":\"\",\"line-height\":\"\"}' ><h3 style=\"font-weight:bold;margin-bottom:20px;\">Croatian-French Days of Administrative Law<\/h3><\/div><div class=\"uvc-sub-heading ult-responsive\"  data-ultimate-target='.uvc-heading.ultimate-heading-974569ea235275a00 .uvc-sub-heading '  data-responsive-json-new='{\"font-size\":\"desktop:20px;\",\"line-height\":\"desktop:30px;\"}'  style=\"font-weight:normal;color:#148ba9;\">Telephone : <span style=\"color: #222222;\">021 393 555<\/span><br \/>\nEmail : <span style=\"color: #222222;\">upravnopravnidani@pravst.hr<\/span><\/div><\/div><\/div><\/div><\/div><\/div><div class=\"vc_row-full-width vc_clearfix\"><\/div>","protected":false},"excerpt":{"rendered":"<p>Split, 23. i 24. rujna 2013.Promjene u upravnom sudovanju Novi Zakon o pravu na pristup informacijama \u2013 geneza i otvorena pitanja Alen RAJKO Upravni spor protiv postupanja Bo\u017eidar HORVAT Osnovne odrednice upravnog sudskog spora Daniel GILTARD Sastav suda u upravnom sporu \u2013 s posebnim osvrtom na odlu\u010divanje suca pojedinca Marko \u0160IKI\u0106, Frane STANI\u010cI\u0106 Nezavisnost upravnih&hellip;<\/p>","protected":false},"author":1,"featured_media":0,"parent":3918,"menu_order":0,"comment_status":"closed","ping_status":"closed","template":"","meta":[],"_links":{"self":[{"href":"https:\/\/upravnopravnidani.pravst.unist.hr\/en\/wp-json\/wp\/v2\/pages\/4045"}],"collection":[{"href":"https:\/\/upravnopravnidani.pravst.unist.hr\/en\/wp-json\/wp\/v2\/pages"}],"about":[{"href":"https:\/\/upravnopravnidani.pravst.unist.hr\/en\/wp-json\/wp\/v2\/types\/page"}],"author":[{"embeddable":true,"href":"https:\/\/upravnopravnidani.pravst.unist.hr\/en\/wp-json\/wp\/v2\/users\/1"}],"replies":[{"embeddable":true,"href":"https:\/\/upravnopravnidani.pravst.unist.hr\/en\/wp-json\/wp\/v2\/comments?post=4045"}],"version-history":[{"count":3,"href":"https:\/\/upravnopravnidani.pravst.unist.hr\/en\/wp-json\/wp\/v2\/pages\/4045\/revisions"}],"predecessor-version":[{"id":5036,"href":"https:\/\/upravnopravnidani.pravst.unist.hr\/en\/wp-json\/wp\/v2\/pages\/4045\/revisions\/5036"}],"up":[{"embeddable":true,"href":"https:\/\/upravnopravnidani.pravst.unist.hr\/en\/wp-json\/wp\/v2\/pages\/3918"}],"wp:attachment":[{"href":"https:\/\/upravnopravnidani.pravst.unist.hr\/en\/wp-json\/wp\/v2\/media?parent=4045"}],"curies":[{"name":"wp","href":"https:\/\/api.w.org\/{rel}","templated":true}]}}