{"id":4061,"date":"2020-05-17T15:42:21","date_gmt":"2020-05-17T15:42:21","guid":{"rendered":"http:\/\/upravnopravnidani.pravst.unist.hr\/?page_id=4061"},"modified":"2020-07-13T12:22:24","modified_gmt":"2020-07-13T12:22:24","slug":"2014-2","status":"publish","type":"page","link":"https:\/\/upravnopravnidani.pravst.unist.hr\/en\/publikacije\/radovi\/2014-2\/","title":{"rendered":"2014"},"content":{"rendered":"<div class=\"vc_row wpb_row vc_row-fluid vc_custom_1589730119562 vc_row-o-content-middle vc_row-flex\"><div class=\"wpb_column vc_column_container vc_col-sm-12\"><div class=\"vc_column-inner\"><div class=\"wpb_wrapper\"><div class=\"vc_row wpb_row vc_inner vc_row-fluid vc_row-o-equal-height vc_row-o-content-middle vc_row-flex\"><div class=\"wpb_column vc_column_container vc_col-sm-8\"><div class=\"vc_column-inner vc_custom_1575390506246\"><div class=\"wpb_wrapper\"><div id=\"ultimate-heading-177469ea4f708af59\" class=\"uvc-heading ult-adjust-bottom-margin ultimate-heading-177469ea4f708af59 uvc-1440  uvc-heading-default-font-sizes\" data-hspacer=\"no_spacer\"  data-halign=\"left\" style=\"text-align:left\"><div class=\"uvc-heading-spacer no_spacer\" style=\"top\"><\/div><div class=\"uvc-main-heading ult-responsive\"  data-ultimate-target='.uvc-heading.ultimate-heading-177469ea4f708af59 h3'  data-responsive-json-new='{\"font-size\":\"\",\"line-height\":\"\"}' ><h3 style=\"font-weight:bold;color:#148ba9;margin-bottom:20px;\">Split, 22 \u2013 23 September 2014.<\/h3><\/div><div class=\"uvc-sub-heading ult-responsive\"  data-ultimate-target='.uvc-heading.ultimate-heading-177469ea4f708af59 .uvc-sub-heading '  data-responsive-json-new='{\"font-size\":\"desktop:34px;\",\"line-height\":\"desktop:44px;\"}'  style=\"font-weight:bold;color:#222222;margin-bottom:30px;\">Execution of Administrative and Administrative Court decisions<\/div><\/div>\n\t<div class=\"wpb_text_column wpb_content_element\" >\n\t\t<div class=\"wpb_wrapper\">\n\t\t\t<p><a href=\"http:\/\/upravnopravnidani.pravst.unist.hr\/wp-content\/uploads\/2020\/05\/1.-Les-crit\u00e8res-europ\u00e9ens-d\u2019une-justice-administrative-efficace-Jerome-MICHEL.pdf\">European criteria for effective administrative adjudication J\u00e9r\u00f4me MICHEL<\/a><\/p>\n<p><a href=\"http:\/\/upravnopravnidani.pravst.unist.hr\/wp-content\/uploads\/2020\/05\/2.-Pravo-na-izvr\u0161enje-upravnosudskih-odluka-kao-jamstvo-po\u0161tenog-su\u0111enja-Marko-\u0160IKI\u0106-Lana-OFAK.pdf\">Right to execute administrative court judgements as a guarantee for a fair trial Marko \u0160IKI\u0106, Lana OFAK<\/a><\/p>\n<p><a href=\"http:\/\/upravnopravnidani.pravst.unist.hr\/wp-content\/uploads\/2020\/05\/3.-Le-droit-au-juge-et-\u00e0-un-recours-effectif-selon-la-Convention-europ\u00e9enne-de-sauvegarde-des-droits-de-l\u2019homme-et-des-libert\u00e9s-fondamentales-Art.-13-Benoit-DELAUNAY.pdf\">Right to a judge and right to effective legal remedy pursuant to the European Convention for protecting human rights and fundamental freedoms (art . 13) Beno\u00eet DELAUNAY<\/a><\/p>\n<p><a href=\"http:\/\/upravnopravnidani.pravst.unist.hr\/wp-content\/uploads\/2020\/05\/4.-Suradnja-izme\u0111u-nacionalnih-upravnih-sudova-Suda-Europske-unije-i-Europskog-suda-za-za\u0161titu-ljudskih-prava-u-izvr\u0161avanju-BRITVI\u0106-VETMA-LJUBANOVI\u0106.pdf\">Cooperation among national administrative courts, European Union Court and European Court for the protection of human rights in executing administrative court decisions after the Lisbon treaty Bosiljka BRITVI\u0106 VETMA, Boris LJUBANOVI\u0106<\/a><\/p>\n<p><a href=\"http:\/\/upravnopravnidani.pravst.unist.hr\/wp-content\/uploads\/2020\/05\/5.-Vladavina-prava-i-uloga-Ustavnog-suda-Republike-Hrvatske-u-izvr\u0161avanju-upravnih-i-upravnosudskih-odluka-Mario-JELU\u0160I\u0106-Du\u0161ka-\u0160ARIN.pdf\">Rule of law and role of the Constitutional Court of the Republic of Croatia in executing administrative and administrative court decisions Mario JELU\u0160I\u0106, Du\u0161ka \u0160ARIN<\/a><\/p>\n<p><a href=\"http:\/\/upravnopravnidani.pravst.unist.hr\/wp-content\/uploads\/2020\/05\/6.-Le-pouvoir-d\u2019appr\u00e9ciation-dans-l\u2019action-administrative-et-son-contr\u00f4le-par-le-juge-administratif-Daniel-GILTARD.pdf\">Power of evaluation of administrative effectiveness and in the supervision of the administrative judge thereof Daniel GILTARD<\/a><\/p>\n<p><a href=\"http:\/\/upravnopravnidani.pravst.unist.hr\/wp-content\/uploads\/2020\/05\/7.-U\u010dinak-vo\u0111enja-upravnog-spora-na-izvr\u0161nost-upravnih-odluka-privremene-mjere-i-odgodni-u\u010dinak-tu\u017ebe-Frane-STANI\u010cI\u0106.pdf\">Effect of an administrative court dispute on the execution of administrative decisions: temporary measures postponement effect of the lawsuit Frane STANI\u010cI\u0106<\/a><\/p>\n<p><a href=\"http:\/\/upravnopravnidani.pravst.unist.hr\/wp-content\/uploads\/2020\/05\/8.-Du-sursis-a-execution-au-refere-en-urgence-Jean-MASSOT.pdf\">From postponing execution to emergency procedure Jean MASSOT<\/a><\/p>\n<p><a href=\"http:\/\/upravnopravnidani.pravst.unist.hr\/wp-content\/uploads\/2020\/05\/9.-Razlozi-neizvr\u0161enja-odluka-upravnog-suca-i-sredstva-pravne-za\u0161tite-u-slu\u010daju-neizvr\u0161enja-Alen-RAJKO.pdf\">Reasons for not executing administrative judges' decisions and means of legal protection against non-execution Alen RAJKO<\/a><\/p>\n<p><a href=\"http:\/\/upravnopravnidani.pravst.unist.hr\/wp-content\/uploads\/2020\/05\/10.-Les-causes-d\u2019inex\u00e9cution-des-d\u00e9cisions-du-juge-administratif-et-leurs-rem\u00e8des-Marc-GJIDARA.pdf\">Reasons for non-execution administrative judges' decisions and means of legal protection in the case of non-execution Marc GJIDARA<\/a><\/p>\n<p>Fiat justitia, et pereat mundus? On executing \u201cdifficult\u201d court decisions in the process of governance or on court production and reproduction of political conflicts\u00a0 <strong>Arsen BA\u010cI\u0106, Petar BA\u010cI\u0106<\/strong><\/p>\n<p><a href=\"http:\/\/upravnopravnidani.pravst.unist.hr\/wp-content\/uploads\/2020\/05\/12.-Le-temps-du-juge-et-le-temps-de-l\u2019administration-et-de-la-soci\u00e9t\u00e9-Daniel-CHABANOL.pdf\">Judges' deadlines, public administration, and society deadlines Daniel CHABANOL<\/a><\/p>\n<p><a href=\"http:\/\/upravnopravnidani.pravst.unist.hr\/wp-content\/uploads\/2020\/05\/13.-Izvr\u0161enje-upravnosudskih-odluka-u-Hrvatskom-i-usporednom-pravu-Dario-\u0110ER\u0110A.pdf\">Executing administrative court decisions in Croatian and comparative law Dario \u0110ER\u0110A<\/a><\/p>\n<p><a href=\"http:\/\/upravnopravnidani.pravst.unist.hr\/wp-content\/uploads\/2020\/05\/14.-L\u2019ex\u00e9cution-des-jugements-dans-le-contentieux-de-la-l\u00e9galit\u00e9-\u00e9tude-de-cas-pratique-Jean-Michel-LEMOYNE-de-FORGES.pdf\">Execution of judgement in legality disputes; studying the practical case of Jean-Michel LEMOYNE de FORGES<\/a><\/p>\n<p><a href=\"http:\/\/upravnopravnidani.pravst.unist.hr\/wp-content\/uploads\/2020\/05\/15.-Upravni-spor-od-podno\u0161enja-tu\u017ebe-do-izvr\u0161enja-\u2013-sporna-pitanja-u-praksi-Bo\u017eidar-HORVAT.pdf\">Administrative dispute from filing a lawsuit to execution -disputable issues in practice Bo\u017eidar HORVAT<\/a><\/p>\n<p><a href=\"http:\/\/upravnopravnidani.pravst.unist.hr\/wp-content\/uploads\/2020\/05\/16.-Le-r\u00f4le-de-l\u2019avocat-dans-le-proc\u00e8s-administratif-\u00e9tude-de-cas-en-mati\u00e8re-de-contentieux-de-pleine-juridiction-Bruno-ODENT.pdf\">Role of the lawyer in Administrative dispute; studying a practical case in full jurisdiction dispute Bruno ODENT<\/a><\/p>\n<p><a href=\"http:\/\/upravnopravnidani.pravst.unist.hr\/wp-content\/uploads\/2020\/05\/17.-Rje\u0161avanje-sporova-iz-podru\u010dja-poreznog-prava-na-upravnim-sudovima-i-njihov-doprinos-pravnoj-sigurnosti-Hrvoje-JELIC-Kornelija-MISE-BOBINAC.pdf\">Dispute resolution in taxation law over administrative courts and their contribution to legal security Hrvoje JELI\u0106, Kornelija MI\u0160E BOBINAC<\/a><\/p>\n\n\t\t<\/div>\n\t<\/div>\n<\/div><\/div><\/div><div class=\"wpb_column vc_column_container vc_col-sm-4\"><div class=\"vc_column-inner\"><div class=\"wpb_wrapper\"><\/div><\/div><\/div><\/div><\/div><\/div><\/div><\/div><div data-vc-full-width=\"true\" data-vc-full-width-init=\"false\" class=\"vc_row wpb_row vc_row-fluid vc_custom_1575399465927 vc_row-has-fill\"><div class=\"wpb_column vc_column_container vc_col-sm-12 vc_col-has-fill\"><div class=\"vc_column-inner vc_custom_1575399499107\"><div class=\"wpb_wrapper\"><div id=\"ultimate-heading-577769ea4f708b52d\" class=\"uvc-heading ult-adjust-bottom-margin ultimate-heading-577769ea4f708b52d uvc-7010  uvc-heading-default-font-sizes\" data-hspacer=\"no_spacer\"  data-halign=\"center\" style=\"text-align:center\"><div class=\"uvc-heading-spacer no_spacer\" style=\"top\"><\/div><div class=\"uvc-main-heading ult-responsive\"  data-ultimate-target='.uvc-heading.ultimate-heading-577769ea4f708b52d h3'  data-responsive-json-new='{\"font-size\":\"\",\"line-height\":\"\"}' ><h3 style=\"font-weight:bold;margin-bottom:20px;\">Croatian-French Days of Administrative Law<\/h3><\/div><div class=\"uvc-sub-heading ult-responsive\"  data-ultimate-target='.uvc-heading.ultimate-heading-577769ea4f708b52d .uvc-sub-heading '  data-responsive-json-new='{\"font-size\":\"desktop:20px;\",\"line-height\":\"desktop:30px;\"}'  style=\"font-weight:normal;color:#148ba9;\">Telephone : <span style=\"color: #222222;\">021 393 555<\/span><br \/>\nEmail : <span style=\"color: #222222;\">upravnopravnidani@pravst.hr<\/span><\/div><\/div><\/div><\/div><\/div><\/div><div class=\"vc_row-full-width vc_clearfix\"><\/div>","protected":false},"excerpt":{"rendered":"<p>Split, 22. i 23. rujna 2014.Izvr\u0161enje upravnih i upravnosudskih odluka Europski kriteriji djelotvornog upravnog sudovanja J\u00e9r\u00f4me MICHEL Pravo na izvr\u0161enje upravnosudskih odluka kao jamstvo po\u0161tenog su\u0111enja Marko \u0160IKI\u0106, Lana OFAK Pravo na suca i pravo na djelotvoran pravni lijek prema Europskoj konvenciji za za\u0161titu ljudskih prava i temeljnih sloboda (\u010dl . 13) Beno\u00eet DELAUNAY Suradnja&hellip;<\/p>","protected":false},"author":1,"featured_media":0,"parent":3918,"menu_order":0,"comment_status":"closed","ping_status":"closed","template":"","meta":[],"_links":{"self":[{"href":"https:\/\/upravnopravnidani.pravst.unist.hr\/en\/wp-json\/wp\/v2\/pages\/4061"}],"collection":[{"href":"https:\/\/upravnopravnidani.pravst.unist.hr\/en\/wp-json\/wp\/v2\/pages"}],"about":[{"href":"https:\/\/upravnopravnidani.pravst.unist.hr\/en\/wp-json\/wp\/v2\/types\/page"}],"author":[{"embeddable":true,"href":"https:\/\/upravnopravnidani.pravst.unist.hr\/en\/wp-json\/wp\/v2\/users\/1"}],"replies":[{"embeddable":true,"href":"https:\/\/upravnopravnidani.pravst.unist.hr\/en\/wp-json\/wp\/v2\/comments?post=4061"}],"version-history":[{"count":1,"href":"https:\/\/upravnopravnidani.pravst.unist.hr\/en\/wp-json\/wp\/v2\/pages\/4061\/revisions"}],"predecessor-version":[{"id":5044,"href":"https:\/\/upravnopravnidani.pravst.unist.hr\/en\/wp-json\/wp\/v2\/pages\/4061\/revisions\/5044"}],"up":[{"embeddable":true,"href":"https:\/\/upravnopravnidani.pravst.unist.hr\/en\/wp-json\/wp\/v2\/pages\/3918"}],"wp:attachment":[{"href":"https:\/\/upravnopravnidani.pravst.unist.hr\/en\/wp-json\/wp\/v2\/media?parent=4061"}],"curies":[{"name":"wp","href":"https:\/\/api.w.org\/{rel}","templated":true}]}}