{"id":4115,"date":"2020-05-17T16:47:31","date_gmt":"2020-05-17T16:47:31","guid":{"rendered":"http:\/\/upravnopravnidani.pravst.unist.hr\/?page_id=4115"},"modified":"2020-07-13T11:15:53","modified_gmt":"2020-07-13T11:15:53","slug":"2017-2","status":"publish","type":"page","link":"https:\/\/upravnopravnidani.pravst.unist.hr\/en\/publikacije\/radovi\/2017-2\/","title":{"rendered":"2017"},"content":{"rendered":"<div class=\"vc_row wpb_row vc_row-fluid vc_custom_1575390546273 vc_row-o-content-middle vc_row-flex\"><div class=\"wpb_column vc_column_container vc_col-sm-12\"><div class=\"vc_column-inner\"><div class=\"wpb_wrapper\"><div class=\"vc_row wpb_row vc_inner vc_row-fluid vc_row-o-equal-height vc_row-o-content-middle vc_row-flex\"><div class=\"wpb_column vc_column_container vc_col-sm-8\"><div class=\"vc_column-inner vc_custom_1575390506246\"><div class=\"wpb_wrapper\"><div id=\"ultimate-heading-167469ea3fd915e9d\" class=\"uvc-heading ult-adjust-bottom-margin ultimate-heading-167469ea3fd915e9d uvc-6568  uvc-heading-default-font-sizes\" data-hspacer=\"no_spacer\"  data-halign=\"left\" style=\"text-align:left\"><div class=\"uvc-heading-spacer no_spacer\" style=\"top\"><\/div><div class=\"uvc-main-heading ult-responsive\"  data-ultimate-target='.uvc-heading.ultimate-heading-167469ea3fd915e9d h3'  data-responsive-json-new='{\"font-size\":\"\",\"line-height\":\"\"}' ><h3 style=\"font-weight:bold;color:#148ba9;margin-bottom:20px;\">Split, 14- 15 September 2017.<\/h3><\/div><div class=\"uvc-sub-heading ult-responsive\"  data-ultimate-target='.uvc-heading.ultimate-heading-167469ea3fd915e9d .uvc-sub-heading '  data-responsive-json-new='{\"font-size\":\"desktop:34px;\",\"line-height\":\"desktop:44px;\"}'  style=\"font-weight:bold;color:#222222;margin-bottom:30px;\">Work of public administration<\/div><\/div>\n\t<div class=\"wpb_text_column wpb_content_element\" >\n\t\t<div class=\"wpb_wrapper\">\n\t\t\t<p><a href=\"http:\/\/upravnopravnidani.pravst.unist.hr\/wp-content\/uploads\/2020\/05\/1.-1987-2017-ou-la-refondation-de-la-juridiction-administrative-en-France-Martine-de-BOISDEFFRE.pdf\">1987-2017 on the restoration of administrative dispute in France Martine de BOISDEFFRE<\/a><\/p>\n<p><a href=\"http:\/\/upravnopravnidani.pravst.unist.hr\/wp-content\/uploads\/2020\/05\/2.-La-conception-fran\u00e7aise-de-la-fonction-publique-Jean-Michel-LEMOYNE-de-FORGES.pdf\">French concept of public service Jean Michel LEMOYNE de FORGES<\/a><\/p>\n<p><a href=\"http:\/\/upravnopravnidani.pravst.unist.hr\/wp-content\/uploads\/2020\/05\/3.-Slu\u017ebeni\u010dki-odnosi-u-lokalnoj-i-podru\u010dnoj-regionalnoj-samoupravi-u-Hrvatskoj-\u2013-regulacija-i-otvorena-pitanja-Alen-RAJKO.pdf\">Official relations in local and regional self-government in Croatia \u2013 regulation and open questions Alen RAJKO<\/a><\/p>\n<p><a href=\"http:\/\/upravnopravnidani.pravst.unist.hr\/wp-content\/uploads\/2020\/05\/4.-Les-droits-et-obligations-du-fonctionnaire-fran\u00e7ais-Jerome-MICHEL.pdf\">Rights and Obligations of French officials J\u00e9r\u00f4me MICHEL<\/a><\/p>\n<p><a href=\"http:\/\/upravnopravnidani.pravst.unist.hr\/wp-content\/uploads\/2020\/05\/5.-Propri\u00e9t\u00e9-publique-d\u00e9limitation-et-bornage-Daniel-GILTARD.pdf\">Public ownership: limitations and delimitations Daniel GILTARD<\/a><\/p>\n<p><a href=\"http:\/\/upravnopravnidani.pravst.unist.hr\/wp-content\/uploads\/2020\/05\/6.-Razlikovanje-javnog-interesa-op\u0107eg-interesa-i-interesa-Republike-Hrvatske-u-kontekstu-javnopravnih-ograni\u010davanja-prava-vlasni\u0161tva-Frane-STANI\u010cI\u0106.pdf\">Differentiating public interest, general interest and the interests of the Republic of Croatia in the context of public law limitations of ownership Frane STANI\u010cI\u0106<\/a><\/p>\n<p><a href=\"http:\/\/upravnopravnidani.pravst.unist.hr\/wp-content\/uploads\/2020\/05\/7.-Le-Principe-dinali\u00e9nabilit\u00e9-du-domaine-public-Jacques-CAILLOSSE.pdf\">Principle of inalienability of public goods Jacques CAILLOSSE<\/a><\/p>\n<p><a href=\"http:\/\/upravnopravnidani.pravst.unist.hr\/wp-content\/uploads\/2020\/05\/8.-Radiofrekvencijski-spektar-kao-dobro-od-javnog-interesa-Bosiljka-BRITVI\u0106-VETMA-Marko-TURUDI\u0106.pdf\">Radiofrequency spectre as a good of public interest Bosiljka BRITVI\u0106 VETMA, Marko TURUDI\u0106<\/a><\/p>\n<p><a href=\"http:\/\/upravnopravnidani.pravst.unist.hr\/wp-content\/uploads\/2020\/05\/9.-Primjena-prakse-Europskog-suda-u-poreznim-stvarima-Zdenk-KOHARI\u0106.pdf\">Application of European Court practice in taxation matters Zdenk KOHARI\u0106<\/a><\/p>\n<p><a href=\"http:\/\/upravnopravnidani.pravst.unist.hr\/wp-content\/uploads\/2020\/05\/10.-Za\u0161tita-ustavnih-jamstava-poreznih-obveznika-u-poreznim-postupcima-Lana-OFAK.pdf\">Protection of constitutional guarantees of taxpayers in taxation procedures Lana OFAK<\/a><\/p>\n<p><a href=\"http:\/\/upravnopravnidani.pravst.unist.hr\/wp-content\/uploads\/2020\/05\/11.-Le-contentieux-fiscal-d\u00e9lais-de-prescription-et-pouvoirs-du-juge-Guillaume-GOULARD.pdf\">Disputes in taxation matters: statute of limitation deadlines and the power of judges Guillaume GOULARD<\/a><\/p>\n<p><a href=\"http:\/\/upravnopravnidani.pravst.unist.hr\/wp-content\/uploads\/2020\/05\/12.-Upravnopravni-pojam-zastare-s-posebnim-osvrtom-na-zastaru-u-poreznom-pravu-Nata\u0161a-\u017dUNI\u0106-KOVA\u010cEVI\u0106-Marko-\u0160IKI\u0106.pdf\">Administrative law concept of statute of limitations with particular reference to statute of limitation in taxation law Nata\u0161a \u017dUNI\u0106 KOVA\u010cEVI\u0106, Marko \u0160IKI\u0106<\/a><\/p>\n<p><a href=\"http:\/\/upravnopravnidani.pravst.unist.hr\/wp-content\/uploads\/2020\/05\/13.-Na\u010delo-gospodarskog-pristupa-\u010dinjenicama-bitnima-za-oporezivanje-Zoran-\u0160INKOVI\u0106.pdf\">Principle of an economic approach to factors important to taxation Zoran \u0160INKOVI\u0106<\/a><\/p>\n<p><a href=\"http:\/\/upravnopravnidani.pravst.unist.hr\/wp-content\/uploads\/2020\/05\/14.-Odgovornost-\u010dlanova-upravlja\u010dke-strukture-za-porezni-dug-trgova\u010dkih-dru\u0161tava-kapitala-Ratko-BRNABI\u0106-Marko-IVKO\u0160I\u0106.pdf\">Responsibility of members of administrative structures for companies' capital taxation debts Marko IVKO\u0160I\u0106, Ratko BRNABI\u0106<\/a><\/p>\n<p><a href=\"http:\/\/upravnopravnidani.pravst.unist.hr\/wp-content\/uploads\/2020\/05\/15.-Le-r\u00f4le-des-journ\u00e9es-juridiques-et-administratives-franco-croates-2007-2017-Jean-MASSOT.pdf\">Role of Croatian-French administrative law days (2007-2017) Jean MASSOT<\/a><\/p>\n\n\t\t<\/div>\n\t<\/div>\n<\/div><\/div><\/div><div class=\"wpb_column vc_column_container vc_col-sm-4\"><div class=\"vc_column-inner\"><div class=\"wpb_wrapper\"><\/div><\/div><\/div><\/div><\/div><\/div><\/div><\/div><div data-vc-full-width=\"true\" data-vc-full-width-init=\"false\" class=\"vc_row wpb_row vc_row-fluid vc_custom_1575399465927 vc_row-has-fill\"><div class=\"wpb_column vc_column_container vc_col-sm-12 vc_col-has-fill\"><div class=\"vc_column-inner vc_custom_1575399499107\"><div class=\"wpb_wrapper\"><div id=\"ultimate-heading-831169ea3fd917dd9\" class=\"uvc-heading ult-adjust-bottom-margin ultimate-heading-831169ea3fd917dd9 uvc-9032  uvc-heading-default-font-sizes\" data-hspacer=\"no_spacer\"  data-halign=\"center\" style=\"text-align:center\"><div class=\"uvc-heading-spacer no_spacer\" style=\"top\"><\/div><div class=\"uvc-main-heading ult-responsive\"  data-ultimate-target='.uvc-heading.ultimate-heading-831169ea3fd917dd9 h3'  data-responsive-json-new='{\"font-size\":\"\",\"line-height\":\"\"}' ><h3 style=\"font-weight:bold;margin-bottom:20px;\">Croatian-French Days of Administrative Law<\/h3><\/div><div class=\"uvc-sub-heading ult-responsive\"  data-ultimate-target='.uvc-heading.ultimate-heading-831169ea3fd917dd9 .uvc-sub-heading '  data-responsive-json-new='{\"font-size\":\"desktop:20px;\",\"line-height\":\"desktop:30px;\"}'  style=\"font-weight:normal;color:#148ba9;\">Telephone : <span style=\"color: #222222;\">021 393 555<\/span><br \/>\nEmail : <span style=\"color: #222222;\">upravnopravnidani@pravst.hr<\/span><\/div><\/div><\/div><\/div><\/div><\/div><div class=\"vc_row-full-width vc_clearfix\"><\/div>","protected":false},"excerpt":{"rendered":"<p>Split, 14. i 15. rujna 2017.Djelovanje javne uprave 1987-2017 ili obnova upravnog sudovanja u Francuskoj Martine de BOISDEFFRE Francuska koncepcija javnog slu\u017ebovanja Jean Michel LEMOYNE de FORGES Slu\u017ebeni\u010dki odnosi u lokalnoj i podru\u010dnoj (regionalnoj) samoupravi u Hrvatskoj \u2013 regulacija i otvorena pitanja Alen RAJKO Prava i obveze francuskog slu\u017ebenika J\u00e9r\u00f4me MICHEL Javno vlasni\u0161tvo : ograni\u010denje&hellip;<\/p>","protected":false},"author":1,"featured_media":0,"parent":3918,"menu_order":0,"comment_status":"closed","ping_status":"closed","template":"","meta":[],"_links":{"self":[{"href":"https:\/\/upravnopravnidani.pravst.unist.hr\/en\/wp-json\/wp\/v2\/pages\/4115"}],"collection":[{"href":"https:\/\/upravnopravnidani.pravst.unist.hr\/en\/wp-json\/wp\/v2\/pages"}],"about":[{"href":"https:\/\/upravnopravnidani.pravst.unist.hr\/en\/wp-json\/wp\/v2\/types\/page"}],"author":[{"embeddable":true,"href":"https:\/\/upravnopravnidani.pravst.unist.hr\/en\/wp-json\/wp\/v2\/users\/1"}],"replies":[{"embeddable":true,"href":"https:\/\/upravnopravnidani.pravst.unist.hr\/en\/wp-json\/wp\/v2\/comments?post=4115"}],"version-history":[{"count":2,"href":"https:\/\/upravnopravnidani.pravst.unist.hr\/en\/wp-json\/wp\/v2\/pages\/4115\/revisions"}],"predecessor-version":[{"id":5041,"href":"https:\/\/upravnopravnidani.pravst.unist.hr\/en\/wp-json\/wp\/v2\/pages\/4115\/revisions\/5041"}],"up":[{"embeddable":true,"href":"https:\/\/upravnopravnidani.pravst.unist.hr\/en\/wp-json\/wp\/v2\/pages\/3918"}],"wp:attachment":[{"href":"https:\/\/upravnopravnidani.pravst.unist.hr\/en\/wp-json\/wp\/v2\/media?parent=4115"}],"curies":[{"name":"wp","href":"https:\/\/api.w.org\/{rel}","templated":true}]}}