{"id":4151,"date":"2020-05-17T17:09:08","date_gmt":"2020-05-17T17:09:08","guid":{"rendered":"http:\/\/upravnopravnidani.pravst.unist.hr\/?page_id=4151"},"modified":"2021-05-17T07:51:53","modified_gmt":"2021-05-17T07:51:53","slug":"2019-2","status":"publish","type":"page","link":"https:\/\/upravnopravnidani.pravst.unist.hr\/en\/publikacije\/radovi\/2019-2\/","title":{"rendered":"2019"},"content":{"rendered":"<div class=\"vc_row wpb_row vc_row-fluid vc_custom_1575390546273 vc_row-o-content-middle vc_row-flex\"><div class=\"wpb_column vc_column_container vc_col-sm-12\"><div class=\"vc_column-inner\"><div class=\"wpb_wrapper\"><div class=\"vc_row wpb_row vc_inner vc_row-fluid vc_row-o-equal-height vc_row-o-content-middle vc_row-flex\"><div class=\"wpb_column vc_column_container vc_col-sm-8\"><div class=\"vc_column-inner vc_custom_1575390506246\"><div class=\"wpb_wrapper\"><div id=\"ultimate-heading-745169ea0f37609e6\" class=\"uvc-heading ult-adjust-bottom-margin ultimate-heading-745169ea0f37609e6 uvc-3199  uvc-heading-default-font-sizes\" data-hspacer=\"no_spacer\"  data-halign=\"left\" style=\"text-align:left\"><div class=\"uvc-heading-spacer no_spacer\" style=\"top\"><\/div><div class=\"uvc-main-heading ult-responsive\"  data-ultimate-target='.uvc-heading.ultimate-heading-745169ea0f37609e6 h3'  data-responsive-json-new='{\"font-size\":\"\",\"line-height\":\"\"}' ><h3 style=\"font-weight:bold;color:#148ba9;margin-bottom:20px;\">Split, 12 - 13 September 2019.<\/h3><\/div><div class=\"uvc-sub-heading ult-responsive\"  data-ultimate-target='.uvc-heading.ultimate-heading-745169ea0f37609e6 .uvc-sub-heading '  data-responsive-json-new='{\"font-size\":\"desktop:34px;\",\"line-height\":\"desktop:44px;\"}'  style=\"font-weight:bold;color:#222222;margin-bottom:30px;\">Meeting in 2020: Presidency of the Republic of Croatia<br \/>\nover the European Union\nImplications of European Union administration<\/div><\/div>\n\t<div class=\"wpb_text_column wpb_content_element\" >\n\t\t<div class=\"wpb_wrapper\">\n\t\t\t<p><a href=\"http:\/\/upravnopravnidani.pravst.unist.hr\/wp-content\/uploads\/2020\/05\/1.-L\u2019administration-fran\u00e7aise-et-l\u2019UE-le-r\u00f4le-de-la-repr\u00e9sentation-permanente-de-la-France-aupr\u00e8s-des-institutions-europ\u00e9ennes-Yves-DOUTRIAUX.pdf\">French administration and European role of constant French presidency in European institutions Yves DOUTRIAUX<\/a><\/p>\n<p><a href=\"http:\/\/upravnopravnidani.pravst.unist.hr\/wp-content\/uploads\/2020\/05\/2.-L\u2019administration-fran\u00e7aise-et-l\u2019Union-europ\u00e9enne-Marie-Pierre-LANORE.pdf\">French administration and the European Union Marie-Pierre LANORE<\/a><\/p>\n<p><a href=\"http:\/\/upravnopravnidani.pravst.unist.hr\/wp-content\/uploads\/2020\/05\/3.-Upravni-postupak-u-pravu-Europske-unije-kodifikacijski-izazov-Dario-\u0110ER\u0110A-Ana-JER\u010cINOVI\u0106.pdf\">Administrative procedure in European Union Law: challenge of codification Dario \u0110ER\u0110A, Ana JER\u010cINOVI\u0106<\/a><\/p>\n<p><a href=\"http:\/\/upravnopravnidani.pravst.unist.hr\/wp-content\/uploads\/2020\/05\/4.-Prilagodba-hrvatske-porezne-uprave-Europskoj-uniji-Nata\u0161a-\u017dUNI\u0106-KOVA\u010cEVI\u0106.pdf\">Adjustment of Croatian Taxation Department to the European Union Nata\u0161a \u017dUNI\u0106 \u2013 KOVA\u010cEVI\u0106<\/a><\/p>\n<p><a href=\"http:\/\/upravnopravnidani.pravst.unist.hr\/wp-content\/uploads\/2020\/05\/5.-Les-directives-europ\u00e9ennes-en-droit-interne-fran\u00e7ais-Transposer-sous-transposer-sur-transposer-Jerome-MICHEL.pdf\">Transfer, inadequate, excessive transfer J\u00e9r\u00f4me MICHEL<\/a><\/p>\n<p><a href=\"http:\/\/upravnopravnidani.pravst.unist.hr\/wp-content\/uploads\/2020\/05\/6.-L\u2019-affaire-Nicolo-Conseil-d\u2019\u00c9tat-Assembl\u00e9e-20-octobre-1989.-Analyse-d\u2019un-\u00ab-revirement-\u00bb-de-jurisprudence-Jacques-CAILLOSSE.pdf\">The Nicolo case \u2013 State Council, assembly 20 October 1989 Jacques CAILLOSSE<\/a><\/p>\n<p><a href=\"http:\/\/upravnopravnidani.pravst.unist.hr\/wp-content\/uploads\/2020\/05\/7.-Primjena-direktive-o-uslugama-u-sustavu-visokog-obrazovanja-Frane-STANI\u010cI\u0106-Bosiljka-BRITVI\u0106-VETMA.pdf\">Application of directive on services in higher education Frane STANI\u010cI\u0106, Bosiljka BRITVI\u0106 VETMA<\/a><\/p>\n<p><a href=\"http:\/\/upravnopravnidani.pravst.unist.hr\/wp-content\/uploads\/2020\/05\/8.-Google-entre-le-Conseil-d\u2019\u00c9tat-et-la-Cour-de-Justice-de-l\u2019Union-Europ\u00e9nne-Jean-Michel-LEMOYNE-de-FORGES.pdf\">Google between the State Council and European Union Court Jean Michel LEMOYNE de FORGES <\/a><\/p>\n<p><a href=\"http:\/\/upravnopravnidani.pravst.unist.hr\/wp-content\/uploads\/2020\/05\/9.-Les-enjeux-de-la-r\u00e9glementation-sur-la-conservation-des-donn\u00e9es-de-communications-\u00e9lectroniques-\u00e1-la-lumi\u00e8re-de-la-jurisprudence-de-la-cour-de-justice-Kristian-TURKALJ.pdf\">Interaction of the Croatian judiciary with the Court of the European Union Kristian TURKALJ<\/a><\/p>\n<p><a href=\"http:\/\/upravnopravnidani.pravst.unist.hr\/wp-content\/uploads\/2020\/05\/10.-La-Charte-des-droits-fondamentaux-de-l\u2019Union-europ\u00e9enne-dans-le-renvoi-pr\u00e9judiciel-en-interpr\u00e9tation-source-d\u2019un-dialogue-juridictionnel-renouvel\u00e9-Charlotte-DENIZEAU.pdf\">Administrative law interpretation of the Human Rights Charter in the context of the preceding question Charlotte DENIZEAU<\/a><\/p>\n<p><a href=\"http:\/\/upravnopravnidani.pravst.unist.hr\/wp-content\/uploads\/2020\/05\/11.-Na\u010delo-u\u010dinkovitosti-upravnog-spora-u-svjetlu-konvencijskog-prava-na-su\u0111enje-u-razumnom-roku-Sanja-OTO\u010cAN.pdf\">Principle of the effectiveness of administrative dispute in light of the convention to trial within a reasonable timeframe Sanja OTO\u010cAN<\/a><\/p>\n<p><a href=\"http:\/\/upravnopravnidani.pravst.unist.hr\/wp-content\/uploads\/2020\/05\/12.-Tu\u017eba-zbog-propusta-dono\u0161enja-op\u0107eg-akta-u-europskom-i-hrvatskom-pravu-Lana-OFAK-Marko-TURUDI\u0106.pdf\">Lawsuit for failing to pass a general act in European and Croatian law Lana OFAK, Marko TURUDI\u0106<\/a><\/p>\n\n\t\t<\/div>\n\t<\/div>\n<\/div><\/div><\/div><div class=\"wpb_column vc_column_container vc_col-sm-4\"><div class=\"vc_column-inner\"><div class=\"wpb_wrapper\"><\/div><\/div><\/div><\/div><\/div><\/div><\/div><\/div><div data-vc-full-width=\"true\" data-vc-full-width-init=\"false\" class=\"vc_row wpb_row vc_row-fluid vc_custom_1575399465927 vc_row-has-fill\"><div class=\"wpb_column vc_column_container vc_col-sm-12 vc_col-has-fill\"><div class=\"vc_column-inner vc_custom_1575399499107\"><div class=\"wpb_wrapper\"><div id=\"ultimate-heading-535669ea0f3761bf8\" class=\"uvc-heading ult-adjust-bottom-margin ultimate-heading-535669ea0f3761bf8 uvc-7089  uvc-heading-default-font-sizes\" data-hspacer=\"no_spacer\"  data-halign=\"center\" style=\"text-align:center\"><div class=\"uvc-heading-spacer no_spacer\" style=\"top\"><\/div><div class=\"uvc-main-heading ult-responsive\"  data-ultimate-target='.uvc-heading.ultimate-heading-535669ea0f3761bf8 h3'  data-responsive-json-new='{\"font-size\":\"\",\"line-height\":\"\"}' ><h3 style=\"font-weight:bold;margin-bottom:20px;\">Croatian-French Days of Administrative Law<\/h3><\/div><div class=\"uvc-sub-heading ult-responsive\"  data-ultimate-target='.uvc-heading.ultimate-heading-535669ea0f3761bf8 .uvc-sub-heading '  data-responsive-json-new='{\"font-size\":\"desktop:20px;\",\"line-height\":\"desktop:30px;\"}'  style=\"font-weight:normal;color:#148ba9;\">Telephone : <span style=\"color: #222222;\">021 393 555<\/span><br \/>\nEmail : <span style=\"color: #222222;\">upravnopravnidani@pravst.hr<\/span><\/div><\/div><\/div><\/div><\/div><\/div><div class=\"vc_row-full-width vc_clearfix\"><\/div>","protected":false},"excerpt":{"rendered":"<p>Split, 12. i 13. rujna 2019.U susret 2020 : Predsjedanje Republike Hrvatske Europskom unijom O implikacijama upravljanja Europskom unijom Francuska uprava i europska uloga stalnog predstavni\u0161tva francuske u europskim institucijama Yves DOUTRIAUX Francuska uprava i Europska unija Marie-Pierre LANORE Upravni postupak u pravu Europske unije: kodifikacijski izazov Dario \u0110ER\u0110A, Ana JER\u010cINOVI\u0106 Prilagodba hrvatske porezne uprave&hellip;<\/p>","protected":false},"author":1,"featured_media":0,"parent":3918,"menu_order":0,"comment_status":"closed","ping_status":"closed","template":"","meta":[],"_links":{"self":[{"href":"https:\/\/upravnopravnidani.pravst.unist.hr\/en\/wp-json\/wp\/v2\/pages\/4151"}],"collection":[{"href":"https:\/\/upravnopravnidani.pravst.unist.hr\/en\/wp-json\/wp\/v2\/pages"}],"about":[{"href":"https:\/\/upravnopravnidani.pravst.unist.hr\/en\/wp-json\/wp\/v2\/types\/page"}],"author":[{"embeddable":true,"href":"https:\/\/upravnopravnidani.pravst.unist.hr\/en\/wp-json\/wp\/v2\/users\/1"}],"replies":[{"embeddable":true,"href":"https:\/\/upravnopravnidani.pravst.unist.hr\/en\/wp-json\/wp\/v2\/comments?post=4151"}],"version-history":[{"count":3,"href":"https:\/\/upravnopravnidani.pravst.unist.hr\/en\/wp-json\/wp\/v2\/pages\/4151\/revisions"}],"predecessor-version":[{"id":5052,"href":"https:\/\/upravnopravnidani.pravst.unist.hr\/en\/wp-json\/wp\/v2\/pages\/4151\/revisions\/5052"}],"up":[{"embeddable":true,"href":"https:\/\/upravnopravnidani.pravst.unist.hr\/en\/wp-json\/wp\/v2\/pages\/3918"}],"wp:attachment":[{"href":"https:\/\/upravnopravnidani.pravst.unist.hr\/en\/wp-json\/wp\/v2\/media?parent=4151"}],"curies":[{"name":"wp","href":"https:\/\/api.w.org\/{rel}","templated":true}]}}