{"id":4759,"date":"2020-05-23T13:05:54","date_gmt":"2020-05-23T13:05:54","guid":{"rendered":"http:\/\/upravnopravnidani.pravst.unist.hr\/?page_id=4759"},"modified":"2024-07-09T14:11:03","modified_gmt":"2024-07-09T14:11:03","slug":"mjesto-odrzavanja","status":"publish","type":"page","link":"https:\/\/upravnopravnidani.pravst.unist.hr\/en\/o-konferenciji\/mjesto-odrzavanja\/","title":{"rendered":"Venue"},"content":{"rendered":"<div class=\"vc_row wpb_row vc_row-fluid vc_custom_1575461767578 vc_row-o-equal-height vc_row-flex\"><div class=\"wpb_column vc_column_container vc_col-sm-12\"><div class=\"vc_column-inner\"><div class=\"wpb_wrapper\"><div class=\"vc_row wpb_row vc_inner vc_row-fluid vc_custom_1575376546455 vc_column-gap-30 vc_row-o-equal-height vc_row-o-content-middle vc_row-flex\"><div class=\"wpb_column vc_column_container vc_col-sm-8 vc_col-has-fill\"><div class=\"vc_column-inner vc_custom_1589524886020\"><div class=\"wpb_wrapper\"><\/div><\/div><\/div><div class=\"wpb_column vc_column_container vc_col-sm-4 vc_col-has-fill\"><div class=\"vc_column-inner vc_custom_1575465601578\"><div class=\"wpb_wrapper\"><div id=\"ultimate-heading-274569e7e03793d51\" class=\"uvc-heading ult-adjust-bottom-margin ultimate-heading-274569e7e03793d51 uvc-6121\" data-hspacer=\"no_spacer\"  data-halign=\"left\" style=\"text-align:left\"><div class=\"uvc-heading-spacer no_spacer\" style=\"top\"><\/div><div class=\"uvc-sub-heading ult-responsive\"  data-ultimate-target='.uvc-heading.ultimate-heading-274569e7e03793d51 .uvc-sub-heading '  data-responsive-json-new='{\"font-size\":\"\",\"line-height\":\"\"}'  style=\"font-weight:normal;\"><strong><u>How to find Medils?<\/u><\/strong><\/p>\n<p>Mediterranean Institute of Human Science<\/p>\n<p>Me\u0161trovi\u0107evo \u0161etali\u0161te 45<br \/>\nHR \u2013 21000 Split<br \/>\nRepublic of Croatia<\/div><\/div><\/div><\/div><\/div><\/div><div class=\"vc_row wpb_row vc_inner vc_row-fluid vc_custom_1575460336872\"><div class=\"wpb_column vc_column_container vc_col-sm-6\"><div class=\"vc_column-inner vc_custom_1575403372934\"><div class=\"wpb_wrapper\"><div id=\"ultimate-heading-785969e7e03794012\" class=\"uvc-heading ult-adjust-bottom-margin ultimate-heading-785969e7e03794012 uvc-3389  uvc-heading-default-font-sizes\" data-hspacer=\"no_spacer\"  data-halign=\"left\" style=\"text-align:left\"><div class=\"uvc-heading-spacer no_spacer\" style=\"top\"><\/div><div class=\"uvc-main-heading ult-responsive\"  data-ultimate-target='.uvc-heading.ultimate-heading-785969e7e03794012 h3'  data-responsive-json-new='{\"font-size\":\"\",\"line-height\":\"\"}' ><h3 style=\"font-weight:bold;color:#3b8ced;margin-bottom:20px;\">Mediterranean Institute of Human Science<\/h3><\/div><\/div><\/div><\/div><\/div><div class=\"wpb_column vc_column_container vc_col-sm-6\"><div class=\"vc_column-inner vc_custom_1575403379152\"><div class=\"wpb_wrapper\">\n\t<div class=\"wpb_text_column wpb_content_element\" >\n\t\t<div class=\"wpb_wrapper\">\n\t\t\t<p>MedILS is situated in Southeast Europe, Croatia, on the Mediterranean, a region renowned for its geographical, climatic, and cultural characteristics.<\/p>\n<p>The Mediterranean Institute for Human Science is located in a beautiful and hidden place.<\/p>\n\n\t\t<\/div>\n\t<\/div>\n<\/div><\/div><\/div><\/div><\/div><\/div><\/div><\/div><div data-vc-full-width=\"true\" data-vc-full-width-init=\"false\" class=\"vc_row wpb_row vc_row-fluid vc_custom_1594373706703 vc_row-has-fill\"><div class=\"wpb_column vc_column_container vc_col-sm-8\"><div class=\"vc_column-inner\"><div class=\"wpb_wrapper\"><div id=\"ultimate-heading-383769e7e037948b2\" class=\"uvc-heading ult-adjust-bottom-margin ultimate-heading-383769e7e037948b2 uvc-8811  uvc-heading-default-font-sizes\" data-hspacer=\"no_spacer\"  data-halign=\"left\" style=\"text-align:left\"><div class=\"uvc-heading-spacer no_spacer\" style=\"top\"><\/div><div class=\"uvc-main-heading ult-responsive\"  data-ultimate-target='.uvc-heading.ultimate-heading-383769e7e037948b2 h4'  data-responsive-json-new='{\"font-size\":\"\",\"line-height\":\"\"}' ><h4 style=\"font-weight:bold;color:rgba(255,255,255,0.5);margin-bottom:20px;\">Croatian-French Days of Administrative Law<\/h4><\/div><div class=\"uvc-sub-heading ult-responsive\"  data-ultimate-target='.uvc-heading.ultimate-heading-383769e7e037948b2 .uvc-sub-heading '  data-responsive-json-new='{\"font-size\":\"desktop:34px;\",\"line-height\":\"desktop:44px;\"}'  style=\"font-weight:bold;color:#ffffff;\"><strong>Split, 19 and 20 September 2024.<\/strong><\/div><\/div><\/div><\/div><\/div><div class=\"wpb_column vc_column_container vc_col-sm-4\"><div class=\"vc_column-inner\"><div class=\"wpb_wrapper\"><div id=\"ultimate-heading-425869e7e03794a9c\" class=\"uvc-heading ult-adjust-bottom-margin ultimate-heading-425869e7e03794a9c uvc-8556\" data-hspacer=\"no_spacer\"  data-halign=\"center\" style=\"text-align:center\"><div class=\"uvc-heading-spacer no_spacer\" style=\"top\"><\/div><div class=\"uvc-main-heading ult-responsive\"  data-ultimate-target='.uvc-heading.ultimate-heading-425869e7e03794a9c h2'  data-responsive-json-new='{\"font-size\":\"desktop:24px;\",\"line-height\":\"desktop:34px;\"}' ><h2 style=\"font-weight:bold;color:#ffffff;\">021 393 555<\/h2><\/div><div class=\"uvc-sub-heading ult-responsive\"  data-ultimate-target='.uvc-heading.ultimate-heading-425869e7e03794a9c .uvc-sub-heading '  data-responsive-json-new='{\"font-size\":\"desktop:20px;\",\"line-height\":\"desktop:30px;\"}'  style=\"font-weight:normal;color:#ffffff;margin-bottom:30px;\">upravnopravnidani@pravst.hr<\/div><\/div><style type=\"text\/css\" data-type=\"the7_shortcodes-inline-css\">#default-btn-a6a2c0d9d58d945f4f7527578e56f5f0 {\n  border-radius: 100px;\n  font-size: 16px;\n  line-height: 18px;\n}\n.btn-shadow#default-btn-a6a2c0d9d58d945f4f7527578e56f5f0 {\n  box-shadow: 0 1px 6px rgba(0,0,0,0.12);\n  transition: box-shadow 0.2s ease-out, opacity 0.45s;\n}\n.btn-shadow#default-btn-a6a2c0d9d58d945f4f7527578e56f5f0:hover {\n  box-shadow: 0 5px 11px 0 rgba(0,0,0,0.18), 0 4px 15px 0 rgba(0,0,0,0.15);\n}\n.btn-3d#default-btn-a6a2c0d9d58d945f4f7527578e56f5f0:hover {\n  box-shadow: 0px 2px 0px 0px rgba(224,224,224,0.05);\n}\n.btn-flat#default-btn-a6a2c0d9d58d945f4f7527578e56f5f0 {\n  box-shadow: none;\n}\n.btn-flat#default-btn-a6a2c0d9d58d945f4f7527578e56f5f0:hover {\n  box-shadow: none;\n}\n#default-btn-a6a2c0d9d58d945f4f7527578e56f5f0.ico-right-side > i {\n  margin-right: 0px;\n  margin-left: 8px;\n}\n#default-btn-a6a2c0d9d58d945f4f7527578e56f5f0 > i {\n  margin-right: 8px;\n  font-size: 16px;\n}\n#default-btn-a6a2c0d9d58d945f4f7527578e56f5f0:not(:hover) {\n  border-width: 3px;\n  border-color: rgba(255,255,255,0.3) !important;\n  color: #ffffff;\n  background: none !important;\n  padding: 16px 10px 16px 10px;\n}\n#default-btn-a6a2c0d9d58d945f4f7527578e56f5f0:not(:hover) * {\n  color: #ffffff;\n}\n#default-btn-a6a2c0d9d58d945f4f7527578e56f5f0:hover {\n  border-width: 3px;\n  border-color: rgba(255,255,255,0.45) !important;\n  color: #ffffff;\n  background: rgba(255,255,255,0.05) !important;\n  padding: 16px 10px 16px 10px;\n}\n#default-btn-a6a2c0d9d58d945f4f7527578e56f5f0:hover * {\n  color: #ffffff;\n}\n#default-btn-a6a2c0d9d58d945f4f7527578e56f5f0.ico-right-side > i {\n  margin-right: 0px;\n  margin-left: 8px;\n}\n#default-btn-a6a2c0d9d58d945f4f7527578e56f5f0 > i {\n  margin-right: 8px;\n}\n#default-btn-a6a2c0d9d58d945f4f7527578e56f5f0 * {\n  vertical-align: middle;\n}\n<\/style><div class=\"btn-align-center\"><a href=\"mailto:upravnopravnidani@pravst.hr\" class=\"default-btn-shortcode dt-btn link-hover-off ico-right-side btn-flat\" id=\"default-btn-a6a2c0d9d58d945f4f7527578e56f5f0\" style=\"width:240px;\"><span>Contact us<\/span><i class=\"icomoon-the7-font-the7-mail-01\"><\/i><\/a><\/div><\/div><\/div><\/div><\/div><div class=\"vc_row-full-width vc_clearfix\"><\/div>","protected":false},"excerpt":{"rendered":"<p>Kako\u00a0 na\u0107i Medils? Mediteranski institut za istra\u017eivanje \u017eivota Me\u0161trovi\u0107evo \u0161etali\u0161te 45 HR \u2013 21000 Split Republic of CroatiaMediteranski institut za istra\u017eivanje \u017eivota MedILS je smje\u0161ten u jugoisto\u010dnoj Europi, Hrvatskoj, na Mediteranu, regiji izuzetnoj po svojim zemljopisnim, klimatskom i kulturnim zna\u010dajkama. Mediteranski institut za istra\u017eivanje \u017eivota nalazi se u prekrasnom, ali skrivenom mjestu. Hrvatsko-francuski upravnopravni daniSplit,&hellip;<\/p>","protected":false},"author":1,"featured_media":0,"parent":3880,"menu_order":0,"comment_status":"closed","ping_status":"closed","template":"","meta":[],"_links":{"self":[{"href":"https:\/\/upravnopravnidani.pravst.unist.hr\/en\/wp-json\/wp\/v2\/pages\/4759"}],"collection":[{"href":"https:\/\/upravnopravnidani.pravst.unist.hr\/en\/wp-json\/wp\/v2\/pages"}],"about":[{"href":"https:\/\/upravnopravnidani.pravst.unist.hr\/en\/wp-json\/wp\/v2\/types\/page"}],"author":[{"embeddable":true,"href":"https:\/\/upravnopravnidani.pravst.unist.hr\/en\/wp-json\/wp\/v2\/users\/1"}],"replies":[{"embeddable":true,"href":"https:\/\/upravnopravnidani.pravst.unist.hr\/en\/wp-json\/wp\/v2\/comments?post=4759"}],"version-history":[{"count":8,"href":"https:\/\/upravnopravnidani.pravst.unist.hr\/en\/wp-json\/wp\/v2\/pages\/4759\/revisions"}],"predecessor-version":[{"id":4996,"href":"https:\/\/upravnopravnidani.pravst.unist.hr\/en\/wp-json\/wp\/v2\/pages\/4759\/revisions\/4996"}],"up":[{"embeddable":true,"href":"https:\/\/upravnopravnidani.pravst.unist.hr\/en\/wp-json\/wp\/v2\/pages\/3880"}],"wp:attachment":[{"href":"https:\/\/upravnopravnidani.pravst.unist.hr\/en\/wp-json\/wp\/v2\/media?parent=4759"}],"curies":[{"name":"wp","href":"https:\/\/api.w.org\/{rel}","templated":true}]}}