{"id":5218,"date":"2021-12-09T10:04:57","date_gmt":"2021-12-09T10:04:57","guid":{"rendered":"https:\/\/upravnopravnidani.pravst.unist.hr\/?page_id=5218"},"modified":"2021-12-09T10:04:57","modified_gmt":"2021-12-09T10:04:57","slug":"2021-2","status":"publish","type":"page","link":"https:\/\/upravnopravnidani.pravst.unist.hr\/en\/o-konferenciji\/audio-i-video-snimka\/2021-2\/","title":{"rendered":"2021"},"content":{"rendered":"<div class=\"vc_row wpb_row vc_row-fluid\"><div class=\"wpb_column vc_column_container vc_col-sm-12\"><div class=\"vc_column-inner\"><div class=\"wpb_wrapper\"><div id=\"ultimate-heading-725269e80a4040822\" class=\"uvc-heading ult-adjust-bottom-margin ultimate-heading-725269e80a4040822 uvc-600  uvc-heading-default-font-sizes\" data-hspacer=\"no_spacer\"  data-halign=\"center\" style=\"text-align:center\"><div class=\"uvc-heading-spacer no_spacer\" style=\"top\"><\/div><div class=\"uvc-main-heading ult-responsive\"  data-ultimate-target='.uvc-heading.ultimate-heading-725269e80a4040822 h2'  data-responsive-json-new='{\"font-size\":\"\",\"line-height\":\"\"}' ><h2 style=\"--font-weight:theme;\">2021<\/h2><\/div><div class=\"uvc-sub-heading ult-responsive\"  data-ultimate-target='.uvc-heading.ultimate-heading-725269e80a4040822 .uvc-sub-heading '  data-responsive-json-new='{\"font-size\":\"\",\"line-height\":\"\"}'  style=\"font-weight:normal;\">15th - 16th November 2021<\/div><\/div>\n\t<div class=\"wpb_text_column wpb_content_element\" >\n\t\t<div class=\"wpb_wrapper\">\n\t\t\t<div class=\"epyt-gallery\" data-currpage=\"1\" id=\"epyt_gallery_72797\"><figure class=\"wp-block-embed wp-block-embed-youtube is-type-video is-provider-youtube epyt-figure\"><div class=\"wp-block-embed__wrapper\"><div class=\"epyt-video-wrapper\"><iframe  id=\"_ytid_43901\"  width=\"1200\" height=\"675\"  data-origwidth=\"1200\" data-origheight=\"675\" src=\"https:\/\/www.youtube.com\/embed\/_ksez_tnxZw?enablejsapi=1&autoplay=0&cc_load_policy=0&cc_lang_pref=&iv_load_policy=1&loop=0&rel=0&fs=1&playsinline=0&autohide=2&theme=dark&color=red&controls=1&\" class=\"__youtube_prefs__  no-lazyload\" title=\"YouTube player\"  data-epytgalleryid=\"epyt_gallery_72797\"  allow=\"fullscreen; accelerometer; autoplay; clipboard-write; encrypted-media; gyroscope; picture-in-picture\" allowfullscreen data-no-lazy=\"1\" data-skipgform_ajax_framebjll=\"\"><\/iframe><\/div><\/div><\/figure><div class=\"epyt-gallery-list\"><div class=\"epyt-pagination\"><div tabindex=\"0\" role=\"button\" class=\"epyt-pagebutton epyt-prev  hide\" data-playlistid=\"PLNsB6Lu4Pu-UJhFhKI4uwMwBVyeN4VcJO\" data-pagesize=\"15\" data-pagetoken=\"\" data-epcolumns=\"3\" data-showtitle=\"1\" data-showpaging=\"1\" data-autonext=\"0\" data-thumbplay=\"1\"><div class=\"epyt-arrow\">&laquo;<\/div> <div>Prev<\/div><\/div><div class=\"epyt-pagenumbers hide\"><div class=\"epyt-current\">1<\/div><div class=\"epyt-pageseparator\"> \/ <\/div><div class=\"epyt-totalpages\">1<\/div><\/div><div tabindex=\"0\" role=\"button\" class=\"epyt-pagebutton epyt-next hide\" data-playlistid=\"PLNsB6Lu4Pu-UJhFhKI4uwMwBVyeN4VcJO\" data-pagesize=\"15\" data-pagetoken=\"\" data-epcolumns=\"3\" data-showtitle=\"1\" data-showpaging=\"1\" data-autonext=\"0\" data-thumbplay=\"1\"><div>Next<\/div> <div class=\"epyt-arrow\">&raquo;<\/div><\/div><div class=\"epyt-loader\"><img alt=\"loading\" width=\"16\" height=\"11\" src=\"https:\/\/upravnopravnidani.pravst.unist.hr\/wp-content\/plugins\/youtube-embed-plus\/images\/gallery-page-loader.gif\"><\/div><\/div><div class=\"epyt-gallery-allthumbs  epyt-cols-3\"><div tabindex=\"0\" role=\"button\" data-videoid=\"_ksez_tnxZw\" class=\"epyt-gallery-thumb\"><div class=\"epyt-gallery-img-box\"><div class=\"epyt-gallery-img\" style=\"background-image: url(https:\/\/i.ytimg.com\/vi\/_ksez_tnxZw\/hqdefault.jpg)\"><div class=\"epyt-gallery-playhover\"><img alt=\"play\" class=\"epyt-play-img\" width=\"30\" height=\"23\" src=\"https:\/\/upravnopravnidani.pravst.unist.hr\/wp-content\/plugins\/youtube-embed-plus\/images\/playhover.png\" data-no-lazy=\"1\" data-skipgform_ajax_framebjll=\"\" \/><div class=\"epyt-gallery-playcrutch\"><\/div><\/div><\/div><\/div><div class=\"epyt-gallery-title\">HR \/ Ivan MALENICA, Ministar pravosu\u0111a i uprave Republike Hrvatske<\/div><\/div><div tabindex=\"0\" role=\"button\" data-videoid=\"9sBvigjP3Hk\" class=\"epyt-gallery-thumb\"><div class=\"epyt-gallery-img-box\"><div class=\"epyt-gallery-img\" style=\"background-image: url(https:\/\/i.ytimg.com\/vi\/9sBvigjP3Hk\/hqdefault.jpg)\"><div class=\"epyt-gallery-playhover\"><img alt=\"play\" class=\"epyt-play-img\" width=\"30\" height=\"23\" src=\"https:\/\/upravnopravnidani.pravst.unist.hr\/wp-content\/plugins\/youtube-embed-plus\/images\/playhover.png\" data-no-lazy=\"1\" data-skipgform_ajax_framebjll=\"\" \/><div class=\"epyt-gallery-playcrutch\"><\/div><\/div><\/div><\/div><div class=\"epyt-gallery-title\">FR \/ Ivan MALENICA, Ministar pravosu\u0111a i uprave Republike Hrvatske<\/div><\/div><div tabindex=\"0\" role=\"button\" data-videoid=\"mRtM9qkt5Aw\" class=\"epyt-gallery-thumb\"><div class=\"epyt-gallery-img-box\"><div class=\"epyt-gallery-img\" style=\"background-image: url(https:\/\/i.ytimg.com\/vi\/mRtM9qkt5Aw\/hqdefault.jpg)\"><div class=\"epyt-gallery-playhover\"><img alt=\"play\" class=\"epyt-play-img\" width=\"30\" height=\"23\" src=\"https:\/\/upravnopravnidani.pravst.unist.hr\/wp-content\/plugins\/youtube-embed-plus\/images\/playhover.png\" data-no-lazy=\"1\" data-skipgform_ajax_framebjll=\"\" \/><div class=\"epyt-gallery-playcrutch\"><\/div><\/div><\/div><\/div><div class=\"epyt-gallery-title\">HR \/ Dr\u017eavni savjet, Upravni sudac, privremeno raspore\u0111en kod voditelja Dr\u017eavnog savjeta<\/div><\/div><div class=\"epyt-gallery-rowbreak\"><\/div><div tabindex=\"0\" role=\"button\" data-videoid=\"TIwDhf9Hh3w\" class=\"epyt-gallery-thumb\"><div class=\"epyt-gallery-img-box\"><div class=\"epyt-gallery-img\" style=\"background-image: url(https:\/\/i.ytimg.com\/vi\/TIwDhf9Hh3w\/hqdefault.jpg)\"><div class=\"epyt-gallery-playhover\"><img alt=\"play\" class=\"epyt-play-img\" width=\"30\" height=\"23\" src=\"https:\/\/upravnopravnidani.pravst.unist.hr\/wp-content\/plugins\/youtube-embed-plus\/images\/playhover.png\" data-no-lazy=\"1\" data-skipgform_ajax_framebjll=\"\" \/><div class=\"epyt-gallery-playcrutch\"><\/div><\/div><\/div><\/div><div class=\"epyt-gallery-title\">FR \/ Conseil d\u2019Etat, Upravni sudac, privremeno raspore\u0111en kod voditelja Dr\u017eavnog savjeta<\/div><\/div><div tabindex=\"0\" role=\"button\" data-videoid=\"IcUR0Tv22Ck\" class=\"epyt-gallery-thumb\"><div class=\"epyt-gallery-img-box\"><div class=\"epyt-gallery-img\" style=\"background-image: url(https:\/\/i.ytimg.com\/vi\/IcUR0Tv22Ck\/hqdefault.jpg)\"><div class=\"epyt-gallery-playhover\"><img alt=\"play\" class=\"epyt-play-img\" width=\"30\" height=\"23\" src=\"https:\/\/upravnopravnidani.pravst.unist.hr\/wp-content\/plugins\/youtube-embed-plus\/images\/playhover.png\" data-no-lazy=\"1\" data-skipgform_ajax_framebjll=\"\" \/><div class=\"epyt-gallery-playcrutch\"><\/div><\/div><\/div><\/div><div class=\"epyt-gallery-title\">HR \/ Philippe RANQUET, Ma\u00eetre des requ\u00eates u Dr\u017eavnom savjetu<\/div><\/div><div tabindex=\"0\" role=\"button\" data-videoid=\"NF78qooBJ50\" class=\"epyt-gallery-thumb\"><div class=\"epyt-gallery-img-box\"><div class=\"epyt-gallery-img\" style=\"background-image: url(https:\/\/i.ytimg.com\/vi\/NF78qooBJ50\/hqdefault.jpg)\"><div class=\"epyt-gallery-playhover\"><img alt=\"play\" class=\"epyt-play-img\" width=\"30\" height=\"23\" src=\"https:\/\/upravnopravnidani.pravst.unist.hr\/wp-content\/plugins\/youtube-embed-plus\/images\/playhover.png\" data-no-lazy=\"1\" data-skipgform_ajax_framebjll=\"\" \/><div class=\"epyt-gallery-playcrutch\"><\/div><\/div><\/div><\/div><div class=\"epyt-gallery-title\">FR \/ Philippe RANQUET, Ma\u00eetre des requ\u00eates u Dr\u017eavnom savjetu<\/div><\/div><div class=\"epyt-gallery-rowbreak\"><\/div><div tabindex=\"0\" role=\"button\" data-videoid=\"BvcMT7kKoGo\" class=\"epyt-gallery-thumb\"><div class=\"epyt-gallery-img-box\"><div class=\"epyt-gallery-img\" style=\"background-image: url(https:\/\/i.ytimg.com\/vi\/BvcMT7kKoGo\/hqdefault.jpg)\"><div class=\"epyt-gallery-playhover\"><img alt=\"play\" class=\"epyt-play-img\" width=\"30\" height=\"23\" src=\"https:\/\/upravnopravnidani.pravst.unist.hr\/wp-content\/plugins\/youtube-embed-plus\/images\/playhover.png\" data-no-lazy=\"1\" data-skipgform_ajax_framebjll=\"\" \/><div class=\"epyt-gallery-playcrutch\"><\/div><\/div><\/div><\/div><div class=\"epyt-gallery-title\">HR \/ Prisile i njihova ograni\u010denja u hitnim situacijama \/ Snje\u017eana BAGI\u0106 \/ Petar BA\u010cI\u0106<\/div><\/div><div tabindex=\"0\" role=\"button\" data-videoid=\"KxwB2VTT_OA\" class=\"epyt-gallery-thumb\"><div class=\"epyt-gallery-img-box\"><div class=\"epyt-gallery-img\" style=\"background-image: url(https:\/\/i.ytimg.com\/vi\/KxwB2VTT_OA\/hqdefault.jpg)\"><div class=\"epyt-gallery-playhover\"><img alt=\"play\" class=\"epyt-play-img\" width=\"30\" height=\"23\" src=\"https:\/\/upravnopravnidani.pravst.unist.hr\/wp-content\/plugins\/youtube-embed-plus\/images\/playhover.png\" data-no-lazy=\"1\" data-skipgform_ajax_framebjll=\"\" \/><div class=\"epyt-gallery-playcrutch\"><\/div><\/div><\/div><\/div><div class=\"epyt-gallery-title\">FR \/ Prisile i njihova ograni\u010denja u hitnim situacijama \/ Snje\u017eana BAGI\u0106 \/ Petar BA\u010cI\u0106<\/div><\/div><div tabindex=\"0\" role=\"button\" data-videoid=\"1k8UG7iEIB4\" class=\"epyt-gallery-thumb\"><div class=\"epyt-gallery-img-box\"><div class=\"epyt-gallery-img\" style=\"background-image: url(https:\/\/i.ytimg.com\/vi\/1k8UG7iEIB4\/hqdefault.jpg)\"><div class=\"epyt-gallery-playhover\"><img alt=\"play\" class=\"epyt-play-img\" width=\"30\" height=\"23\" src=\"https:\/\/upravnopravnidani.pravst.unist.hr\/wp-content\/plugins\/youtube-embed-plus\/images\/playhover.png\" data-no-lazy=\"1\" data-skipgform_ajax_framebjll=\"\" \/><div class=\"epyt-gallery-playcrutch\"><\/div><\/div><\/div><\/div><div class=\"epyt-gallery-title\">HR \/Ustavnopravne i upravnopravne implikacije\/M.TURUDI\u0106-B.BRITVI\u0106 VETMA\/ J.MICHEL\/A.RAJKO\/F.STANI\u010cI\u0106<\/div><\/div><div class=\"epyt-gallery-rowbreak\"><\/div><div tabindex=\"0\" role=\"button\" data-videoid=\"eEIyC5oOmRQ\" class=\"epyt-gallery-thumb\"><div class=\"epyt-gallery-img-box\"><div class=\"epyt-gallery-img\" style=\"background-image: url(https:\/\/i.ytimg.com\/vi\/eEIyC5oOmRQ\/hqdefault.jpg)\"><div class=\"epyt-gallery-playhover\"><img alt=\"play\" class=\"epyt-play-img\" width=\"30\" height=\"23\" src=\"https:\/\/upravnopravnidani.pravst.unist.hr\/wp-content\/plugins\/youtube-embed-plus\/images\/playhover.png\" data-no-lazy=\"1\" data-skipgform_ajax_framebjll=\"\" \/><div class=\"epyt-gallery-playcrutch\"><\/div><\/div><\/div><\/div><div class=\"epyt-gallery-title\">FR\/ Ustavnopravne i upravnopravne implikacije\/M.TURUDI\u0106-B.BRITVI\u0106 VETMA\/ J.MICHEL\/A.RAJKO\/F.STANI\u010cI\u0106<\/div><\/div><div tabindex=\"0\" role=\"button\" data-videoid=\"U62A7Oheao4\" class=\"epyt-gallery-thumb\"><div class=\"epyt-gallery-img-box\"><div class=\"epyt-gallery-img\" style=\"background-image: url(https:\/\/i.ytimg.com\/vi\/U62A7Oheao4\/hqdefault.jpg)\"><div class=\"epyt-gallery-playhover\"><img alt=\"play\" class=\"epyt-play-img\" width=\"30\" height=\"23\" src=\"https:\/\/upravnopravnidani.pravst.unist.hr\/wp-content\/plugins\/youtube-embed-plus\/images\/playhover.png\" data-no-lazy=\"1\" data-skipgform_ajax_framebjll=\"\" \/><div class=\"epyt-gallery-playcrutch\"><\/div><\/div><\/div><\/div><div class=\"epyt-gallery-title\">HR \/Sektorski utjecaj pandemije COVID-19 \/Ivica \u0160U\u0160AK\/Lana OFAK\/Marko IVKO\u0160I\u0106\/Nata\u0161a \u017dUNI\u0106 KOVA\u010cEVI\u0106<\/div><\/div><div tabindex=\"0\" role=\"button\" data-videoid=\"1BGf0oF2m-k\" class=\"epyt-gallery-thumb\"><div class=\"epyt-gallery-img-box\"><div class=\"epyt-gallery-img\" style=\"background-image: url(https:\/\/i.ytimg.com\/vi\/1BGf0oF2m-k\/hqdefault.jpg)\"><div class=\"epyt-gallery-playhover\"><img alt=\"play\" class=\"epyt-play-img\" width=\"30\" height=\"23\" src=\"https:\/\/upravnopravnidani.pravst.unist.hr\/wp-content\/plugins\/youtube-embed-plus\/images\/playhover.png\" data-no-lazy=\"1\" data-skipgform_ajax_framebjll=\"\" \/><div class=\"epyt-gallery-playcrutch\"><\/div><\/div><\/div><\/div><div class=\"epyt-gallery-title\">HR \/ Posredne posljedice pandemije COVID-19 \/ A. BILI\u0106 \/ B. LJUBANOVI\u0106 \/ A. \u0110ANI\u0106 \u010cEKO \/ M. PETRAK<\/div><\/div><div class=\"epyt-gallery-rowbreak\"><\/div><div class=\"epyt-gallery-clear\"><\/div><\/div><div class=\"epyt-pagination\"><div tabindex=\"0\" role=\"button\" class=\"epyt-pagebutton epyt-prev  hide\" data-playlistid=\"PLNsB6Lu4Pu-UJhFhKI4uwMwBVyeN4VcJO\" data-pagesize=\"15\" data-pagetoken=\"\" data-epcolumns=\"3\" data-showtitle=\"1\" data-showpaging=\"1\" data-autonext=\"0\" data-thumbplay=\"1\"><div class=\"epyt-arrow\">&laquo;<\/div> <div>Prev<\/div><\/div><div class=\"epyt-pagenumbers hide\"><div class=\"epyt-current\">1<\/div><div class=\"epyt-pageseparator\"> \/ <\/div><div class=\"epyt-totalpages\">1<\/div><\/div><div tabindex=\"0\" role=\"button\" class=\"epyt-pagebutton epyt-next hide\" data-playlistid=\"PLNsB6Lu4Pu-UJhFhKI4uwMwBVyeN4VcJO\" data-pagesize=\"15\" data-pagetoken=\"\" data-epcolumns=\"3\" data-showtitle=\"1\" data-showpaging=\"1\" data-autonext=\"0\" data-thumbplay=\"1\"><div>Next<\/div> <div class=\"epyt-arrow\">&raquo;<\/div><\/div><div class=\"epyt-loader\"><img alt=\"loading\" width=\"16\" height=\"11\" src=\"https:\/\/upravnopravnidani.pravst.unist.hr\/wp-content\/plugins\/youtube-embed-plus\/images\/gallery-page-loader.gif\"><\/div><\/div><\/div><\/div>\n\n\t\t<\/div>\n\t<\/div>\n<\/div><\/div><\/div><\/div>","protected":false},"excerpt":{"rendered":"<p>2021. godina15. i 16. studenog 2021 &laquo; Prev1 \/ 1Next &raquo;HR \/ Ivan MALENICA, Ministar pravosu\u0111a i uprave Republike HrvatskeFR \/ Ivan MALENICA, Ministar pravosu\u0111a i uprave Republike HrvatskeHR \/ Dr\u017eavni savjet, Upravni sudac, privremeno raspore\u0111en kod voditelja Dr\u017eavnog savjetaFR \/ Conseil d\u2019Etat, Upravni sudac, privremeno raspore\u0111en kod voditelja Dr\u017eavnog savjetaHR \/ Philippe RANQUET, Ma\u00eetre&hellip;<\/p>","protected":false},"author":1,"featured_media":0,"parent":5110,"menu_order":0,"comment_status":"closed","ping_status":"closed","template":"","meta":[],"_links":{"self":[{"href":"https:\/\/upravnopravnidani.pravst.unist.hr\/en\/wp-json\/wp\/v2\/pages\/5218"}],"collection":[{"href":"https:\/\/upravnopravnidani.pravst.unist.hr\/en\/wp-json\/wp\/v2\/pages"}],"about":[{"href":"https:\/\/upravnopravnidani.pravst.unist.hr\/en\/wp-json\/wp\/v2\/types\/page"}],"author":[{"embeddable":true,"href":"https:\/\/upravnopravnidani.pravst.unist.hr\/en\/wp-json\/wp\/v2\/users\/1"}],"replies":[{"embeddable":true,"href":"https:\/\/upravnopravnidani.pravst.unist.hr\/en\/wp-json\/wp\/v2\/comments?post=5218"}],"version-history":[{"count":1,"href":"https:\/\/upravnopravnidani.pravst.unist.hr\/en\/wp-json\/wp\/v2\/pages\/5218\/revisions"}],"predecessor-version":[{"id":5219,"href":"https:\/\/upravnopravnidani.pravst.unist.hr\/en\/wp-json\/wp\/v2\/pages\/5218\/revisions\/5219"}],"up":[{"embeddable":true,"href":"https:\/\/upravnopravnidani.pravst.unist.hr\/en\/wp-json\/wp\/v2\/pages\/5110"}],"wp:attachment":[{"href":"https:\/\/upravnopravnidani.pravst.unist.hr\/en\/wp-json\/wp\/v2\/media?parent=5218"}],"curies":[{"name":"wp","href":"https:\/\/api.w.org\/{rel}","templated":true}]}}