{"id":5273,"date":"2023-04-07T10:12:38","date_gmt":"2023-04-07T10:12:38","guid":{"rendered":"https:\/\/upravnopravnidani.pravst.unist.hr\/?page_id=5273"},"modified":"2023-04-15T16:56:04","modified_gmt":"2023-04-15T16:56:04","slug":"2021-2","status":"publish","type":"page","link":"https:\/\/upravnopravnidani.pravst.unist.hr\/en\/publikacije\/radovi\/2021-2\/","title":{"rendered":"2021"},"content":{"rendered":"<p><!-- Row Backgrounds --><div class=\"upb_bg_img\" data-ultimate-bg=\"url(https:\/\/upravnopravnidani.pravst.unist.hr\/wp-content\/uploads\/2020\/05\/test.jpg)\" data-image-id=\"id^3762|url^http:\/\/upravnopravnidani.pravst.unist.hr\/wp-content\/uploads\/2020\/05\/test.jpg|caption^null|alt^null|title^test|description^null\" data-ultimate-bg-style=\"vcpb-default\" data-bg-img-repeat=\"no-repeat\" data-bg-img-size=\"cover\" data-bg-img-position=\"\" data-parallx_sense=\"30\" data-bg-override=\"full\" data-bg_img_attach=\"scroll\" data-upb-overlay-color=\"rgba(59,140,237,0.38)\" data-upb-bg-animation=\"\" data-fadeout=\"\" data-bg-animation=\"left-animation\" data-bg-animation-type=\"h\" data-animation-repeat=\"repeat\" data-fadeout-percentage=\"30\" data-parallax-content=\"\" data-parallax-content-sense=\"30\" data-row-effect-mobile-disable=\"true\" data-img-parallax-mobile-disable=\"true\" data-rtl=\"false\"  data-custom-vc-row=\"\"  data-vc=\"6.1\"  data-is_old_vc=\"\"  data-theme-support=\"\"   data-overlay=\"true\" data-overlay-color=\"rgba(59,140,237,0.38)\" data-overlay-pattern=\"https:\/\/upravnopravnidani.pravst.unist.hr\/wp-content\/plugins\/Ultimate_VC_Addons\/assets\/images\/patterns\/01.png\" data-overlay-pattern-opacity=\"0.8\" data-overlay-pattern-size=\"\" data-overlay-pattern-attachment=\"scroll\"    ><\/div><div class=\"vc_row wpb_row vc_row-fluid vc_custom_1589721212584\"><div class=\"wpb_column vc_column_container vc_col-sm-8\"><div class=\"vc_column-inner\"><div class=\"wpb_wrapper\"><div id=\"ultimate-heading-888069ec811bb0e4e\" class=\"uvc-heading ult-adjust-bottom-margin ultimate-heading-888069ec811bb0e4e uvc-6205  uvc-heading-default-font-sizes\" data-hspacer=\"no_spacer\"  data-halign=\"left\" style=\"text-align:left\"><div class=\"uvc-heading-spacer no_spacer\" style=\"top\"><\/div><div class=\"uvc-main-heading ult-responsive\"  data-ultimate-target='.uvc-heading.ultimate-heading-888069ec811bb0e4e h3'  data-responsive-json-new='{\"font-size\":\"\",\"line-height\":\"\"}' ><h3 style=\"font-weight:bold;color:#148ba9;margin-bottom:20px;\">Split, November 15 and 16<\/h3><\/div><div class=\"uvc-sub-heading ult-responsive translation-block\"  data-ultimate-target='.uvc-heading.ultimate-heading-888069ec811bb0e4e .uvc-sub-heading '  data-responsive-json-new='{\"font-size\":\"desktop:34px;\",\"line-height\":\"desktop:44px;\"}'  style=\"font-weight:bold;color:#222222;margin-bottom:30px;\">Challenges for a system of legal rules and freedoms caused by the Covid-19 pandemic and natural disasters<\/div><\/div>\n\t<div class=\"wpb_text_column wpb_content_element\" >\n\t\t<div class=\"wpb_wrapper\">\n\t\t\t<p><a href=\"https:\/\/hrcak.srce.hr\/file\/412178\" target=\"_blank\" rel=\"noopener\">General rules of the Croatian administrative procedure and administrative dispute provided for emergencies Alen RAJKO<\/a><\/p>\n<p><a href=\"https:\/\/hrcak.srce.hr\/file\/412176\" target=\"_blank\" rel=\"noopener\">Impact of the coronavirus pandemic on environmental law Lana OFAK<\/a><\/p>\n<p><a href=\"https:\/\/hrcak.srce.hr\/file\/412173\" target=\"_blank\" rel=\"noopener\">Tax evasion and fiscal suprevision in the light of the directive on administrative cooperation (DAC) and the burden of proof in legal\npractice  Nata\u0161a \u017dUNI\u0106 KOVA\u010cEVI\u0106 i Matteo CVEN\u010cEK<\/a><\/p>\n<p><a href=\"https:\/\/hrcak.srce.hr\/file\/412170\" target=\"_blank\" rel=\"noopener\">Impact of covid certifications on the right to work and employment relations in the Republic  of Croatia  Andrijana BILI\u0106<\/a><\/p>\n<p><a href=\"https:\/\/hrcak.srce.hr\/file\/412168\" target=\"_blank\" rel=\"noopener\">(No) justification of limitations and prohibitions crossing boarder crossings under the influence of the pandemic Covid-19  Boris LJUBANOVI\u0106\ni Ana \u0110ANI\u0106 \u010cEKO<\/a><\/p>\n<p><a href=\"https:\/\/hrcak.srce.hr\/file\/412182\" target=\"_blank\" rel=\"noopener\">Legal issues related to complusory vaccination  Guillaume HALARD<\/a><\/p>\n<p><a href=\"https:\/\/hrcak.srce.hr\/file\/412188\" target=\"_blank\" rel=\"noopener\">The control of the administrative judge on the reconciliation between individual freedoms and health security  Philippe RANQUET<br \/>\nzdravstvene sigurnosti\u00a0 Philippe RANQUE<\/a><\/p>\n<p><a href=\"https:\/\/hrcak.srce.hr\/file\/412185\" target=\"_blank\" rel=\"noopener\">The public service and health crisis  J\u00e9r\u00f4me MICHEL<\/a><\/p>\n\n\t\t<\/div>\n\t<\/div>\n<\/div><\/div><\/div><div class=\"wpb_column vc_column_container vc_col-sm-4\"><div class=\"vc_column-inner\"><div class=\"wpb_wrapper\"><\/div><\/div><\/div><\/div><div data-vc-full-width=\"true\" data-vc-full-width-init=\"false\" class=\"vc_row wpb_row vc_row-fluid vc_custom_1575399465927 vc_row-has-fill\"><div class=\"wpb_column vc_column_container vc_col-sm-12 vc_col-has-fill\"><div class=\"vc_column-inner vc_custom_1575399499107\"><div class=\"wpb_wrapper\"><div id=\"ultimate-heading-511869ec811bb13ac\" class=\"uvc-heading ult-adjust-bottom-margin ultimate-heading-511869ec811bb13ac uvc-7979  uvc-heading-default-font-sizes\" data-hspacer=\"no_spacer\"  data-halign=\"center\" style=\"text-align:center\"><div class=\"uvc-heading-spacer no_spacer\" style=\"top\"><\/div><div class=\"uvc-main-heading ult-responsive\"  data-ultimate-target='.uvc-heading.ultimate-heading-511869ec811bb13ac h3'  data-responsive-json-new='{\"font-size\":\"\",\"line-height\":\"\"}' ><h3 style=\"font-weight:bold;margin-bottom:20px;\">Croatian-French Days of Administrative Law<\/h3><\/div><div class=\"uvc-sub-heading ult-responsive\"  data-ultimate-target='.uvc-heading.ultimate-heading-511869ec811bb13ac .uvc-sub-heading '  data-responsive-json-new='{\"font-size\":\"desktop:20px;\",\"line-height\":\"desktop:30px;\"}'  style=\"font-weight:normal;color:#148ba9;\">Telephone : <span style=\"color: #222222;\">021 393 555<\/span><br \/>\nEmail : <span style=\"color: #222222;\">dekanat@pravst.hr<\/span><\/div><\/div><\/div><\/div><\/div><\/div><div class=\"vc_row-full-width vc_clearfix\"><\/div>","protected":false},"excerpt":{"rendered":"<p>Split, 15. i 16. studenogIzazovi za sustav pravnih pravila i sloboda povodom pandemije Covid 19 i elementarnih nepogoda Op\u0107a pravila hrvatskoga upravnog postupka i upravnog spora predvi\u0111ena za izvanredne situacije &#8211; Alen RAJKO Utjecaj pandemije koronavirusa na pravo okoli\u0161a &#8211; Lana OFAK Porezna evazija i porezni nadzor u svjetlu Direktive o administrativnoj suradnji (DAC) i&hellip;<\/p>","protected":false},"author":1,"featured_media":0,"parent":3918,"menu_order":0,"comment_status":"closed","ping_status":"closed","template":"","meta":[],"_links":{"self":[{"href":"https:\/\/upravnopravnidani.pravst.unist.hr\/en\/wp-json\/wp\/v2\/pages\/5273"}],"collection":[{"href":"https:\/\/upravnopravnidani.pravst.unist.hr\/en\/wp-json\/wp\/v2\/pages"}],"about":[{"href":"https:\/\/upravnopravnidani.pravst.unist.hr\/en\/wp-json\/wp\/v2\/types\/page"}],"author":[{"embeddable":true,"href":"https:\/\/upravnopravnidani.pravst.unist.hr\/en\/wp-json\/wp\/v2\/users\/1"}],"replies":[{"embeddable":true,"href":"https:\/\/upravnopravnidani.pravst.unist.hr\/en\/wp-json\/wp\/v2\/comments?post=5273"}],"version-history":[{"count":6,"href":"https:\/\/upravnopravnidani.pravst.unist.hr\/en\/wp-json\/wp\/v2\/pages\/5273\/revisions"}],"predecessor-version":[{"id":5282,"href":"https:\/\/upravnopravnidani.pravst.unist.hr\/en\/wp-json\/wp\/v2\/pages\/5273\/revisions\/5282"}],"up":[{"embeddable":true,"href":"https:\/\/upravnopravnidani.pravst.unist.hr\/en\/wp-json\/wp\/v2\/pages\/3918"}],"wp:attachment":[{"href":"https:\/\/upravnopravnidani.pravst.unist.hr\/en\/wp-json\/wp\/v2\/media?parent=5273"}],"curies":[{"name":"wp","href":"https:\/\/api.w.org\/{rel}","templated":true}]}}