{"id":3921,"date":"2020-05-17T11:05:48","date_gmt":"2020-05-17T11:05:48","guid":{"rendered":"http:\/\/upravnopravnidani.pravst.unist.hr\/?page_id=3921"},"modified":"2020-07-13T13:09:17","modified_gmt":"2020-07-13T13:09:17","slug":"2007-2","status":"publish","type":"page","link":"https:\/\/upravnopravnidani.pravst.unist.hr\/fr\/publikacije\/radovi\/2007-2\/","title":{"rendered":"2007"},"content":{"rendered":"<div class=\"vc_row wpb_row vc_row-fluid vc_custom_1575390546273 vc_row-o-content-middle vc_row-flex\"><div class=\"wpb_column vc_column_container vc_col-sm-12\"><div class=\"vc_column-inner\"><div class=\"wpb_wrapper\"><div class=\"vc_row wpb_row vc_inner vc_row-fluid vc_row-o-equal-height vc_row-o-content-middle vc_row-flex\"><div class=\"wpb_column vc_column_container vc_col-sm-8\"><div class=\"vc_column-inner vc_custom_1575390506246\"><div class=\"wpb_wrapper\"><div id=\"ultimate-heading-743869ea0f437d529\" class=\"uvc-heading ult-adjust-bottom-margin ultimate-heading-743869ea0f437d529 uvc-1699  uvc-heading-default-font-sizes\" data-hspacer=\"no_spacer\"  data-halign=\"left\" style=\"text-align:left\"><div class=\"uvc-heading-spacer no_spacer\" style=\"top\"><\/div><div class=\"uvc-main-heading ult-responsive\"  data-ultimate-target='.uvc-heading.ultimate-heading-743869ea0f437d529 h3'  data-responsive-json-new='{\"font-size\":\"\",\"line-height\":\"\"}' ><h3 style=\"font-weight:bold;color:#148ba9;margin-bottom:20px;\">Split, 22-23 octobre 2007<\/h3><\/div><div class=\"uvc-sub-heading ult-responsive\"  data-ultimate-target='.uvc-heading.ultimate-heading-743869ea0f437d529 .uvc-sub-heading '  data-responsive-json-new='{\"font-size\":\"desktop:34px;\",\"line-height\":\"desktop:44px;\"}'  style=\"font-weight:bold;color:#222222;margin-bottom:30px;\">Vers l' administration moderne<br \/>\n- Traditions et Transitions -<br \/>\nL'oeuvre et l'influence du Conseil d'\u00c9tat fran\u00e7ais<\/div><\/div>\n\t<div class=\"wpb_text_column wpb_content_element\" >\n\t\t<div class=\"wpb_wrapper\">\n\t\t\t<p><a href=\"http:\/\/upravnopravnidani.pravst.unist.hr\/wp-content\/uploads\/2020\/05\/Rad-i-utjecaj-francuskog-Dr\u017eavnog-savjeta-Jean-Marc-Sauve.pdf\">L'oeuvre et l'influence du Conseil d'\u00c9tat fran\u00e7ais Jean-Marc SAUVE<\/a><\/p>\n<p><a href=\"http:\/\/upravnopravnidani.pravst.unist.hr\/wp-content\/uploads\/2020\/05\/Aspects-historiques-et-evolutions-Jean-MASSOT.pdf\">Le Conseil d'\u00c9tat et le contr\u00f4le de l'administration : aspects historiques et \u00e9volutions Jean MASSOT<\/a><\/p>\n<p><a href=\"http:\/\/upravnopravnidani.pravst.unist.hr\/wp-content\/uploads\/2020\/05\/La-Contribution-du-CONSEIL-d\u2019-ETAT-\u00e0-la-qualit\u00e9-du-droit-Jean-Louis-DEWOST.pdf\">La contribution du Conseil d'\u00c9tat \u00e0 la qualit\u00e9 du droit    Jean-Louis DEWOST<\/a><\/p>\n<p><a href=\"http:\/\/upravnopravnidani.pravst.unist.hr\/wp-content\/uploads\/2020\/05\/Upravni-spor-u-praksi-upravnog-suda-Republike-Hrvatske-Ljiljana-Karlov\u010dan-\u0110urovi\u0107-.pdf\">Le contentieux administratif dans la pratique de la Cour administrative en Croatie Ljiljana KARLOV\u010cAN \u0110UROVI\u0106<\/a><\/p>\n<p><a href=\"http:\/\/upravnopravnidani.pravst.unist.hr\/wp-content\/uploads\/2020\/05\/Le-Conseil-dEtat-face-aux-d\u00e9fis-de-la-globalisation-et-de-l\u2019int\u00e9gration-europ\u00e9enne-Jean-Louis-DEWOST.pdf\">Le Conseil d'\u00c9tat face aux d\u00e9fis actuels de la globalisation et de l'int\u00e9gration europ\u00e9enne Jean-Louis DEWOST<\/a><\/p>\n<p><a href=\"http:\/\/upravnopravnidani.pravst.unist.hr\/wp-content\/uploads\/2020\/05\/O-engleskom-nerazumijevanju-francuskog-upravnog-prava-i-Conseil-dEtata-Arsen-Bacic-1.pdf\">De \u201el'incompr\u00e9hension\u201c anglaise au sujet du droit administratif et du Conseil d'\u00c9tat fran\u00e7ais \u2013 A propos d'un \u00e9pisode historique du d\u00e9veloppement des rapports compar\u00e9 des droits constitutionnel et administratif  Arsen BA\u010cI\u0106<\/a><\/p>\n<p><a href=\"http:\/\/upravnopravnidani.pravst.unist.hr\/wp-content\/uploads\/2020\/05\/Regrutiranje-i-obrazovanje-kadrova-za-Dr\u017eavni-savjet-i-za-dr\u017eavnu-upravu-u-Francuskoj-Neven-Simac-.pdf\">La formation de cadres pour le Conseil d'\u00c9tat et l'administration d'\u00c9tat en France  Neven \u0160IMAC<\/a><\/p>\n<p><a href=\"http:\/\/upravnopravnidani.pravst.unist.hr\/wp-content\/uploads\/2020\/05\/Le-nouvel-office-du-juge-administratif-au-21-\u00e9me-si\u00e9cle-Jean-MASSOT.pdf\">Le nouvel office du juge administratif au XXI \u00e9me si\u00e9cle   Jean MASSOT<\/a><\/p>\n<p><a href=\"http:\/\/upravnopravnidani.pravst.unist.hr\/wp-content\/uploads\/2020\/05\/Primjena-pravnih-fi-kcija-u-institutu-za\u0161tite-gra\u0111ana-od-\u0161utnje-uprave-Marko-\u0160iki\u0107-.pdf\">L' utilisation des fictions juridiques dans la protection institutionnelle des citoyens face au silence de l'administration  Marko \u0160IKI\u0106<\/a><\/p>\n<p><a href=\"http:\/\/upravnopravnidani.pravst.unist.hr\/wp-content\/uploads\/2020\/05\/Le-silence-de-ladministration-effets-et-traitrment-juridiques-Marc-GJIDARA.pdf\">Le silence de l'administration publique et ses effets juridiques  Marc GJIDARA<\/a><\/p>\n<p><a href=\"http:\/\/upravnopravnidani.pravst.unist.hr\/wp-content\/uploads\/2020\/05\/Le-partenariat-public-priv\u00e9-en-France-Yves-GAUDEMET-1.pdf\">Le partenariat public-priv\u00e9 en France : une r\u00e9forme francaise  Yves GAUDEMET<\/a><\/p>\n<p><a href=\"http:\/\/upravnopravnidani.pravst.unist.hr\/wp-content\/uploads\/2020\/05\/Problematiziranje-\u2018javno-privatnoga-orta\u0161tva\u2019-u-suvislosti-uredjivanja-\u2018javne-nabave\u2019-i-\u2018koncesioniranja\u2019-predhodni-iskazi-Branko-Babac-.pdf\">La probl\u00e9matisation du partenariat public-priv\u00e9 dans l'ordonnancement des march\u00e9s publics Branko BABAC<\/a><\/p>\n<p><a href=\"http:\/\/upravnopravnidani.pravst.unist.hr\/wp-content\/uploads\/2020\/05\/Pravna-za\u0161tita-u-postupku-dodjele-javnih-ugovora-harmonizacija-hrvatskog-prava-s-Acquis-communautaire-Damir-Aviani-.pdf\">La protection juridictionnelle dans la proc\u00e9dure d'attribution des contrats publics \u2013 l'harmonisation du droit croate avec l'acquis communautaire  Damir AVIANI<\/a><\/p>\n<p><a href=\"http:\/\/upravnopravnidani.pravst.unist.hr\/wp-content\/uploads\/2020\/05\/La-protection-du-littoral-en-droit-administratif-fran\u00e7ais-Edouard-GEFFRAY.pdf\">La protection du littoral en droit administratif fran\u00e7ais   Edouard GEFFRAY<\/a><\/p>\n<p><a href=\"http:\/\/upravnopravnidani.pravst.unist.hr\/wp-content\/uploads\/2020\/05\/Uloga-i-doprinos-francuskog-Dr\u017eavnog-savjeta-u-legislativi-Petar-Bacic-.pdf\">Le r\u00f4le du Conseil d'\u00c9tat fran\u00e7ais et sa contribution au travail l\u00e9gislatif   Petar BA\u010cI\u0106<\/a><\/p>\n<p><a href=\"http:\/\/upravnopravnidani.pravst.unist.hr\/wp-content\/uploads\/2020\/05\/Razlozi-zbog-kojih-se-upravni-akt-mo\u017ee-pobijati-u-upravnom-sporu-Snje\u017eana-Pehar.pdf\">Les motifs possibles  d'annulation de l'acte administratif en contentieux administratif Snje\u017eana PEHAR<\/a><\/p>\n<p><a href=\"http:\/\/upravnopravnidani.pravst.unist.hr\/wp-content\/uploads\/2020\/05\/Europska-konvencija-za-za\u0161titu-ljudskih-prava-i-temeljnih-sloboda-\u010cl.-6-i-upravni-spor-Bosiljka-Britvi\u0107-Vetma-.pdf\">La Convention europ\u00e9enne de sauvegarde des droits de l'Homme et des libert\u00e9s fondamentales (art. 6) et le contentieux administratif  Bosiljka VETMA BRITVI\u0106<\/a><\/p>\n<p><a href=\"http:\/\/upravnopravnidani.pravst.unist.hr\/wp-content\/uploads\/2020\/05\/Pravci-reforme-institucionalnog-ustroja-upravnog-sudstva-u-Republici-Hrvatskoj-Dario-\u0110er\u0111a-.pdf\">L' orientation de la r\u00e9forme du contentieux administratif en Croatie Dario \u0110ER\u0110A<\/a><\/p>\n<p><a href=\"http:\/\/upravnopravnidani.pravst.unist.hr\/wp-content\/uploads\/2020\/05\/Aktualna-pitanja-ure\u0111enja-novog-hrvatskog-op\u0107e-upravnog-postupka-Boris-Ljubanovic-Boris-Bakota.pdf\">Questions actuelles de la r\u00e9glementation de la nouvelle proc\u00e9dure administrative croate  \nBoris LJUBANOVI\u0106, Boris BAKOTA<\/a><\/p>\n\n\t\t<\/div>\n\t<\/div>\n<\/div><\/div><\/div><div class=\"wpb_column vc_column_container vc_col-sm-4\"><div class=\"vc_column-inner\"><div class=\"wpb_wrapper\"><\/div><\/div><\/div><\/div><\/div><\/div><\/div><\/div><div data-vc-full-width=\"true\" data-vc-full-width-init=\"false\" class=\"vc_row wpb_row vc_row-fluid vc_custom_1575399465927 vc_row-has-fill\"><div class=\"wpb_column vc_column_container vc_col-sm-12 vc_col-has-fill\"><div class=\"vc_column-inner vc_custom_1575399499107\"><div class=\"wpb_wrapper\"><div id=\"ultimate-heading-969669ea0f437e40e\" class=\"uvc-heading ult-adjust-bottom-margin ultimate-heading-969669ea0f437e40e uvc-7215  uvc-heading-default-font-sizes\" data-hspacer=\"no_spacer\"  data-halign=\"center\" style=\"text-align:center\"><div class=\"uvc-heading-spacer no_spacer\" style=\"top\"><\/div><div class=\"uvc-main-heading ult-responsive\"  data-ultimate-target='.uvc-heading.ultimate-heading-969669ea0f437e40e h3'  data-responsive-json-new='{\"font-size\":\"\",\"line-height\":\"\"}' ><h3 style=\"font-weight:bold;margin-bottom:20px;\">Journ\u00e9es juridiques et administratives franco-croates<\/h3><\/div><div class=\"uvc-sub-heading ult-responsive\"  data-ultimate-target='.uvc-heading.ultimate-heading-969669ea0f437e40e .uvc-sub-heading '  data-responsive-json-new='{\"font-size\":\"desktop:20px;\",\"line-height\":\"desktop:30px;\"}'  style=\"font-weight:normal;color:#148ba9;\">T\u00e9l\u00e9phone : <span style=\"color: #222222;\">021 393 555<\/span><br \/>\nEmail : <span style=\"color: #222222;\">upravnopravnidani@pravst.hr<\/span><\/div><\/div><\/div><\/div><\/div><\/div><div class=\"vc_row-full-width vc_clearfix\"><\/div>","protected":false},"excerpt":{"rendered":"<p>Split, 22. &#8211; 23. listopada 2007.Prema suvremenoj javnoj upravi &#8211; Tradicije i tranzicije &#8211; Djelo i utjecaj francuskog Dr\u017eavnog savjeta Rad i utjecaj francuskog Dr\u017eavnog savjeta Jean-Marc SAUVE Dr\u017eavni savjet i kontrola uprave: povijesni i razvojni aspekti Jean MASSOT Doprinos Dr\u017eavnog savjeta kvaliteti prava Jean-Louis DEWOST Upravni spor u praksi Upravnog suda Hrvatske Ljiljana KARLOV\u010cAN&hellip;<\/p>","protected":false},"author":1,"featured_media":0,"parent":3918,"menu_order":0,"comment_status":"closed","ping_status":"closed","template":"","meta":[],"_links":{"self":[{"href":"https:\/\/upravnopravnidani.pravst.unist.hr\/fr\/wp-json\/wp\/v2\/pages\/3921"}],"collection":[{"href":"https:\/\/upravnopravnidani.pravst.unist.hr\/fr\/wp-json\/wp\/v2\/pages"}],"about":[{"href":"https:\/\/upravnopravnidani.pravst.unist.hr\/fr\/wp-json\/wp\/v2\/types\/page"}],"author":[{"embeddable":true,"href":"https:\/\/upravnopravnidani.pravst.unist.hr\/fr\/wp-json\/wp\/v2\/users\/1"}],"replies":[{"embeddable":true,"href":"https:\/\/upravnopravnidani.pravst.unist.hr\/fr\/wp-json\/wp\/v2\/comments?post=3921"}],"version-history":[{"count":2,"href":"https:\/\/upravnopravnidani.pravst.unist.hr\/fr\/wp-json\/wp\/v2\/pages\/3921\/revisions"}],"predecessor-version":[{"id":5051,"href":"https:\/\/upravnopravnidani.pravst.unist.hr\/fr\/wp-json\/wp\/v2\/pages\/3921\/revisions\/5051"}],"up":[{"embeddable":true,"href":"https:\/\/upravnopravnidani.pravst.unist.hr\/fr\/wp-json\/wp\/v2\/pages\/3918"}],"wp:attachment":[{"href":"https:\/\/upravnopravnidani.pravst.unist.hr\/fr\/wp-json\/wp\/v2\/media?parent=3921"}],"curies":[{"name":"wp","href":"https:\/\/api.w.org\/{rel}","templated":true}]}}