{"id":4012,"date":"2020-05-17T13:42:52","date_gmt":"2020-05-17T13:42:52","guid":{"rendered":"http:\/\/upravnopravnidani.pravst.unist.hr\/?page_id=4012"},"modified":"2020-07-13T09:22:55","modified_gmt":"2020-07-13T09:22:55","slug":"2011-2","status":"publish","type":"page","link":"https:\/\/upravnopravnidani.pravst.unist.hr\/fr\/publikacije\/radovi\/2011-2\/","title":{"rendered":"2011"},"content":{"rendered":"<div class=\"vc_row wpb_row vc_row-fluid vc_custom_1589721212584\"><div class=\"wpb_column vc_column_container vc_col-sm-8\"><div class=\"vc_column-inner\"><div class=\"wpb_wrapper\"><div id=\"ultimate-heading-632769ea0f6ec8efd\" class=\"uvc-heading ult-adjust-bottom-margin ultimate-heading-632769ea0f6ec8efd uvc-8729  uvc-heading-default-font-sizes\" data-hspacer=\"no_spacer\"  data-halign=\"left\" style=\"text-align:left\"><div class=\"uvc-heading-spacer no_spacer\" style=\"top\"><\/div><div class=\"uvc-main-heading ult-responsive\"  data-ultimate-target='.uvc-heading.ultimate-heading-632769ea0f6ec8efd h3'  data-responsive-json-new='{\"font-size\":\"\",\"line-height\":\"\"}' ><h3 style=\"font-weight:bold;color:#148ba9;margin-bottom:20px;\">Split, 10 et 11 octobre 2011<\/h3><\/div><div class=\"uvc-sub-heading ult-responsive\"  data-ultimate-target='.uvc-heading.ultimate-heading-632769ea0f6ec8efd .uvc-sub-heading '  data-responsive-json-new='{\"font-size\":\"desktop:34px;\",\"line-height\":\"desktop:44px;\"}'  style=\"font-weight:bold;color:#222222;margin-bottom:30px;\">Le juge administratif face aux enjeux europeens<\/div><\/div>\n\t<div class=\"wpb_text_column wpb_content_element\" >\n\t\t<div class=\"wpb_wrapper\">\n\t\t\t<p><a href=\"http:\/\/upravnopravnidani.pravst.unist.hr\/wp-content\/uploads\/2020\/05\/1.-Po\u0161teno-su\u0111enje-kao-temelj-suda\u010dke-etike-Boris-LJUBANOVI\u0106.pdf\">L'\u00e9thique professionnelle des juristes  Boris LJUBANOVI\u0106<\/a><\/p>\n<p><a href=\"http:\/\/upravnopravnidani.pravst.unist.hr\/wp-content\/uploads\/2020\/05\/2.-Le-juge-administratif-face-aux-droits-prot\u00e9g\u00e9s-par-la-constitution-et-le-droit-de-l\u2019Union-europ\u00e9enne-Daniel-CHABANOL.pdf\">Le juge administratif face aux droits prot\u00e9g\u00e9s par la constitution et le droit de l'Union europ\u00e9enne  Daniel CHABANOL<\/a><\/p>\n<p><a href=\"http:\/\/upravnopravnidani.pravst.unist.hr\/wp-content\/uploads\/2020\/05\/3.-Le-juge-administratif-face-aux-droits-prot\u00e9g\u00e9s-par-la-Convention-europ\u00e9enne-de-sauvegarde-des-droits-de-l\u2019homme-Jean-MASSOT.pdf\">Le juge administratif face aux droits prot\u00e9g\u00e9s par la Convention europ\u00e9enne de sauvegarde des droits de l'homme  Jean MASSOT<\/a><\/p>\n<p><a href=\"http:\/\/upravnopravnidani.pravst.unist.hr\/wp-content\/uploads\/2020\/05\/4.-Diferencijacija-propisa-i-op\u0107ih-akata-u-budu\u0107oj-praksi-Ustavnog-suda-i-Upravnog-suda-u-povodu-Zakona-o-upravnim-sporovima-2010.-Jasna-OMEJEC-Slavica-BANI\u0106.pdf\">La diff\u00e9renciation entre actes l\u00e9gislatifs et actes r\u00e9glementaires dans la pratique future des Cours constitutionnelle et administrative, d\u00e9coulant de la nouvelle loi sur le contentieux administratif)  Slavica BANI\u0106<\/a><\/p>\n<p><a href=\"http:\/\/upravnopravnidani.pravst.unist.hr\/wp-content\/uploads\/2020\/05\/5.-La-nouvelle-proc\u00e9dure-administrative-et-le-nouveau-contentieux-administratif-en-Croatie-Branko-BABAC-2.pdf\">La nouvelle proc\u00e9dure administrative et le nouveau contentieux administratif en Croatie \u2013 sur quelques implications des diff\u00e9rences dans le traitement de l'objet du litige administratif au regard du contr\u00f4le de la l\u00e9galit\u00e9 de l'action administrative  Branko BABAC<\/a><\/p>\n<p><a href=\"http:\/\/upravnopravnidani.pravst.unist.hr\/wp-content\/uploads\/2020\/05\/6.-La-responsabilit\u00e9-de-l\u2019Etat-encourue-dans-le-cadre-du-droit-de-l\u2019Union-europ\u00e9enne-Terry-OLSON.pdf\">La responsabilit\u00e9 de l\u2019\u00c9tat encourue dans le cadre du droit de l\u2019Union europ\u00e9enne  Terry OLSON<\/a><\/p>\n<p><a href=\"http:\/\/upravnopravnidani.pravst.unist.hr\/wp-content\/uploads\/2020\/05\/7.-Europski-upravni-prostor-i-europska-na\u010dela-javne-uprave-Neven-\u0160IMAC.pdf\">Espace administratif europ\u00e9en et principes europ\u00e9ens d\u2019administration publique  Neven \u0160IMAC<\/a><\/p>\n<p><a href=\"http:\/\/upravnopravnidani.pravst.unist.hr\/wp-content\/uploads\/2020\/05\/8.-La-responsabilit\u00e9-de-l\u2019Etat-encourue-dans-le-cadre-de-la-Convention-europ\u00e9enne-de-sauvegarde-des-droits-de-l\u2019homme-Emmanuel-DECAUX.pdf\">La responsabilit\u00e9 de l\u2019\u00c9tat encourue dans le cadre de la Convention europ\u00e9enne de sauvegarde des droits de l\u2019homme  Emmanuel DECAUX<\/a><\/p>\n<p><a href=\"http:\/\/upravnopravnidani.pravst.unist.hr\/wp-content\/uploads\/2020\/05\/9.-Uniformno-tuma\u010denje-i-primjena-prava-te-jedinstvenost-sudske-prakse-u-upravnom-sudovanju-Damir-AVIANI-Dario-\u0110ER\u0110A.pdf\">L'unit\u00e9 de la jurisprudence de la juridiction administrative   Damir AVIANI, Dario \u0110ER\u0110A<\/a><\/p>\n<p><a href=\"http:\/\/upravnopravnidani.pravst.unist.hr\/wp-content\/uploads\/2020\/05\/10.-Le-proc\u00e8s-\u00e9quitable-selon-la-Cour-europ\u00e9enne-des-droits-de-lhomme-et-dans-la-jurisprudence-du-Conseil-dEtat-Marc-GJIDARA.pdf\">Le proc\u00e8s \u00e9quitable selon la Cour europ\u00e9enne des droits de l'homme et dans la jurisprudence du  Conseil d'\u00c9tat  Marc GJIDARA<\/a><\/p>\n<p><a href=\"http:\/\/upravnopravnidani.pravst.unist.hr\/wp-content\/uploads\/2020\/05\/11.-Europska-konvencija-za-za\u0161titu-ljudskih-prava-\u010dlanak-6-i-Zakon-o-upravnim-sporovima-iz-2010-Bosiljka-BRITVI\u0106-VETMA.pdf\">La loi sur le contentieux administratif de 2010 et l'article 6 de la Convention europ\u00e9enne de sauvegarde des droits de l'homme  Bosiljka BRITVI\u0106 VETMA<\/a><\/p>\n<p><a href=\"http:\/\/upravnopravnidani.pravst.unist.hr\/wp-content\/uploads\/2020\/05\/12.-Obveznost-i-izvr\u0161enje-odluka-donesenih-u-upravnom-sporu-Marko-\u0160IKI\u0106.pdf\">Le caract\u00e8re obligatoire et l\u2019ex\u00e9cution des d\u00e9cisions prises en contentieux administratif  Marko \u0160IKI\u0106<\/a><\/p>\n\n\t\t<\/div>\n\t<\/div>\n<\/div><\/div><\/div><div class=\"wpb_column vc_column_container vc_col-sm-4\"><div class=\"vc_column-inner\"><div class=\"wpb_wrapper\"><\/div><\/div><\/div><\/div><div data-vc-full-width=\"true\" data-vc-full-width-init=\"false\" class=\"vc_row wpb_row vc_row-fluid vc_custom_1575399465927 vc_row-has-fill\"><div class=\"wpb_column vc_column_container vc_col-sm-12 vc_col-has-fill\"><div class=\"vc_column-inner vc_custom_1575399499107\"><div class=\"wpb_wrapper\"><div id=\"ultimate-heading-987569ea0f6ec98dd\" class=\"uvc-heading ult-adjust-bottom-margin ultimate-heading-987569ea0f6ec98dd uvc-6076  uvc-heading-default-font-sizes\" data-hspacer=\"no_spacer\"  data-halign=\"center\" style=\"text-align:center\"><div class=\"uvc-heading-spacer no_spacer\" style=\"top\"><\/div><div class=\"uvc-main-heading ult-responsive\"  data-ultimate-target='.uvc-heading.ultimate-heading-987569ea0f6ec98dd h3'  data-responsive-json-new='{\"font-size\":\"\",\"line-height\":\"\"}' ><h3 style=\"font-weight:bold;margin-bottom:20px;\">Journ\u00e9es juridiques et administratives franco-croates<\/h3><\/div><div class=\"uvc-sub-heading ult-responsive\"  data-ultimate-target='.uvc-heading.ultimate-heading-987569ea0f6ec98dd .uvc-sub-heading '  data-responsive-json-new='{\"font-size\":\"desktop:20px;\",\"line-height\":\"desktop:30px;\"}'  style=\"font-weight:normal;color:#148ba9;\">T\u00e9l\u00e9phone : <span style=\"color: #222222;\">021 393 555<\/span><br \/>\nEmail : <span style=\"color: #222222;\">upravnopravnidani@pravst.hr<\/span><\/div><\/div><\/div><\/div><\/div><\/div><div class=\"vc_row-full-width vc_clearfix\"><\/div>","protected":false},"excerpt":{"rendered":"<p>Split, 10. i 11. listopada 2011.Upravno sudstvo pred europskim izazovima Po\u0161teno su\u0111enje kao temelj suda\u010dke etike Boris LJUBANOVI\u0106 Upravni sudac i prava koja \u0161titi ustav i pravo Europske unije Daniel CHABANOL Upravni sudac i prava zajam\u010dena Europskom konvencijom za za\u0161titu ljudskih prava Jean MASSOT Diferencijacija propisa i op\u0107ih akata u budu\u0107oj praksi Ustavnog i Upravnog&hellip;<\/p>","protected":false},"author":1,"featured_media":0,"parent":3918,"menu_order":0,"comment_status":"closed","ping_status":"closed","template":"","meta":[],"_links":{"self":[{"href":"https:\/\/upravnopravnidani.pravst.unist.hr\/fr\/wp-json\/wp\/v2\/pages\/4012"}],"collection":[{"href":"https:\/\/upravnopravnidani.pravst.unist.hr\/fr\/wp-json\/wp\/v2\/pages"}],"about":[{"href":"https:\/\/upravnopravnidani.pravst.unist.hr\/fr\/wp-json\/wp\/v2\/types\/page"}],"author":[{"embeddable":true,"href":"https:\/\/upravnopravnidani.pravst.unist.hr\/fr\/wp-json\/wp\/v2\/users\/1"}],"replies":[{"embeddable":true,"href":"https:\/\/upravnopravnidani.pravst.unist.hr\/fr\/wp-json\/wp\/v2\/comments?post=4012"}],"version-history":[{"count":1,"href":"https:\/\/upravnopravnidani.pravst.unist.hr\/fr\/wp-json\/wp\/v2\/pages\/4012\/revisions"}],"predecessor-version":[{"id":5025,"href":"https:\/\/upravnopravnidani.pravst.unist.hr\/fr\/wp-json\/wp\/v2\/pages\/4012\/revisions\/5025"}],"up":[{"embeddable":true,"href":"https:\/\/upravnopravnidani.pravst.unist.hr\/fr\/wp-json\/wp\/v2\/pages\/3918"}],"wp:attachment":[{"href":"https:\/\/upravnopravnidani.pravst.unist.hr\/fr\/wp-json\/wp\/v2\/media?parent=4012"}],"curies":[{"name":"wp","href":"https:\/\/api.w.org\/{rel}","templated":true}]}}