{"id":4028,"date":"2020-05-17T14:06:49","date_gmt":"2020-05-17T14:06:49","guid":{"rendered":"http:\/\/upravnopravnidani.pravst.unist.hr\/?page_id=4028"},"modified":"2020-07-13T09:23:03","modified_gmt":"2020-07-13T09:23:03","slug":"2012-2","status":"publish","type":"page","link":"https:\/\/upravnopravnidani.pravst.unist.hr\/fr\/publikacije\/radovi\/2012-2\/","title":{"rendered":"2012"},"content":{"rendered":"<div class=\"vc_row wpb_row vc_row-fluid vc_custom_1575390546273 vc_row-o-content-middle vc_row-flex\"><div class=\"wpb_column vc_column_container vc_col-sm-12\"><div class=\"vc_column-inner\"><div class=\"wpb_wrapper\"><div class=\"vc_row wpb_row vc_inner vc_row-fluid vc_row-o-equal-height vc_row-o-content-middle vc_row-flex\"><div class=\"wpb_column vc_column_container vc_col-sm-8\"><div class=\"vc_column-inner vc_custom_1575390506246\"><div class=\"wpb_wrapper\"><div id=\"ultimate-heading-661369ea2606c2b6a\" class=\"uvc-heading ult-adjust-bottom-margin ultimate-heading-661369ea2606c2b6a uvc-6869  uvc-heading-default-font-sizes\" data-hspacer=\"no_spacer\"  data-halign=\"left\" style=\"text-align:left\"><div class=\"uvc-heading-spacer no_spacer\" style=\"top\"><\/div><div class=\"uvc-main-heading ult-responsive\"  data-ultimate-target='.uvc-heading.ultimate-heading-661369ea2606c2b6a h3'  data-responsive-json-new='{\"font-size\":\"\",\"line-height\":\"\"}' ><h3 style=\"font-weight:bold;color:#148ba9;margin-bottom:20px;\">Split, 24 et 25 septembre 2012<\/h3><\/div><div class=\"uvc-sub-heading ult-responsive\"  data-ultimate-target='.uvc-heading.ultimate-heading-661369ea2606c2b6a .uvc-sub-heading '  data-responsive-json-new='{\"font-size\":\"desktop:34px;\",\"line-height\":\"desktop:44px;\"}'  style=\"font-weight:bold;color:#222222;margin-bottom:30px;\">L'administration publique et son juge : nouveaux rapports et incidences du droit europ\u00e9enne<\/div><\/div>\n\t<div class=\"wpb_text_column wpb_content_element\" >\n\t\t<div class=\"wpb_wrapper\">\n\t\t\t<p><a href=\"http:\/\/upravnopravnidani.pravst.unist.hr\/wp-content\/uploads\/2020\/05\/1.-Ovlasti-upravnog-suca-u-sporu-pune-jurisdikcije-Bosiljka-BRITVI\u0106-VETMA-Boris-LJUBANOVI\u0106.pdf\">Les pouvoirs du juge dans le contentieux de la pleine juridiction Boris LJUBANOVI\u0106, Bosiljka BRITVI\u0106 VETMA<\/a><\/p>\n<p><a href=\"http:\/\/upravnopravnidani.pravst.unist.hr\/wp-content\/uploads\/2020\/05\/2.-Naknada-\u0161tete-u-upravnom-sporu-Jadranko-JUG-Inga-VEZMAR-BARLEK.pdf\">La r\u00e9paration du dommage en contentieux administratif  Jadranko JUG, Inga VEZMAR BARLEK<\/a><\/p>\n<p><a href=\"http:\/\/upravnopravnidani.pravst.unist.hr\/wp-content\/uploads\/2020\/05\/3.-Posebnosti-upravnih-ugovora-i-njihove-sudske-kontrole-u-hrvatskom-pravu-Damir-AVIANI.pdf\">Les particularit\u00e9s des contrats administratifs et de leur contr\u00f4le juridictionnel dans le syst\u00e8me croate  Damir AVIANI<\/a><\/p>\n<p><a href=\"http:\/\/upravnopravnidani.pravst.unist.hr\/wp-content\/uploads\/2020\/05\/4.-L\u2019\u00e9volution-du-contr\u00f4le-de-la-l\u00e9galit\u00e9-des-actes-administratifs-unilat\u00e9raux-Daniel-GILTARD.pdf\">L\u2019\u00e9volution du contr\u00f4le de la l\u00e9galit\u00e9 des actes administratifs unilat\u00e9raux  Daniel GILTARD<\/a><\/p>\n<p><a href=\"http:\/\/upravnopravnidani.pravst.unist.hr\/wp-content\/uploads\/2020\/05\/5.-Dileme-u-primjeni-novog-zakona-o-upravnim-sporovima-Lidija-ROSTA\u0160-BERO\u0160.pdf\">La nouvelle loi sur le contentieux administratif; application et dilemmes  Lidija ROSTA\u0160 \u2013 BERO\u0160<\/a><\/p>\n<p><a href=\"http:\/\/upravnopravnidani.pravst.unist.hr\/wp-content\/uploads\/2020\/05\/6.-Re\u017eim-op\u0107ih-akata-nakon-dono\u0161enja-zakona-o-upravnim-sporovima-2010.-Slavica-BANI\u0106.pdf\">L\u2019\u00e9volution du r\u00e9gime juridique des actes r\u00e9glementaires Slavica BANI\u0106<\/a><\/p>\n<p><a href=\"http:\/\/upravnopravnidani.pravst.unist.hr\/wp-content\/uploads\/2020\/05\/7.-U\u010dinak-europskih-pravnih-pravila-na-pravno-normiranje-upravnog-postupka-u-hrvatskoj-Dario-\u0110ER\u0110A.pdf\">L\u2019incidence des r\u00e8gles juridiques europ\u00e9ennes sur la proc\u00e9dure administrative croate   Dario \u0110ER\u0110A<\/a><\/p>\n<p><a href=\"http:\/\/upravnopravnidani.pravst.unist.hr\/wp-content\/uploads\/2020\/05\/8.-Les-garanties-proc\u00e9durales-d\u00e9coulant-des-regles-et-des-jurisprudences-europ\u00e9ennes-dans-l\u2019ordre-administratif-Olivier-GOHIN.pdf\">Les garanties proc\u00e9durales d\u00e9coulant des r\u00e8gles et des jurisprudences europ\u00e9ennes dans l\u2019ordre administratif  Olivier GOHIN<\/a><\/p>\n<p><a href=\"http:\/\/upravnopravnidani.pravst.unist.hr\/wp-content\/uploads\/2020\/05\/9.-Utjecaj-prakse-presuda-Europskog-suda-za-za\u0161titu-ljudskih-prava-na-upravno-sudovanje-u-Republici-Hrvatskoj-Marko-\u0160IKI\u0106.pdf\">L\u2019influence de la jurisprudence (des arr\u00eats) de la Cour europ\u00e9enne des droits de l\u2019Homme sur la juridiction administrative croate  Marko \u0160IKI\u0106<\/a><\/p>\n<p><a href=\"http:\/\/upravnopravnidani.pravst.unist.hr\/wp-content\/uploads\/2020\/05\/10.-Le-contr\u00f4le-par-le-juge-administratif-de-l\u2019application-des-directives-europ\u00e9ennes-Charlotte-DENIZEAU.pdf\">Le contr\u00f4le par le juge administratif, de l\u2019application des directives europ\u00e9ennes   Charlotte DENIZEAU<\/a><\/p>\n<p><a href=\"http:\/\/upravnopravnidani.pravst.unist.hr\/wp-content\/uploads\/2020\/05\/11.-Upravnosudski-nadzor-nad-nezavisnim-regulatornim-agencijama-aktualnosti-u-postupcima-Edita-\u010cULINOVI\u0106-HERC-Antonija-ZUBOVI\u0106.pdf\">Le contr\u00f4le juridictionnel administratif des agences de r\u00e9gulation : actualit\u00e9s proc\u00e9durales Edita \u010cULINOVI\u0106  HERC, Antonija ZUBOVI\u0106<\/a><\/p>\n<p><a href=\"http:\/\/upravnopravnidani.pravst.unist.hr\/wp-content\/uploads\/2020\/05\/12.-Le-contr\u00f4le-exerc\u00e9-par-le-juge-administratif-sur-les-autorit\u00e9s-administratives-ind\u00e9pendantes-Marc-GJIDARA.pdf\">Le contr\u00f4le exerc\u00e9 par le juge administratif sur les Autorit\u00e9s administratives ind\u00e9pendantes  Marc GJIDARA<\/a><\/p>\n<p><a href=\"http:\/\/upravnopravnidani.pravst.unist.hr\/wp-content\/uploads\/2020\/05\/13.-Europeizacija-slu\u017ebeni\u010dkog-prava-uskla\u0111ivanje-hrvatskog-zakonodavstva-s-europskim-standardima-Gordana-MAR\u010cETI\u0106-Anamarija-MUSA.pdf\">L\u2019europ\u00e9sation du droit de la fonction publique : l\u2019adaptation de la l\u00e9gislation croate aux standards europ\u00e9ens  Gordana MAR\u010cETI\u0106, Anamarija MUSA<\/a><\/p>\n<p><a href=\"http:\/\/upravnopravnidani.pravst.unist.hr\/wp-content\/uploads\/2020\/05\/14.-L\u2019incidence-du-droit-de-l\u2019Union-europ\u00e9enne-sur-la-situation-des-agents-public-Yannick-MOREAU.pdf\">L\u2019incidence du droit de l\u2019Union europ\u00e9enne sur la situation des agents publics  Yannick MOREAU<\/a><\/p>\n\n\t\t<\/div>\n\t<\/div>\n<\/div><\/div><\/div><div class=\"wpb_column vc_column_container vc_col-sm-4\"><div class=\"vc_column-inner\"><div class=\"wpb_wrapper\"><\/div><\/div><\/div><\/div><\/div><\/div><\/div><\/div><div data-vc-full-width=\"true\" data-vc-full-width-init=\"false\" class=\"vc_row wpb_row vc_row-fluid vc_custom_1575399465927 vc_row-has-fill\"><div class=\"wpb_column vc_column_container vc_col-sm-12 vc_col-has-fill\"><div class=\"vc_column-inner vc_custom_1575399499107\"><div class=\"wpb_wrapper\"><div id=\"ultimate-heading-51869ea2606c460f\" class=\"uvc-heading ult-adjust-bottom-margin ultimate-heading-51869ea2606c460f uvc-9914  uvc-heading-default-font-sizes\" data-hspacer=\"no_spacer\"  data-halign=\"center\" style=\"text-align:center\"><div class=\"uvc-heading-spacer no_spacer\" style=\"top\"><\/div><div class=\"uvc-main-heading ult-responsive\"  data-ultimate-target='.uvc-heading.ultimate-heading-51869ea2606c460f h3'  data-responsive-json-new='{\"font-size\":\"\",\"line-height\":\"\"}' ><h3 style=\"font-weight:bold;margin-bottom:20px;\">Journ\u00e9es juridiques et administratives franco-croates<\/h3><\/div><div class=\"uvc-sub-heading ult-responsive\"  data-ultimate-target='.uvc-heading.ultimate-heading-51869ea2606c460f .uvc-sub-heading '  data-responsive-json-new='{\"font-size\":\"desktop:20px;\",\"line-height\":\"desktop:30px;\"}'  style=\"font-weight:normal;color:#148ba9;\">T\u00e9l\u00e9phone : <span style=\"color: #222222;\">021 393 555<\/span><br \/>\nEmail : <span style=\"color: #222222;\">upravnopravnidani@pravst.hr<\/span><\/div><\/div><\/div><\/div><\/div><\/div><div class=\"vc_row-full-width vc_clearfix\"><\/div>","protected":false},"excerpt":{"rendered":"<p>Split, 24. i 25. rujna 2012.Javna uprava i upravno sudstvo : nova pravila i utjecaj europskog prava Ovlasti upravnog suca u sporu pune jurisdikcije Boris LJUBANOVI\u0106, Bosiljka BRITVI\u0106 VETMA Naknada \u0161tete u upravnom sporu Jadranko JUG, Inga VEZMAR BARLEK Posebnosti upravnih ugovora i njihove sudske kontrole u hrvatskom pravu Damir AVIANI Evolucija kontrole zakonitosti projedina\u010dnih&hellip;<\/p>","protected":false},"author":1,"featured_media":0,"parent":3918,"menu_order":0,"comment_status":"closed","ping_status":"closed","template":"","meta":[],"_links":{"self":[{"href":"https:\/\/upravnopravnidani.pravst.unist.hr\/fr\/wp-json\/wp\/v2\/pages\/4028"}],"collection":[{"href":"https:\/\/upravnopravnidani.pravst.unist.hr\/fr\/wp-json\/wp\/v2\/pages"}],"about":[{"href":"https:\/\/upravnopravnidani.pravst.unist.hr\/fr\/wp-json\/wp\/v2\/types\/page"}],"author":[{"embeddable":true,"href":"https:\/\/upravnopravnidani.pravst.unist.hr\/fr\/wp-json\/wp\/v2\/users\/1"}],"replies":[{"embeddable":true,"href":"https:\/\/upravnopravnidani.pravst.unist.hr\/fr\/wp-json\/wp\/v2\/comments?post=4028"}],"version-history":[{"count":1,"href":"https:\/\/upravnopravnidani.pravst.unist.hr\/fr\/wp-json\/wp\/v2\/pages\/4028\/revisions"}],"predecessor-version":[{"id":5026,"href":"https:\/\/upravnopravnidani.pravst.unist.hr\/fr\/wp-json\/wp\/v2\/pages\/4028\/revisions\/5026"}],"up":[{"embeddable":true,"href":"https:\/\/upravnopravnidani.pravst.unist.hr\/fr\/wp-json\/wp\/v2\/pages\/3918"}],"wp:attachment":[{"href":"https:\/\/upravnopravnidani.pravst.unist.hr\/fr\/wp-json\/wp\/v2\/media?parent=4028"}],"curies":[{"name":"wp","href":"https:\/\/api.w.org\/{rel}","templated":true}]}}