{"id":4061,"date":"2020-05-17T15:42:21","date_gmt":"2020-05-17T15:42:21","guid":{"rendered":"http:\/\/upravnopravnidani.pravst.unist.hr\/?page_id=4061"},"modified":"2020-07-13T12:22:24","modified_gmt":"2020-07-13T12:22:24","slug":"2014-2","status":"publish","type":"page","link":"https:\/\/upravnopravnidani.pravst.unist.hr\/fr\/publikacije\/radovi\/2014-2\/","title":{"rendered":"2014"},"content":{"rendered":"<div class=\"vc_row wpb_row vc_row-fluid vc_custom_1589730119562 vc_row-o-content-middle vc_row-flex\"><div class=\"wpb_column vc_column_container vc_col-sm-12\"><div class=\"vc_column-inner\"><div class=\"wpb_wrapper\"><div class=\"vc_row wpb_row vc_inner vc_row-fluid vc_row-o-equal-height vc_row-o-content-middle vc_row-flex\"><div class=\"wpb_column vc_column_container vc_col-sm-8\"><div class=\"vc_column-inner vc_custom_1575390506246\"><div class=\"wpb_wrapper\"><div id=\"ultimate-heading-723869ea0f4856eff\" class=\"uvc-heading ult-adjust-bottom-margin ultimate-heading-723869ea0f4856eff uvc-1854  uvc-heading-default-font-sizes\" data-hspacer=\"no_spacer\"  data-halign=\"left\" style=\"text-align:left\"><div class=\"uvc-heading-spacer no_spacer\" style=\"top\"><\/div><div class=\"uvc-main-heading ult-responsive\"  data-ultimate-target='.uvc-heading.ultimate-heading-723869ea0f4856eff h3'  data-responsive-json-new='{\"font-size\":\"\",\"line-height\":\"\"}' ><h3 style=\"font-weight:bold;color:#148ba9;margin-bottom:20px;\">Split, 22 et 23 septembre 2014<\/h3><\/div><div class=\"uvc-sub-heading ult-responsive\"  data-ultimate-target='.uvc-heading.ultimate-heading-723869ea0f4856eff .uvc-sub-heading '  data-responsive-json-new='{\"font-size\":\"desktop:34px;\",\"line-height\":\"desktop:44px;\"}'  style=\"font-weight:bold;color:#222222;margin-bottom:30px;\">L\u2019ex\u00e9cution des d\u00e9cisions de l\u2019administration et\ndes juridictions administratives<\/div><\/div>\n\t<div class=\"wpb_text_column wpb_content_element\" >\n\t\t<div class=\"wpb_wrapper\">\n\t\t\t<p><a href=\"http:\/\/upravnopravnidani.pravst.unist.hr\/wp-content\/uploads\/2020\/05\/1.-Les-crit\u00e8res-europ\u00e9ens-d\u2019une-justice-administrative-efficace-Jerome-MICHEL.pdf\">Les crit\u00e8res europ\u00e9ens d\u2019une justice administrative efficace  J\u00e9r\u00f4me MICHEL<\/a><\/p>\n<p><a href=\"http:\/\/upravnopravnidani.pravst.unist.hr\/wp-content\/uploads\/2020\/05\/2.-Pravo-na-izvr\u0161enje-upravnosudskih-odluka-kao-jamstvo-po\u0161tenog-su\u0111enja-Marko-\u0160IKI\u0106-Lana-OFAK.pdf\">Le droit \u00e0 l\u2019ex\u00e9cution des d\u00e9cisions du juge administratif comme garantie du proc\u00e8s \u00e9quitable   Marko \u0160IKI\u0106, Lana OFAK<\/a><\/p>\n<p><a href=\"http:\/\/upravnopravnidani.pravst.unist.hr\/wp-content\/uploads\/2020\/05\/3.-Le-droit-au-juge-et-\u00e0-un-recours-effectif-selon-la-Convention-europ\u00e9enne-de-sauvegarde-des-droits-de-l\u2019homme-et-des-libert\u00e9s-fondamentales-Art.-13-Benoit-DELAUNAY.pdf\">Le droit au juge et \u00e0 un recours effectif selon la Convention Europ\u00e9enne de sauvegarde des droits de l\u2019homme et des libert\u00e9s fondamentales (art. 13)  Beno\u00eet DELAUNAY<\/a><\/p>\n<p><a href=\"http:\/\/upravnopravnidani.pravst.unist.hr\/wp-content\/uploads\/2020\/05\/4.-Suradnja-izme\u0111u-nacionalnih-upravnih-sudova-Suda-Europske-unije-i-Europskog-suda-za-za\u0161titu-ljudskih-prava-u-izvr\u0161avanju-BRITVI\u0106-VETMA-LJUBANOVI\u0106.pdf\">La coop\u00e9ration des juridictions administratives nationales, de la Cour de Justice de l\u2019Union Europ\u00e9enne et de la Cour Europ\u00e9enne des droits de l\u2019Homme dans la mise en \u0153uvre des d\u00e9cisions des juges administratifs apr\u00e8s le Trait\u00e9 de Lisbonne  Bosiljka BRITVI\u0106 VETMA, Boris LJUBANOVI\u0106<\/a><\/p>\n<p><a href=\"http:\/\/upravnopravnidani.pravst.unist.hr\/wp-content\/uploads\/2020\/05\/5.-Vladavina-prava-i-uloga-Ustavnog-suda-Republike-Hrvatske-u-izvr\u0161avanju-upravnih-i-upravnosudskih-odluka-Mario-JELU\u0160I\u0106-Du\u0161ka-\u0160ARIN.pdf\">Le r\u00e9gne du droit et le r\u00f4le de la  Cour Constitutionnelle de la R\u00e9publique de Croatie dans l\u2019ex\u00e9cution des d\u00e9cisions de l\u2019administration et des juridictions administratives  Mario JELU\u0160I\u0106, Du\u0161ka \u0160ARIN<\/a><\/p>\n<p><a href=\"http:\/\/upravnopravnidani.pravst.unist.hr\/wp-content\/uploads\/2020\/05\/6.-Le-pouvoir-d\u2019appr\u00e9ciation-dans-l\u2019action-administrative-et-son-contr\u00f4le-par-le-juge-administratif-Daniel-GILTARD.pdf\">Le pouvoir d\u2019appr\u00e9ciation dans l\u2019action administrative et son contr\u00f4le par le juge administratif   Daniel GILTARD<\/a><\/p>\n<p><a href=\"http:\/\/upravnopravnidani.pravst.unist.hr\/wp-content\/uploads\/2020\/05\/7.-U\u010dinak-vo\u0111enja-upravnog-spora-na-izvr\u0161nost-upravnih-odluka-privremene-mjere-i-odgodni-u\u010dinak-tu\u017ebe-Frane-STANI\u010cI\u0106.pdf\">L\u2019effet de l\u2019introduction d\u2019un contentieux administratif sur l\u2019ex\u00e9cution des d\u00e9cisions administratives : les mesures provisoires et l\u2019effet suspensif du recours   Frane STANI\u010cI\u0106<\/a><\/p>\n<p><a href=\"http:\/\/upravnopravnidani.pravst.unist.hr\/wp-content\/uploads\/2020\/05\/8.-Du-sursis-a-execution-au-refere-en-urgence-Jean-MASSOT.pdf\">Du sursis \u00e0 ex\u00e9cution au r\u00e9f\u00e9r\u00e9 en urgence  Jean MASSOT<\/a><\/p>\n<p><a href=\"http:\/\/upravnopravnidani.pravst.unist.hr\/wp-content\/uploads\/2020\/05\/9.-Razlozi-neizvr\u0161enja-odluka-upravnog-suca-i-sredstva-pravne-za\u0161tite-u-slu\u010daju-neizvr\u0161enja-Alen-RAJKO.pdf\">Les causes d\u2019inex\u00e9cution des d\u00e9cisions du juge administratif et leurs rem\u00e8des  Alen RAJKO<\/a><\/p>\n<p><a href=\"http:\/\/upravnopravnidani.pravst.unist.hr\/wp-content\/uploads\/2020\/05\/10.-Les-causes-d\u2019inex\u00e9cution-des-d\u00e9cisions-du-juge-administratif-et-leurs-rem\u00e8des-Marc-GJIDARA.pdf\">Les causes d\u2019inex\u00e9cution des d\u00e9cisions du juge administratif et leurs rem\u00e8des     Marc GJIDARA<\/a><\/p>\n<p>Justice et d\u00e9mocratie - production et reproduction des diff\u00e9rends\u00a0 <strong>Arsen BA\u010cI\u0106, Petar BA\u010cI\u0106<\/strong><\/p>\n<p><a href=\"http:\/\/upravnopravnidani.pravst.unist.hr\/wp-content\/uploads\/2020\/05\/12.-Le-temps-du-juge-et-le-temps-de-l\u2019administration-et-de-la-soci\u00e9t\u00e9-Daniel-CHABANOL.pdf\">Le temps du juge, et le temps de l\u2019administration et le temps de la soci\u00e9t\u00e9  Daniel CHABANOL<\/a><\/p>\n<p><a href=\"http:\/\/upravnopravnidani.pravst.unist.hr\/wp-content\/uploads\/2020\/05\/13.-Izvr\u0161enje-upravnosudskih-odluka-u-Hrvatskom-i-usporednom-pravu-Dario-\u0110ER\u0110A.pdf\">L\u2019ex\u00e9cution des d\u00e9cisions des juridictions administratives en droit croate et en droit compar\u00e9   Dario \u0110ER\u0110A<\/a><\/p>\n<p><a href=\"http:\/\/upravnopravnidani.pravst.unist.hr\/wp-content\/uploads\/2020\/05\/14.-L\u2019ex\u00e9cution-des-jugements-dans-le-contentieux-de-la-l\u00e9galit\u00e9-\u00e9tude-de-cas-pratique-Jean-Michel-LEMOYNE-de-FORGES.pdf\">L\u2019ex\u00e9cution des jugements administratifs dans le contentieux de la l\u00e9galit\u00e9 -  \u00e9tude de cas  Jean-Michel LEMOYNE de FORGES<\/a><\/p>\n<p><a href=\"http:\/\/upravnopravnidani.pravst.unist.hr\/wp-content\/uploads\/2020\/05\/15.-Upravni-spor-od-podno\u0161enja-tu\u017ebe-do-izvr\u0161enja-\u2013-sporna-pitanja-u-praksi-Bo\u017eidar-HORVAT.pdf\">Le proc\u00e8s administratif, de l\u2019introduction du recours \u00e0 l\u2019ex\u00e9cution \u2013 Les questions en suspens dans la pratique  Bo\u017eidar HORVAT<\/a><\/p>\n<p><a href=\"http:\/\/upravnopravnidani.pravst.unist.hr\/wp-content\/uploads\/2020\/05\/16.-Le-r\u00f4le-de-l\u2019avocat-dans-le-proc\u00e8s-administratif-\u00e9tude-de-cas-en-mati\u00e8re-de-contentieux-de-pleine-juridiction-Bruno-ODENT.pdf\">Le r\u00f4le de l\u2019avocat dans le proc\u00e8s administratif ; \u00e9tude de cas en mati\u00e8re de contentieux de pleine juridiction   Bruno ODENT<\/a><\/p>\n<p><a href=\"http:\/\/upravnopravnidani.pravst.unist.hr\/wp-content\/uploads\/2020\/05\/17.-Rje\u0161avanje-sporova-iz-podru\u010dja-poreznog-prava-na-upravnim-sudovima-i-njihov-doprinos-pravnoj-sigurnosti-Hrvoje-JELIC-Kornelija-MISE-BOBINAC.pdf\">Le r\u00e8glement des litiges en mati\u00e8re fiscale par les juridictions administratives et leur contribution \u00e0 la s\u00e9curit\u00e9 juridique  Hrvoje JELI\u0106, Kornelija MI\u0160E BOBINAC<\/a><\/p>\n\n\t\t<\/div>\n\t<\/div>\n<\/div><\/div><\/div><div class=\"wpb_column vc_column_container vc_col-sm-4\"><div class=\"vc_column-inner\"><div class=\"wpb_wrapper\"><\/div><\/div><\/div><\/div><\/div><\/div><\/div><\/div><div data-vc-full-width=\"true\" data-vc-full-width-init=\"false\" class=\"vc_row wpb_row vc_row-fluid vc_custom_1575399465927 vc_row-has-fill\"><div class=\"wpb_column vc_column_container vc_col-sm-12 vc_col-has-fill\"><div class=\"vc_column-inner vc_custom_1575399499107\"><div class=\"wpb_wrapper\"><div id=\"ultimate-heading-892769ea0f4857814\" class=\"uvc-heading ult-adjust-bottom-margin ultimate-heading-892769ea0f4857814 uvc-7131  uvc-heading-default-font-sizes\" data-hspacer=\"no_spacer\"  data-halign=\"center\" style=\"text-align:center\"><div class=\"uvc-heading-spacer no_spacer\" style=\"top\"><\/div><div class=\"uvc-main-heading ult-responsive\"  data-ultimate-target='.uvc-heading.ultimate-heading-892769ea0f4857814 h3'  data-responsive-json-new='{\"font-size\":\"\",\"line-height\":\"\"}' ><h3 style=\"font-weight:bold;margin-bottom:20px;\">Journ\u00e9es juridiques et administratives franco-croates<\/h3><\/div><div class=\"uvc-sub-heading ult-responsive\"  data-ultimate-target='.uvc-heading.ultimate-heading-892769ea0f4857814 .uvc-sub-heading '  data-responsive-json-new='{\"font-size\":\"desktop:20px;\",\"line-height\":\"desktop:30px;\"}'  style=\"font-weight:normal;color:#148ba9;\">T\u00e9l\u00e9phone : <span style=\"color: #222222;\">021 393 555<\/span><br \/>\nEmail : <span style=\"color: #222222;\">upravnopravnidani@pravst.hr<\/span><\/div><\/div><\/div><\/div><\/div><\/div><div class=\"vc_row-full-width vc_clearfix\"><\/div>","protected":false},"excerpt":{"rendered":"<p>Split, 22. i 23. rujna 2014.Izvr\u0161enje upravnih i upravnosudskih odluka Europski kriteriji djelotvornog upravnog sudovanja J\u00e9r\u00f4me MICHEL Pravo na izvr\u0161enje upravnosudskih odluka kao jamstvo po\u0161tenog su\u0111enja Marko \u0160IKI\u0106, Lana OFAK Pravo na suca i pravo na djelotvoran pravni lijek prema Europskoj konvenciji za za\u0161titu ljudskih prava i temeljnih sloboda (\u010dl . 13) Beno\u00eet DELAUNAY Suradnja&hellip;<\/p>","protected":false},"author":1,"featured_media":0,"parent":3918,"menu_order":0,"comment_status":"closed","ping_status":"closed","template":"","meta":[],"_links":{"self":[{"href":"https:\/\/upravnopravnidani.pravst.unist.hr\/fr\/wp-json\/wp\/v2\/pages\/4061"}],"collection":[{"href":"https:\/\/upravnopravnidani.pravst.unist.hr\/fr\/wp-json\/wp\/v2\/pages"}],"about":[{"href":"https:\/\/upravnopravnidani.pravst.unist.hr\/fr\/wp-json\/wp\/v2\/types\/page"}],"author":[{"embeddable":true,"href":"https:\/\/upravnopravnidani.pravst.unist.hr\/fr\/wp-json\/wp\/v2\/users\/1"}],"replies":[{"embeddable":true,"href":"https:\/\/upravnopravnidani.pravst.unist.hr\/fr\/wp-json\/wp\/v2\/comments?post=4061"}],"version-history":[{"count":1,"href":"https:\/\/upravnopravnidani.pravst.unist.hr\/fr\/wp-json\/wp\/v2\/pages\/4061\/revisions"}],"predecessor-version":[{"id":5044,"href":"https:\/\/upravnopravnidani.pravst.unist.hr\/fr\/wp-json\/wp\/v2\/pages\/4061\/revisions\/5044"}],"up":[{"embeddable":true,"href":"https:\/\/upravnopravnidani.pravst.unist.hr\/fr\/wp-json\/wp\/v2\/pages\/3918"}],"wp:attachment":[{"href":"https:\/\/upravnopravnidani.pravst.unist.hr\/fr\/wp-json\/wp\/v2\/media?parent=4061"}],"curies":[{"name":"wp","href":"https:\/\/api.w.org\/{rel}","templated":true}]}}