{"id":4184,"date":"2020-05-17T17:37:44","date_gmt":"2020-05-17T17:37:44","guid":{"rendered":"http:\/\/upravnopravnidani.pravst.unist.hr\/?page_id=4184"},"modified":"2020-08-26T12:47:39","modified_gmt":"2020-08-26T12:47:39","slug":"organizatori","status":"publish","type":"page","link":"https:\/\/upravnopravnidani.pravst.unist.hr\/fr\/o-konferenciji\/organizatori\/","title":{"rendered":"Organisateurs"},"content":{"rendered":"<div data-vc-full-width=\"true\" data-vc-full-width-init=\"false\" class=\"vc_row wpb_row vc_row-fluid vc_custom_1590221479177 vc_row-has-fill\"><div class=\"wpb_column vc_column_container vc_col-sm-12\"><div class=\"vc_column-inner\"><div class=\"wpb_wrapper\"><div class=\"vc_row wpb_row vc_inner vc_row-fluid vc_custom_1590221630055 vc_column-gap-30 vc_row-o-equal-height vc_row-flex\"><div class=\"wpb_column vc_column_container vc_col-sm-4 vc_col-has-fill\"><div class=\"vc_column-inner vc_custom_1590060501545\"><div class=\"wpb_wrapper\"><style type=\"text\/css\" data-type=\"the7_shortcodes-inline-css\">.icon-with-text-shortcode.icon-text-id-f2fa7281f4ae3ef7300b34f6becb69b5 .text-icon {\n  width: 32px;\n  height: 32px;\n  line-height: 32px;\n  font-size: 32px;\n  border-radius: 0px;\n  margin: 0px 0px 25px 0px;\n}\n.icon-with-text-shortcode.icon-text-id-f2fa7281f4ae3ef7300b34f6becb69b5 .text-icon .icon-inner {\n  min-width: 32px;\n  min-height: 32px;\n  border-radius: 0px;\n}\n@media all and (-ms-high-contrast: none) {\n  .icon-with-text-shortcode.icon-text-id-f2fa7281f4ae3ef7300b34f6becb69b5 .text-icon .icon-inner {\n    height: 32px;\n  }\n}\n.icon-with-text-shortcode.icon-text-id-f2fa7281f4ae3ef7300b34f6becb69b5 .text-icon .dt-hover-icon {\n  line-height: 32px;\n}\n.icon-with-text-shortcode.icon-text-id-f2fa7281f4ae3ef7300b34f6becb69b5 .text-icon:before,\n.icon-with-text-shortcode.icon-text-id-f2fa7281f4ae3ef7300b34f6becb69b5 .text-icon:after,\n.icon-with-text-shortcode.icon-text-id-f2fa7281f4ae3ef7300b34f6becb69b5 .text-icon .icon-inner:before,\n.icon-with-text-shortcode.icon-text-id-f2fa7281f4ae3ef7300b34f6becb69b5 .text-icon .icon-inner:after {\n  min-width: 100%;\n  min-height: 100%;\n  padding: inherit;\n  border-radius: inherit;\n}\n.icon-with-text-shortcode.icon-text-id-f2fa7281f4ae3ef7300b34f6becb69b5 .text-icon.dt-icon-border-on:before {\n  border-width: 0px;\n  border-style: solid;\n  border-color: ;\n}\n.dt-icon-border-dashed.icon-with-text-shortcode.icon-text-id-f2fa7281f4ae3ef7300b34f6becb69b5 .text-icon.dt-icon-border-on:before {\n  border-style: dashed;\n}\n.dt-icon-border-dotted.icon-with-text-shortcode.icon-text-id-f2fa7281f4ae3ef7300b34f6becb69b5 .text-icon.dt-icon-border-on:before {\n  border-style: dotted;\n}\n.dt-icon-border-double.icon-with-text-shortcode.icon-text-id-f2fa7281f4ae3ef7300b34f6becb69b5 .text-icon.dt-icon-border-on:before {\n  border-style: double;\n}\n.icon-with-text-shortcode.icon-text-id-f2fa7281f4ae3ef7300b34f6becb69b5 .text-icon.dt-icon-border-dashed.dt-icon-border-on:before {\n  border-style: dashed;\n}\n.icon-with-text-shortcode.icon-text-id-f2fa7281f4ae3ef7300b34f6becb69b5 .text-icon.dt-icon-border-dotted.dt-icon-border-on:before {\n  border-style: dotted;\n}\n.icon-with-text-shortcode.icon-text-id-f2fa7281f4ae3ef7300b34f6becb69b5 .text-icon.dt-icon-border-double.dt-icon-border-on:before {\n  border-style: double;\n}\n.icon-with-text-shortcode.icon-text-id-f2fa7281f4ae3ef7300b34f6becb69b5 .text-icon.dt-icon-hover-border-on:after {\n  border-width: 0px;\n  border-style: solid;\n  border-color: ;\n}\n.icon-with-text-shortcode.icon-text-id-f2fa7281f4ae3ef7300b34f6becb69b5 .text-icon.dt-icon-border-dashed.dt-icon-hover-border-on:after {\n  border-style: dashed;\n}\n.icon-with-text-shortcode.icon-text-id-f2fa7281f4ae3ef7300b34f6becb69b5 .text-icon.dt-icon-border-dotted.dt-icon-hover-border-on:after {\n  border-style: dotted;\n}\n.icon-with-text-shortcode.icon-text-id-f2fa7281f4ae3ef7300b34f6becb69b5 .text-icon.dt-icon-border-double.dt-icon-hover-border-on:after {\n  border-style: double;\n}\n.icon-with-text-shortcode.icon-text-id-f2fa7281f4ae3ef7300b34f6becb69b5 .text-icon.dt-icon-hover-on:hover {\n  font-size: 32px;\n}\n#page .icon-with-text-shortcode.icon-text-id-f2fa7281f4ae3ef7300b34f6becb69b5 .text-icon.dt-icon-hover-on:hover .soc-font-icon,\n#phantom .icon-with-text-shortcode.icon-text-id-f2fa7281f4ae3ef7300b34f6becb69b5 .text-icon.dt-icon-hover-on:hover .soc-font-icon,\n#page .icon-with-text-shortcode.icon-text-id-f2fa7281f4ae3ef7300b34f6becb69b5 .text-icon.dt-icon-hover-on:hover .soc-icon,\n#phantom .icon-with-text-shortcode.icon-text-id-f2fa7281f4ae3ef7300b34f6becb69b5 .text-icon.dt-icon-hover-on:hover .soc-icon {\n  color: #fff;\n  background: none;\n}\n.icon-with-text-shortcode.icon-text-id-f2fa7281f4ae3ef7300b34f6becb69b5.layout-1 {\n  grid-template-columns: 32px minmax(0,1fr);\n  grid-column-gap: 0px;\n}\n.icon-with-text-shortcode.icon-text-id-f2fa7281f4ae3ef7300b34f6becb69b5.layout-2 {\n  grid-template-columns: minmax(0,1fr) 32px;\n  grid-column-gap: 0px;\n}\n.icon-with-text-shortcode.icon-text-id-f2fa7281f4ae3ef7300b34f6becb69b5.layout-2 .text-icon {\n  margin-left: 0;\n}\n.icon-with-text-shortcode.icon-text-id-f2fa7281f4ae3ef7300b34f6becb69b5.layout-3 {\n  grid-template-columns: 32px minmax(0,1fr);\n}\n.icon-with-text-shortcode.icon-text-id-f2fa7281f4ae3ef7300b34f6becb69b5.layout-3 .dt-text-title {\n  margin-left: 0px;\n}\n.icon-with-text-shortcode.icon-text-id-f2fa7281f4ae3ef7300b34f6becb69b5 .dt-text-title,\n.icon-with-text-shortcode.icon-text-id-f2fa7281f4ae3ef7300b34f6becb69b5 .dt-text-title a {\n  font-weight: bold;\n}\n.icon-with-text-shortcode.icon-text-id-f2fa7281f4ae3ef7300b34f6becb69b5 .dt-text-title {\n  margin-bottom: 15px;\n}\n.icon-with-text-shortcode.icon-text-id-f2fa7281f4ae3ef7300b34f6becb69b5 .dt-text-desc {\n  margin-bottom: 20px;\n  font-size: 16px;\n  line-height: 28px;\n}\n.icon-with-text-shortcode.icon-text-id-f2fa7281f4ae3ef7300b34f6becb69b5 .default-btn-shortcode * {\n  vertical-align: middle;\n}\n<\/style><div class=\"icon-with-text-shortcode  icon-text-id-f2fa7281f4ae3ef7300b34f6becb69b5 layout-5\" ><span   class=\"text-icon dt-icon-bg-off dt-icon-hover-off\" ><span class=\"icon-inner\"><i class=\"dt-regular-icon soc-icon fas fa-list-ul\"><\/i><i class=\"dt-hover-icon soc-icon fas fa-list-ul\"><\/i><\/span><\/span><h3 class=\"dt-text-title\"  >Organisateurs<\/h3><\/div>\n\t<div class=\"wpb_text_column wpb_content_element\" >\n\t\t<div class=\"wpb_wrapper\">\n\t\t\t<p style=\"text-align: center;\"><span style=\"color: #808080;\"><a style=\"color: #808080;\" href=\"http:\/\/www.pravst.unist.hr\/\" target=\"_blank\" rel=\"noopener noreferrer\">Facult\u00e9 de droit de Split\u00a0<\/a><\/span><\/p>\n<p style=\"text-align: center;\"><span style=\"color: #808080;\"><a style=\"color: #808080;\" href=\"https:\/\/www.u-paris2.fr\/fr\" target=\"_blank\" rel=\"noopener noreferrer\">Universit\u00e9 Panth\u00e9on Assas, Paris II<\/a><\/span><\/p>\n<p style=\"text-align: center;\"><span style=\"color: #808080;\"><a style=\"color: #808080;\" href=\"https:\/\/www.conseil-etat.fr\/\" target=\"_blank\" rel=\"noopener noreferrer\">Conseil d'\u00c9tat de la R\u00e9publique de France<\/a><\/span><\/p>\n\n\t\t<\/div>\n\t<\/div>\n<\/div><\/div><\/div><div class=\"wpb_column vc_column_container vc_col-sm-4 vc_col-has-fill\"><div class=\"vc_column-inner vc_custom_1589478265151\"><div class=\"wpb_wrapper\"><style type=\"text\/css\" data-type=\"the7_shortcodes-inline-css\">.icon-with-text-shortcode.icon-text-id-a1a08b15ecc73390c0c397461661bb44 .text-icon {\n  width: 32px;\n  height: 32px;\n  line-height: 32px;\n  font-size: 32px;\n  border-radius: 0px;\n  margin: 0px 0px 25px 0px;\n}\n.icon-with-text-shortcode.icon-text-id-a1a08b15ecc73390c0c397461661bb44 .text-icon .icon-inner {\n  min-width: 32px;\n  min-height: 32px;\n  border-radius: 0px;\n}\n@media all and (-ms-high-contrast: none) {\n  .icon-with-text-shortcode.icon-text-id-a1a08b15ecc73390c0c397461661bb44 .text-icon .icon-inner {\n    height: 32px;\n  }\n}\n.icon-with-text-shortcode.icon-text-id-a1a08b15ecc73390c0c397461661bb44 .text-icon .dt-hover-icon {\n  line-height: 32px;\n}\n.icon-with-text-shortcode.icon-text-id-a1a08b15ecc73390c0c397461661bb44 .text-icon:before,\n.icon-with-text-shortcode.icon-text-id-a1a08b15ecc73390c0c397461661bb44 .text-icon:after,\n.icon-with-text-shortcode.icon-text-id-a1a08b15ecc73390c0c397461661bb44 .text-icon .icon-inner:before,\n.icon-with-text-shortcode.icon-text-id-a1a08b15ecc73390c0c397461661bb44 .text-icon .icon-inner:after {\n  min-width: 100%;\n  min-height: 100%;\n  padding: inherit;\n  border-radius: inherit;\n}\n.icon-with-text-shortcode.icon-text-id-a1a08b15ecc73390c0c397461661bb44 .text-icon.dt-icon-border-on:before {\n  border-width: 0px;\n  border-style: solid;\n  border-color: ;\n}\n.dt-icon-border-dashed.icon-with-text-shortcode.icon-text-id-a1a08b15ecc73390c0c397461661bb44 .text-icon.dt-icon-border-on:before {\n  border-style: dashed;\n}\n.dt-icon-border-dotted.icon-with-text-shortcode.icon-text-id-a1a08b15ecc73390c0c397461661bb44 .text-icon.dt-icon-border-on:before {\n  border-style: dotted;\n}\n.dt-icon-border-double.icon-with-text-shortcode.icon-text-id-a1a08b15ecc73390c0c397461661bb44 .text-icon.dt-icon-border-on:before {\n  border-style: double;\n}\n.icon-with-text-shortcode.icon-text-id-a1a08b15ecc73390c0c397461661bb44 .text-icon.dt-icon-border-dashed.dt-icon-border-on:before {\n  border-style: dashed;\n}\n.icon-with-text-shortcode.icon-text-id-a1a08b15ecc73390c0c397461661bb44 .text-icon.dt-icon-border-dotted.dt-icon-border-on:before {\n  border-style: dotted;\n}\n.icon-with-text-shortcode.icon-text-id-a1a08b15ecc73390c0c397461661bb44 .text-icon.dt-icon-border-double.dt-icon-border-on:before {\n  border-style: double;\n}\n.icon-with-text-shortcode.icon-text-id-a1a08b15ecc73390c0c397461661bb44 .text-icon.dt-icon-hover-border-on:after {\n  border-width: 0px;\n  border-style: solid;\n  border-color: ;\n}\n.icon-with-text-shortcode.icon-text-id-a1a08b15ecc73390c0c397461661bb44 .text-icon.dt-icon-border-dashed.dt-icon-hover-border-on:after {\n  border-style: dashed;\n}\n.icon-with-text-shortcode.icon-text-id-a1a08b15ecc73390c0c397461661bb44 .text-icon.dt-icon-border-dotted.dt-icon-hover-border-on:after {\n  border-style: dotted;\n}\n.icon-with-text-shortcode.icon-text-id-a1a08b15ecc73390c0c397461661bb44 .text-icon.dt-icon-border-double.dt-icon-hover-border-on:after {\n  border-style: double;\n}\n.icon-with-text-shortcode.icon-text-id-a1a08b15ecc73390c0c397461661bb44 .text-icon.dt-icon-hover-on:hover {\n  font-size: 32px;\n}\n#page .icon-with-text-shortcode.icon-text-id-a1a08b15ecc73390c0c397461661bb44 .text-icon.dt-icon-hover-on:hover .soc-font-icon,\n#phantom .icon-with-text-shortcode.icon-text-id-a1a08b15ecc73390c0c397461661bb44 .text-icon.dt-icon-hover-on:hover .soc-font-icon,\n#page .icon-with-text-shortcode.icon-text-id-a1a08b15ecc73390c0c397461661bb44 .text-icon.dt-icon-hover-on:hover .soc-icon,\n#phantom .icon-with-text-shortcode.icon-text-id-a1a08b15ecc73390c0c397461661bb44 .text-icon.dt-icon-hover-on:hover .soc-icon {\n  color: #fff;\n  background: none;\n}\n.icon-with-text-shortcode.icon-text-id-a1a08b15ecc73390c0c397461661bb44.layout-1 {\n  grid-template-columns: 32px minmax(0,1fr);\n  grid-column-gap: 0px;\n}\n.icon-with-text-shortcode.icon-text-id-a1a08b15ecc73390c0c397461661bb44.layout-2 {\n  grid-template-columns: minmax(0,1fr) 32px;\n  grid-column-gap: 0px;\n}\n.icon-with-text-shortcode.icon-text-id-a1a08b15ecc73390c0c397461661bb44.layout-2 .text-icon {\n  margin-left: 0;\n}\n.icon-with-text-shortcode.icon-text-id-a1a08b15ecc73390c0c397461661bb44.layout-3 {\n  grid-template-columns: 32px minmax(0,1fr);\n}\n.icon-with-text-shortcode.icon-text-id-a1a08b15ecc73390c0c397461661bb44.layout-3 .dt-text-title {\n  margin-left: 0px;\n}\n.icon-with-text-shortcode.icon-text-id-a1a08b15ecc73390c0c397461661bb44 .dt-text-title,\n.icon-with-text-shortcode.icon-text-id-a1a08b15ecc73390c0c397461661bb44 .dt-text-title a {\n  font-weight: bold;\n}\n.icon-with-text-shortcode.icon-text-id-a1a08b15ecc73390c0c397461661bb44 .dt-text-title {\n  margin-bottom: 15px;\n}\n.icon-with-text-shortcode.icon-text-id-a1a08b15ecc73390c0c397461661bb44 .dt-text-desc {\n  margin-bottom: 20px;\n  font-size: 16px;\n  line-height: 28px;\n}\n.icon-with-text-shortcode.icon-text-id-a1a08b15ecc73390c0c397461661bb44 .default-btn-shortcode * {\n  vertical-align: middle;\n}\n<\/style><div class=\"icon-with-text-shortcode  icon-text-id-a1a08b15ecc73390c0c397461661bb44 layout-5\" ><span   class=\"text-icon dt-icon-bg-off dt-icon-hover-off\" ><span class=\"icon-inner\"><i class=\"dt-regular-icon soc-icon far fa-list-alt\"><\/i><i class=\"dt-hover-icon soc-icon far fa-list-alt\"><\/i><\/span><\/span><h3 class=\"dt-text-title\"  >Co-organisateurs<\/h3><\/div>\n\t<div class=\"wpb_text_column wpb_content_element\" >\n\t\t<div class=\"wpb_wrapper\">\n\t\t\t<p style=\"text-align: center;\"><span style=\"color: #808080;\"><a style=\"color: #808080;\" href=\"https:\/\/www.unist.hr\/\" target=\"_blank\" rel=\"noopener noreferrer\">Universit\u00e9 de Split<\/a><\/span><\/p>\n<p style=\"text-align: center;\"><span style=\"color: #808080;\"><a style=\"color: #808080;\" href=\"https:\/\/zakonodavstvo.gov.hr\/\" target=\"_blank\" rel=\"noopener noreferrer\">Bureau de la l\u00e9gislation du gouvernement de la R\u00e9publique de Croatie<\/a><\/span><\/p>\n<p style=\"text-align: center;\"><span style=\"color: #808080;\"><a style=\"color: #808080;\" href=\"http:\/\/vusrh.hr\/\" target=\"_blank\" rel=\"noopener noreferrer\">Haute Cour administrative de la R\u00e9publique de Croatie<\/a><\/span><\/p>\n<p style=\"text-align: center;\"><span style=\"color: #808080;\"><a style=\"color: #808080;\" href=\"https:\/\/pravosudje.gov.hr\/\" target=\"_blank\" rel=\"noopener noreferrer\">Minist\u00e8re de la justice et de l\u2019administration de la R\u00e9publique de Croatie\u00a0<\/a><\/span><\/p>\n<p style=\"text-align: center;\"><span style=\"color: #808080;\">Centre de documentation et de recherche europ\u00e9ennes<br \/>\n\u00ab R. Schuman \u00bb (Split)<\/span><\/p>\n\n\t\t<\/div>\n\t<\/div>\n<\/div><\/div><\/div><div class=\"wpb_column vc_column_container vc_col-sm-4 vc_col-has-fill\"><div class=\"vc_column-inner vc_custom_1590600348185\"><div class=\"wpb_wrapper\"><style type=\"text\/css\" data-type=\"the7_shortcodes-inline-css\">.icon-with-text-shortcode.icon-text-id-5c7faaea155fdd9bed3b79a43915fedc .text-icon {\n  width: 32px;\n  height: 32px;\n  line-height: 32px;\n  font-size: 32px;\n  border-radius: 0px;\n  margin: 0px 0px 25px 0px;\n}\n.icon-with-text-shortcode.icon-text-id-5c7faaea155fdd9bed3b79a43915fedc .text-icon .icon-inner {\n  min-width: 32px;\n  min-height: 32px;\n  border-radius: 0px;\n}\n@media all and (-ms-high-contrast: none) {\n  .icon-with-text-shortcode.icon-text-id-5c7faaea155fdd9bed3b79a43915fedc .text-icon .icon-inner {\n    height: 32px;\n  }\n}\n.icon-with-text-shortcode.icon-text-id-5c7faaea155fdd9bed3b79a43915fedc .text-icon .dt-hover-icon {\n  line-height: 32px;\n}\n.icon-with-text-shortcode.icon-text-id-5c7faaea155fdd9bed3b79a43915fedc .text-icon:before,\n.icon-with-text-shortcode.icon-text-id-5c7faaea155fdd9bed3b79a43915fedc .text-icon:after,\n.icon-with-text-shortcode.icon-text-id-5c7faaea155fdd9bed3b79a43915fedc .text-icon .icon-inner:before,\n.icon-with-text-shortcode.icon-text-id-5c7faaea155fdd9bed3b79a43915fedc .text-icon .icon-inner:after {\n  min-width: 100%;\n  min-height: 100%;\n  padding: inherit;\n  border-radius: inherit;\n}\n.icon-with-text-shortcode.icon-text-id-5c7faaea155fdd9bed3b79a43915fedc .text-icon.dt-icon-border-on:before {\n  border-width: 0px;\n  border-style: solid;\n  border-color: ;\n}\n.dt-icon-border-dashed.icon-with-text-shortcode.icon-text-id-5c7faaea155fdd9bed3b79a43915fedc .text-icon.dt-icon-border-on:before {\n  border-style: dashed;\n}\n.dt-icon-border-dotted.icon-with-text-shortcode.icon-text-id-5c7faaea155fdd9bed3b79a43915fedc .text-icon.dt-icon-border-on:before {\n  border-style: dotted;\n}\n.dt-icon-border-double.icon-with-text-shortcode.icon-text-id-5c7faaea155fdd9bed3b79a43915fedc .text-icon.dt-icon-border-on:before {\n  border-style: double;\n}\n.icon-with-text-shortcode.icon-text-id-5c7faaea155fdd9bed3b79a43915fedc .text-icon.dt-icon-border-dashed.dt-icon-border-on:before {\n  border-style: dashed;\n}\n.icon-with-text-shortcode.icon-text-id-5c7faaea155fdd9bed3b79a43915fedc .text-icon.dt-icon-border-dotted.dt-icon-border-on:before {\n  border-style: dotted;\n}\n.icon-with-text-shortcode.icon-text-id-5c7faaea155fdd9bed3b79a43915fedc .text-icon.dt-icon-border-double.dt-icon-border-on:before {\n  border-style: double;\n}\n.icon-with-text-shortcode.icon-text-id-5c7faaea155fdd9bed3b79a43915fedc .text-icon.dt-icon-hover-border-on:after {\n  border-width: 0px;\n  border-style: solid;\n  border-color: ;\n}\n.icon-with-text-shortcode.icon-text-id-5c7faaea155fdd9bed3b79a43915fedc .text-icon.dt-icon-border-dashed.dt-icon-hover-border-on:after {\n  border-style: dashed;\n}\n.icon-with-text-shortcode.icon-text-id-5c7faaea155fdd9bed3b79a43915fedc .text-icon.dt-icon-border-dotted.dt-icon-hover-border-on:after {\n  border-style: dotted;\n}\n.icon-with-text-shortcode.icon-text-id-5c7faaea155fdd9bed3b79a43915fedc .text-icon.dt-icon-border-double.dt-icon-hover-border-on:after {\n  border-style: double;\n}\n.icon-with-text-shortcode.icon-text-id-5c7faaea155fdd9bed3b79a43915fedc .text-icon.dt-icon-hover-on:hover {\n  font-size: 32px;\n}\n#page .icon-with-text-shortcode.icon-text-id-5c7faaea155fdd9bed3b79a43915fedc .text-icon.dt-icon-hover-on:hover .soc-font-icon,\n#phantom .icon-with-text-shortcode.icon-text-id-5c7faaea155fdd9bed3b79a43915fedc .text-icon.dt-icon-hover-on:hover .soc-font-icon,\n#page .icon-with-text-shortcode.icon-text-id-5c7faaea155fdd9bed3b79a43915fedc .text-icon.dt-icon-hover-on:hover .soc-icon,\n#phantom .icon-with-text-shortcode.icon-text-id-5c7faaea155fdd9bed3b79a43915fedc .text-icon.dt-icon-hover-on:hover .soc-icon {\n  color: #fff;\n  background: none;\n}\n.icon-with-text-shortcode.icon-text-id-5c7faaea155fdd9bed3b79a43915fedc.layout-1 {\n  grid-template-columns: 32px minmax(0,1fr);\n  grid-column-gap: 0px;\n}\n.icon-with-text-shortcode.icon-text-id-5c7faaea155fdd9bed3b79a43915fedc.layout-2 {\n  grid-template-columns: minmax(0,1fr) 32px;\n  grid-column-gap: 0px;\n}\n.icon-with-text-shortcode.icon-text-id-5c7faaea155fdd9bed3b79a43915fedc.layout-2 .text-icon {\n  margin-left: 0;\n}\n.icon-with-text-shortcode.icon-text-id-5c7faaea155fdd9bed3b79a43915fedc.layout-3 {\n  grid-template-columns: 32px minmax(0,1fr);\n}\n.icon-with-text-shortcode.icon-text-id-5c7faaea155fdd9bed3b79a43915fedc.layout-3 .dt-text-title {\n  margin-left: 0px;\n}\n.icon-with-text-shortcode.icon-text-id-5c7faaea155fdd9bed3b79a43915fedc .dt-text-title,\n.icon-with-text-shortcode.icon-text-id-5c7faaea155fdd9bed3b79a43915fedc .dt-text-title a {\n  font-weight: bold;\n}\n.icon-with-text-shortcode.icon-text-id-5c7faaea155fdd9bed3b79a43915fedc .dt-text-title {\n  margin-bottom: 15px;\n}\n.icon-with-text-shortcode.icon-text-id-5c7faaea155fdd9bed3b79a43915fedc .dt-text-desc {\n  margin-bottom: 20px;\n  font-size: 16px;\n  line-height: 28px;\n}\n.icon-with-text-shortcode.icon-text-id-5c7faaea155fdd9bed3b79a43915fedc .default-btn-shortcode * {\n  vertical-align: middle;\n}\n<\/style><div class=\"icon-with-text-shortcode  icon-text-id-5c7faaea155fdd9bed3b79a43915fedc layout-5\" ><span   class=\"text-icon dt-icon-bg-off dt-icon-hover-off\" ><span class=\"icon-inner\"><i class=\"dt-regular-icon soc-icon fas fa-outdent\"><\/i><i class=\"dt-hover-icon soc-icon fas fa-outdent\"><\/i><\/span><\/span><h3 class=\"dt-text-title\"  >Avec support<\/h3><\/div>\n\t<div class=\"wpb_text_column wpb_content_element\" >\n\t\t<div class=\"wpb_wrapper\">\n\t\t\t<p style=\"text-align: center;\"><span style=\"color: #808080;\"><a style=\"color: #808080;\" href=\"https:\/\/www.usud.hr\/\">De la Cour constitutionnelle de la R\u00e9publique de Croatie<\/a><\/span><\/p>\n<p style=\"text-align: center;\"><span style=\"color: #808080;\"><a style=\"color: #808080;\" href=\"https:\/\/hr.ambafrance.org\/-Veleposlanstvo-\" target=\"_blank\" rel=\"noopener noreferrer\">Ambassades de la R\u00e9publique fran\u00e7aise en Croatie<\/a><\/span><\/p>\n<p style=\"text-align: center;\"><span style=\"color: #808080;\"><a style=\"color: #808080;\" href=\"https:\/\/www.dalmacija.hr\/\" target=\"_blank\" rel=\"noopener noreferrer\">Comt\u00e9 de Split-Dalmatie<\/a><\/span><\/p>\n<p style=\"text-align: center;\"><span style=\"color: #808080;\"><a style=\"color: #808080;\" href=\"https:\/\/www.split.hr\/\" target=\"_blank\" rel=\"noopener noreferrer\">Ville de Split<\/a><\/span><\/p>\n\n\t\t<\/div>\n\t<\/div>\n<\/div><\/div><\/div><\/div><\/div><\/div><\/div><\/div><div class=\"vc_row-full-width vc_clearfix\"><\/div><div data-vc-full-width=\"true\" data-vc-full-width-init=\"false\" class=\"vc_row wpb_row vc_row-fluid vc_custom_1590596753862 vc_row-has-fill\"><div class=\"wpb_column vc_column_container vc_col-sm-12 vc_col-has-fill\"><div class=\"vc_column-inner vc_custom_1575399499107\"><div class=\"wpb_wrapper\"><div id=\"ultimate-heading-10166a082c1440935\" class=\"uvc-heading ult-adjust-bottom-margin ultimate-heading-10166a082c1440935 uvc-6261  uvc-heading-default-font-sizes\" data-hspacer=\"no_spacer\"  data-halign=\"center\" style=\"text-align:center\"><div class=\"uvc-heading-spacer no_spacer\" style=\"top\"><\/div><div class=\"uvc-main-heading ult-responsive\"  data-ultimate-target='.uvc-heading.ultimate-heading-10166a082c1440935 h3'  data-responsive-json-new='{\"font-size\":\"\",\"line-height\":\"\"}' ><h3 style=\"font-weight:bold;margin-bottom:20px;\">Journ\u00e9es juridiques et administratives franco-croates<\/h3><\/div><div class=\"uvc-sub-heading ult-responsive\"  data-ultimate-target='.uvc-heading.ultimate-heading-10166a082c1440935 .uvc-sub-heading '  data-responsive-json-new='{\"font-size\":\"desktop:20px;\",\"line-height\":\"desktop:30px;\"}'  style=\"font-weight:normal;color:#148ba9;\">T\u00e9l\u00e9phone : <span style=\"color: #222222;\">021 393 555<\/span><br \/>\nEmail : <span style=\"color: #222222;\">upravnopravnidani@pravst.hr<\/span><\/div><\/div><\/div><\/div><\/div><\/div><div class=\"vc_row-full-width vc_clearfix\"><\/div>","protected":false},"excerpt":{"rendered":"<p>Organizatori Pravni Fakultet u Splitu\u00a0 Sveu\u010dili\u0161te Panth\u00e9on Assas, Pariz II Dr\u017eavni savjet Republike Francuske Suorganizatori Sveu\u010dili\u0161te u Splitu Ured za zakonodavstvo Vlade Republike Hrvatske Visoki upravni sud Republike Hrvatske Ministarstvo pravosu\u0111a i uprave Republike Hrvatske\u00a0 Centar za europsku dokumentaciju i istra\u017eivanja \u00ab R. Schuman \u00bb (Split) Uz potporu Ustavnog suda Republike Hrvatske Veleposlanstva Francuske Republike&hellip;<\/p>","protected":false},"author":1,"featured_media":0,"parent":3880,"menu_order":0,"comment_status":"closed","ping_status":"closed","template":"","meta":[],"_links":{"self":[{"href":"https:\/\/upravnopravnidani.pravst.unist.hr\/fr\/wp-json\/wp\/v2\/pages\/4184"}],"collection":[{"href":"https:\/\/upravnopravnidani.pravst.unist.hr\/fr\/wp-json\/wp\/v2\/pages"}],"about":[{"href":"https:\/\/upravnopravnidani.pravst.unist.hr\/fr\/wp-json\/wp\/v2\/types\/page"}],"author":[{"embeddable":true,"href":"https:\/\/upravnopravnidani.pravst.unist.hr\/fr\/wp-json\/wp\/v2\/users\/1"}],"replies":[{"embeddable":true,"href":"https:\/\/upravnopravnidani.pravst.unist.hr\/fr\/wp-json\/wp\/v2\/comments?post=4184"}],"version-history":[{"count":1,"href":"https:\/\/upravnopravnidani.pravst.unist.hr\/fr\/wp-json\/wp\/v2\/pages\/4184\/revisions"}],"predecessor-version":[{"id":5069,"href":"https:\/\/upravnopravnidani.pravst.unist.hr\/fr\/wp-json\/wp\/v2\/pages\/4184\/revisions\/5069"}],"up":[{"embeddable":true,"href":"https:\/\/upravnopravnidani.pravst.unist.hr\/fr\/wp-json\/wp\/v2\/pages\/3880"}],"wp:attachment":[{"href":"https:\/\/upravnopravnidani.pravst.unist.hr\/fr\/wp-json\/wp\/v2\/media?parent=4184"}],"curies":[{"name":"wp","href":"https:\/\/api.w.org\/{rel}","templated":true}]}}