{"id":4746,"date":"2020-05-23T12:51:26","date_gmt":"2020-05-23T12:51:26","guid":{"rendered":"http:\/\/upravnopravnidani.pravst.unist.hr\/?page_id=4746"},"modified":"2025-10-09T08:56:16","modified_gmt":"2025-10-09T08:56:16","slug":"zbornik-radova","status":"publish","type":"page","link":"https:\/\/upravnopravnidani.pravst.unist.hr\/fr\/publikacije\/zbornik-radova\/","title":{"rendered":"Recueil des travaux"},"content":{"rendered":"<div class=\"vc_row wpb_row vc_row-fluid vc_custom_1575399260773\"><div class=\"wpb_column vc_column_container vc_col-sm-4\"><div class=\"vc_column-inner vc_custom_1575399220241\"><div class=\"wpb_wrapper\">\n\t<div  class=\"wpb_single_image wpb_content_element vc_align_center\">\n\t\t\n\t\t<figure class=\"wpb_wrapper vc_figure\">\n\t\t\t<a href=\"http:\/\/upravnopravnidani.pravst.unist.hr\/wp-content\/uploads\/2020\/05\/ZBORNIK-RADOVA-HRVATSKO-FRANCUSKI-UPRAVNOPRAVNI-DANI-2007.pdf\" target=\"_self\"  class=\"vc_single_image-wrapper   vc_box_border_grey\" data-large_image_width=\"608\" data-large_image_height = \"892\"     ><img width=\"204\" height=\"300\" src=\"https:\/\/upravnopravnidani.pravst.unist.hr\/wp-content\/uploads\/2020\/05\/ZBORNIK-RADOVA-HRVATSKO-FRANCUSKI-UPRAVNOPRAVNI-DANI-2007-204x300.jpg\" class=\"vc_single_image-img attachment-medium\" alt=\"\" loading=\"lazy\" srcset=\"https:\/\/upravnopravnidani.pravst.unist.hr\/wp-content\/uploads\/2020\/05\/ZBORNIK-RADOVA-HRVATSKO-FRANCUSKI-UPRAVNOPRAVNI-DANI-2007-204x300.jpg 204w, https:\/\/upravnopravnidani.pravst.unist.hr\/wp-content\/uploads\/2020\/05\/ZBORNIK-RADOVA-HRVATSKO-FRANCUSKI-UPRAVNOPRAVNI-DANI-2007.jpg 608w\" sizes=\"(max-width: 204px) 100vw, 204px\"  data-dt-location=\"https:\/\/upravnopravnidani.pravst.unist.hr\/fr\/publikacije\/zbornik-radova-hrvatsko-francuski-upravnopravni-dani-2007-2\/\" \/><\/a><figcaption class=\"vc_figure-caption\">Recuil des travaux Journ\u00e9es juridiques et administratives franco-croates,\nVers l'administration publique moderne - Traditions et Transitions - L'\u0153uvre et l'influence du Conseil d'\u00c9tat fran\u00e7ais,Universit\u00e9 de Split, 2007.<\/figcaption>\n\t\t<\/figure>\n\t<\/div>\n<\/div><\/div><\/div><div class=\"wpb_column vc_column_container vc_col-sm-4\"><div class=\"vc_column-inner\"><div class=\"wpb_wrapper\">\n\t<div  class=\"wpb_single_image wpb_content_element vc_align_center\">\n\t\t\n\t\t<figure class=\"wpb_wrapper vc_figure\">\n\t\t\t<a href=\"http:\/\/upravnopravnidani.pravst.unist.hr\/wp-content\/uploads\/2020\/05\/ZBORNIK-RADOVA-HRVATSKO-FRANCUSKI-UPRAVNOPRAVNI-DANI-2008.pdf\" target=\"_self\"  class=\"vc_single_image-wrapper   vc_box_border_grey\" data-large_image_width=\"609\" data-large_image_height = \"892\"     ><img width=\"205\" height=\"300\" src=\"https:\/\/upravnopravnidani.pravst.unist.hr\/wp-content\/uploads\/2020\/05\/ZBORNIK-RADOVA-HRVATSKO-FRANCUSKI-UPRAVNOPRAVNI-DANI-2008-205x300.jpg\" class=\"vc_single_image-img attachment-medium\" alt=\"\" loading=\"lazy\" srcset=\"https:\/\/upravnopravnidani.pravst.unist.hr\/wp-content\/uploads\/2020\/05\/ZBORNIK-RADOVA-HRVATSKO-FRANCUSKI-UPRAVNOPRAVNI-DANI-2008-205x300.jpg 205w, https:\/\/upravnopravnidani.pravst.unist.hr\/wp-content\/uploads\/2020\/05\/ZBORNIK-RADOVA-HRVATSKO-FRANCUSKI-UPRAVNOPRAVNI-DANI-2008.jpg 609w\" sizes=\"(max-width: 205px) 100vw, 205px\"  data-dt-location=\"https:\/\/upravnopravnidani.pravst.unist.hr\/fr\/publikacije\/zbornik-radova-hrvatsko-francuski-upravnopravni-dani-2008-2\/\" \/><\/a><figcaption class=\"vc_figure-caption\">Recuil des travaux Journ\u00e9es juridiques et administratives franco-croates, Le droit et la valorisation des biens publics, Universit\u00e9 de Split, 2007.<\/figcaption>\n\t\t<\/figure>\n\t<\/div>\n<\/div><\/div><\/div><div class=\"wpb_column vc_column_container vc_col-sm-4\"><div class=\"vc_column-inner\"><div class=\"wpb_wrapper\">\n\t<div  class=\"wpb_single_image wpb_content_element vc_align_center\">\n\t\t\n\t\t<figure class=\"wpb_wrapper vc_figure\">\n\t\t\t<a href=\"https:\/\/upravnopravnidani.pravst.unist.hr\/wp-content\/uploads\/2025\/10\/Zbornik-radova-s-medunarodnog-znanstvenog-skupa-17.-Hrvatsko-francuski-upravnopravnidani-Javna-sluzba-SplitPariz-2023..pdf\" target=\"_blank\"  class=\"vc_single_image-wrapper   vc_box_border_grey\" data-large_image_width=\"588\" data-large_image_height = \"797\"     ><img width=\"221\" height=\"300\" src=\"https:\/\/upravnopravnidani.pravst.unist.hr\/wp-content\/uploads\/2024\/11\/Zbornik-H-F-upravnopravni-dani-2023.-221x300.png\" class=\"vc_single_image-img attachment-medium\" alt=\"\" loading=\"lazy\" srcset=\"https:\/\/upravnopravnidani.pravst.unist.hr\/wp-content\/uploads\/2024\/11\/Zbornik-H-F-upravnopravni-dani-2023.-221x300.png 221w, https:\/\/upravnopravnidani.pravst.unist.hr\/wp-content\/uploads\/2024\/11\/Zbornik-H-F-upravnopravni-dani-2023.-9x12.png 9w, https:\/\/upravnopravnidani.pravst.unist.hr\/wp-content\/uploads\/2024\/11\/Zbornik-H-F-upravnopravni-dani-2023..png 588w\" sizes=\"(max-width: 221px) 100vw, 221px\"  data-dt-location=\"https:\/\/upravnopravnidani.pravst.unist.hr\/fr\/publikacije\/radovi\/2023-2\/zbornik-h-f-upravnopravni-dani-2023\/\" \/><\/a><figcaption class=\"vc_figure-caption\">Zbornik radova s me\u0111unarodnog znanstvenog skupa &quot;17. Hrvatsko-francuski upravnopravnidani&quot; -  Javna slu\u017eba, Split\/Pariz, 2023.<\/figcaption>\n\t\t<\/figure>\n\t<\/div>\n<\/div><\/div><\/div><\/div><div data-vc-full-width=\"true\" data-vc-full-width-init=\"false\" class=\"vc_row wpb_row vc_row-fluid vc_custom_1575399465927 vc_row-has-fill\"><div class=\"wpb_column vc_column_container vc_col-sm-12 vc_col-has-fill\"><div class=\"vc_column-inner vc_custom_1575399499107\"><div class=\"wpb_wrapper\"><div id=\"ultimate-heading-26286a082c14b4479\" class=\"uvc-heading ult-adjust-bottom-margin ultimate-heading-26286a082c14b4479 uvc-1221  uvc-heading-default-font-sizes\" data-hspacer=\"no_spacer\"  data-halign=\"center\" style=\"text-align:center\"><div class=\"uvc-heading-spacer no_spacer\" style=\"top\"><\/div><div class=\"uvc-main-heading ult-responsive\"  data-ultimate-target='.uvc-heading.ultimate-heading-26286a082c14b4479 h3'  data-responsive-json-new='{\"font-size\":\"\",\"line-height\":\"\"}' ><h3 style=\"font-weight:bold;margin-bottom:20px;\">Journ\u00e9es juridiques et administratives franco-croates<\/h3><\/div><div class=\"uvc-sub-heading ult-responsive\"  data-ultimate-target='.uvc-heading.ultimate-heading-26286a082c14b4479 .uvc-sub-heading '  data-responsive-json-new='{\"font-size\":\"desktop:20px;\",\"line-height\":\"desktop:30px;\"}'  style=\"font-weight:normal;color:#148ba9;\">T\u00e9l\u00e9phone : <span style=\"color: #222222;\">021 393 555<\/span><br \/>\nEmail : <span style=\"color: #222222;\">dekanat@pravst.hr<\/span><\/div><\/div><\/div><\/div><\/div><\/div><div class=\"vc_row-full-width vc_clearfix\"><\/div>","protected":false},"excerpt":{"rendered":"<p>Zbornik radova Hrvatsko-francuskog pravnog simpozija, Prema suvremenoj javnoj upravi \u2013 Tradicije i tranzicije \u2013 Djelo i utjecaj francuskog Dr\u017eavnog savjeta, Sveu\u010dili\u0161te u Splitu, 2007. Zbornik radova Hrvatsko-francuskog pravnog simpozija, Pravo i vrjednovanje javnih dobara, Sveu\u010dili\u0161te u Splitu, 2007. Zbornik radova s me\u0111unarodnog znanstvenog skupa &quot;17. Hrvatsko-francuski upravnopravnidani&quot; &#8211; Javna slu\u017eba, Split\/Pariz, 2023. Hrvatsko-francuski upravnopravni daniTelefon&hellip;<\/p>","protected":false},"author":1,"featured_media":0,"parent":3833,"menu_order":0,"comment_status":"closed","ping_status":"closed","template":"","meta":[],"_links":{"self":[{"href":"https:\/\/upravnopravnidani.pravst.unist.hr\/fr\/wp-json\/wp\/v2\/pages\/4746"}],"collection":[{"href":"https:\/\/upravnopravnidani.pravst.unist.hr\/fr\/wp-json\/wp\/v2\/pages"}],"about":[{"href":"https:\/\/upravnopravnidani.pravst.unist.hr\/fr\/wp-json\/wp\/v2\/types\/page"}],"author":[{"embeddable":true,"href":"https:\/\/upravnopravnidani.pravst.unist.hr\/fr\/wp-json\/wp\/v2\/users\/1"}],"replies":[{"embeddable":true,"href":"https:\/\/upravnopravnidani.pravst.unist.hr\/fr\/wp-json\/wp\/v2\/comments?post=4746"}],"version-history":[{"count":4,"href":"https:\/\/upravnopravnidani.pravst.unist.hr\/fr\/wp-json\/wp\/v2\/pages\/4746\/revisions"}],"predecessor-version":[{"id":5471,"href":"https:\/\/upravnopravnidani.pravst.unist.hr\/fr\/wp-json\/wp\/v2\/pages\/4746\/revisions\/5471"}],"up":[{"embeddable":true,"href":"https:\/\/upravnopravnidani.pravst.unist.hr\/fr\/wp-json\/wp\/v2\/pages\/3833"}],"wp:attachment":[{"href":"https:\/\/upravnopravnidani.pravst.unist.hr\/fr\/wp-json\/wp\/v2\/media?parent=4746"}],"curies":[{"name":"wp","href":"https:\/\/api.w.org\/{rel}","templated":true}]}}