{"id":4847,"date":"2020-05-24T10:46:16","date_gmt":"2020-05-24T10:46:16","guid":{"rendered":"http:\/\/upravnopravnidani.pravst.unist.hr\/?page_id=4847"},"modified":"2020-05-27T17:23:03","modified_gmt":"2020-05-27T17:23:03","slug":"ostale-vazne-informacije","status":"publish","type":"page","link":"https:\/\/upravnopravnidani.pravst.unist.hr\/fr\/o-konferenciji\/ostale-vazne-informacije\/","title":{"rendered":"Autres informations importantes"},"content":{"rendered":"<div class=\"vc_row wpb_row vc_row-fluid vc_custom_1575461767578 vc_row-o-equal-height vc_row-flex\"><div class=\"wpb_column vc_column_container vc_col-sm-12\"><div class=\"vc_column-inner vc_custom_1575458048778\"><div class=\"wpb_wrapper\"><\/div><\/div><\/div><div class=\"wpb_column vc_column_container vc_col-sm-12\"><div class=\"vc_column-inner\"><div class=\"wpb_wrapper\"><div class=\"vc_row wpb_row vc_inner vc_row-fluid vc_custom_1575376546455 vc_column-gap-30 vc_row-o-equal-height vc_row-o-content-middle vc_row-flex\"><div class=\"wpb_column vc_column_container vc_col-sm-4 vc_col-has-fill\"><div class=\"vc_column-inner vc_custom_1575465595750\"><div class=\"wpb_wrapper\"><div id=\"ultimate-heading-1469ea4f47d8d48\" class=\"uvc-heading ult-adjust-bottom-margin ultimate-heading-1469ea4f47d8d48 uvc-7723\" data-hspacer=\"no_spacer\"  data-halign=\"left\" style=\"text-align:left\"><div class=\"uvc-heading-spacer no_spacer\" style=\"top\"><\/div><div class=\"uvc-main-heading ult-responsive\"  data-ultimate-target='.uvc-heading.ultimate-heading-1469ea4f47d8d48 h2'  data-responsive-json-new='{\"font-size\":\"desktop:50px;\",\"line-height\":\"desktop:60px;\"}' ><h2 style=\"font-weight:bold;color:#3b8ced;\">01<\/h2><\/div><div class=\"uvc-sub-heading ult-responsive\"  data-ultimate-target='.uvc-heading.ultimate-heading-1469ea4f47d8d48 .uvc-sub-heading '  data-responsive-json-new='{\"font-size\":\"\",\"line-height\":\"\"}'  style=\"font-weight:normal;\"><strong>Autres informations importantes<\/strong><\/p>\n<p>Pour les horaires des autobus n\u00b0 12, consulter la <a href=\"http:\/\/www.promet-split.hr\/\">page web Promet Split.<\/a><br \/>\nPour les transports locaux et internationaux, consulter la <a href=\"http:\/\/www.ak-split.hr\/\">page Autobusni kolodvor Split<\/a><br \/>\nRetrouvez les informations compl\u00e9mentaires sur les pages <a href=\"http:\/\/www.visitsplit.com\/\">TZ Split<\/a><\/div><\/div><\/div><\/div><\/div><div class=\"wpb_column vc_column_container vc_col-sm-4 vc_col-has-fill\"><div class=\"vc_column-inner vc_custom_1575465574730\"><div class=\"wpb_wrapper\"><div id=\"ultimate-heading-673469ea4f47d8e2f\" class=\"uvc-heading ult-adjust-bottom-margin ultimate-heading-673469ea4f47d8e2f uvc-5137\" data-hspacer=\"no_spacer\"  data-halign=\"left\" style=\"text-align:left\"><div class=\"uvc-heading-spacer no_spacer\" style=\"top\"><\/div><div class=\"uvc-main-heading ult-responsive\"  data-ultimate-target='.uvc-heading.ultimate-heading-673469ea4f47d8e2f h2'  data-responsive-json-new='{\"font-size\":\"desktop:50px;\",\"line-height\":\"desktop:60px;\"}' ><h2 style=\"font-weight:bold;color:#3b8ced;\">02<\/h2><\/div><div class=\"uvc-sub-heading ult-responsive\"  data-ultimate-target='.uvc-heading.ultimate-heading-673469ea4f47d8e2f .uvc-sub-heading '  data-responsive-json-new='{\"font-size\":\"\",\"line-height\":\"\"}'  style=\"font-weight:normal;\"><strong>\u00c0 partir des gares autorouti\u00e8re ou ferroviaire.<\/strong><\/p>\n<p>Le service des taxis est accessible \u00e0 deux endroits : l\u2019un juste aux abords de la gare routi\u00e8re principale, et l\u2019autre dans la partie ouest du port, tout au bout du bord de mer juste \u00e0 c\u00f4t\u00e9 de l\u2019\u00e9glise Saint Fran\u00e7ois.<\/p>\n<p><a href=\"http:\/\/maps.google.com\/maps?f=d&amp;source=s_d&amp;saddr=Obala+kneza+Domagoja&amp;daddr=43.504433,16.406397&amp;geocode=FYLUlwId-OP6AA%3BFTHTlwIdfVf6AA&amp;hl=en&amp;mra=ltm&amp;dirflg=w&amp;sll=43.509344,16.42499&amp;sspn=0.028324,0.039868&amp;ie=UTF8&amp;ll=43.505733,16.424303&amp;spn=0.028325,0.039868&amp;t=h&amp;z=15\">Comment arriver jusqu\u2019\u00e0 nous par Google Map<\/a><\/div><\/div><\/div><\/div><\/div><div class=\"wpb_column vc_column_container vc_col-sm-4 vc_col-has-fill\"><div class=\"vc_column-inner vc_custom_1589525279161\"><div class=\"wpb_wrapper\"><div id=\"ultimate-heading-153569ea4f47d8ed6\" class=\"uvc-heading ult-adjust-bottom-margin ultimate-heading-153569ea4f47d8ed6 uvc-9968\" data-hspacer=\"no_spacer\"  data-halign=\"left\" style=\"text-align:left\"><div class=\"uvc-heading-spacer no_spacer\" style=\"top\"><\/div><div class=\"uvc-main-heading ult-responsive\"  data-ultimate-target='.uvc-heading.ultimate-heading-153569ea4f47d8ed6 h2'  data-responsive-json-new='{\"font-size\":\"desktop:50px;\",\"line-height\":\"desktop:60px;\"}' ><h2 style=\"font-weight:bold;color:rgba(255,255,255,0.5);\">03<\/h2><\/div><div class=\"uvc-sub-heading ult-responsive\"  data-ultimate-target='.uvc-heading.ultimate-heading-153569ea4f47d8ed6 .uvc-sub-heading '  data-responsive-json-new='{\"font-size\":\"\",\"line-height\":\"\"}'  style=\"font-weight:normal;color:rgba(255,255,255,0.7);\"><\/p>\n<h4><span style=\"color: #ffffff;\">\u00c0 partir de l\u2019a\u00e9roport de Split<\/span><\/h4>\n<p>Toutes les informations pour se rendre \u00e0 Split par la voie des airs sont disponibles sur les \npages web de Croatia Airlines, et sur les pages des autres compagnies a\u00e9riennes, c\u2019est pourquoi n\u2019est pr\u00e9sent\u00e9 ici qu\u2019un aper\u00e7u de la fa\u00e7on de se rendre au Medils apr\u00e8s atterrissage \n\u00e0 l\u2019a\u00e9roport.<\/p>\n<p><a href=\"http:\/\/maps.google.com\/maps?f=d&amp;source=s_d&amp;saddr=Zra%C4%8Dna+luka+Split,Ka%C5%A1tela&amp;daddr=43.504433,16.406397&amp;hl=en&amp;geocode=FSZTmAIdOr34AA%3BFTHTlwIdfVf6AA&amp;mra=ls&amp;doflg=ptk&amp;sll=43.53144,16.395915&amp;sspn=0.179214,0.326157&amp;ie=UTF8&amp;t=h&amp;z=12\">Consulter Google Map pour gagner Medils<\/a><\/div><\/div><\/div><\/div><\/div><\/div><\/div><\/div><\/div><\/div><div data-vc-full-width=\"true\" data-vc-full-width-init=\"false\" class=\"vc_row wpb_row vc_row-fluid vc_custom_1575399465927 vc_row-has-fill\"><div class=\"wpb_column vc_column_container vc_col-sm-12 vc_col-has-fill\"><div class=\"vc_column-inner vc_custom_1575399499107\"><div class=\"wpb_wrapper\"><div id=\"ultimate-heading-641669ea4f47d91f8\" class=\"uvc-heading ult-adjust-bottom-margin ultimate-heading-641669ea4f47d91f8 uvc-9259  uvc-heading-default-font-sizes\" data-hspacer=\"no_spacer\"  data-halign=\"center\" style=\"text-align:center\"><div class=\"uvc-heading-spacer no_spacer\" style=\"top\"><\/div><div class=\"uvc-main-heading ult-responsive\"  data-ultimate-target='.uvc-heading.ultimate-heading-641669ea4f47d91f8 h3'  data-responsive-json-new='{\"font-size\":\"\",\"line-height\":\"\"}' ><h3 style=\"font-weight:bold;margin-bottom:20px;\">Journ\u00e9es juridiques et administratives franco-croates<\/h3><\/div><div class=\"uvc-sub-heading ult-responsive\"  data-ultimate-target='.uvc-heading.ultimate-heading-641669ea4f47d91f8 .uvc-sub-heading '  data-responsive-json-new='{\"font-size\":\"desktop:20px;\",\"line-height\":\"desktop:30px;\"}'  style=\"font-weight:normal;color:#148ba9;\">T\u00e9l\u00e9phone : <span style=\"color: #222222;\">021 393 555<\/span><br \/>\nEmail : <span style=\"color: #222222;\">upravnopravnidani@pravst.hr<\/span><\/div><\/div><\/div><\/div><\/div><\/div><div class=\"vc_row-full-width vc_clearfix\"><\/div>","protected":false},"excerpt":{"rendered":"<p>01Ostale va\u017ene informacije Za raspored vo\u017enje autobusa br. 12 posjetite Promet Split web stranicu Za doma\u0107i i me\u0111unarodni autobusni promet posjetite stranicu Autobusnog kolodvora Split Dodatne informacije o Splitu prona\u0111ite na stranicama TZ Split02Sa autobusnog \/ \u017eeljezni\u010dkog kolodvora Taksi servis je dostupan sa dvije lokacije: jedna je odmah pored glavnog autobusnog kolodvora, a druga zapadno&hellip;<\/p>","protected":false},"author":1,"featured_media":0,"parent":3880,"menu_order":0,"comment_status":"closed","ping_status":"closed","template":"","meta":[],"_links":{"self":[{"href":"https:\/\/upravnopravnidani.pravst.unist.hr\/fr\/wp-json\/wp\/v2\/pages\/4847"}],"collection":[{"href":"https:\/\/upravnopravnidani.pravst.unist.hr\/fr\/wp-json\/wp\/v2\/pages"}],"about":[{"href":"https:\/\/upravnopravnidani.pravst.unist.hr\/fr\/wp-json\/wp\/v2\/types\/page"}],"author":[{"embeddable":true,"href":"https:\/\/upravnopravnidani.pravst.unist.hr\/fr\/wp-json\/wp\/v2\/users\/1"}],"replies":[{"embeddable":true,"href":"https:\/\/upravnopravnidani.pravst.unist.hr\/fr\/wp-json\/wp\/v2\/comments?post=4847"}],"version-history":[{"count":0,"href":"https:\/\/upravnopravnidani.pravst.unist.hr\/fr\/wp-json\/wp\/v2\/pages\/4847\/revisions"}],"up":[{"embeddable":true,"href":"https:\/\/upravnopravnidani.pravst.unist.hr\/fr\/wp-json\/wp\/v2\/pages\/3880"}],"wp:attachment":[{"href":"https:\/\/upravnopravnidani.pravst.unist.hr\/fr\/wp-json\/wp\/v2\/media?parent=4847"}],"curies":[{"name":"wp","href":"https:\/\/api.w.org\/{rel}","templated":true}]}}