{"id":5073,"date":"2020-08-31T12:48:18","date_gmt":"2020-08-31T12:48:18","guid":{"rendered":"https:\/\/upravnopravnidani.pravst.unist.hr\/?page_id=5073"},"modified":"2020-08-31T12:52:31","modified_gmt":"2020-08-31T12:52:31","slug":"upute","status":"publish","type":"page","link":"https:\/\/upravnopravnidani.pravst.unist.hr\/fr\/upute\/","title":{"rendered":"Instructions"},"content":{"rendered":"<div class=\"vc_row wpb_row vc_row-fluid\"><div class=\"wpb_column vc_column_container vc_col-sm-12\"><div class=\"vc_column-inner\"><div class=\"wpb_wrapper\">\n\t<div class=\"wpb_text_column wpb_content_element\" >\n\t\t<div class=\"wpb_wrapper\">\n\t\t\t<p><strong>Prijave za sudjelovanje na Simpoziju (webinar) :<\/strong><\/p>\n<p><a href=\"https:\/\/upravnopravnidani.pravst.unist.hr\/fr\/prijavnica\/\">https:\/\/upravnopravnidani.pravst.unist.hr\/prijavnica\/<\/a><\/p>\n<p>Svi prijavljeni sudionici \u0107e <strong>16. rujna 2020. godine<\/strong> do kraja radnog dana zaprimiti zahtjev za sastankom (meeting request) putem e-maila koji su upisali pri prijavi, a koji \u0107e sadr\u017eavati poveznicu za pristup webinaru putem platforme Microsoft Teams. Za sudjelovanje nije nu\u017eno imati instaliranu aplikaciju, ve\u0107 je mogu\u0107e pristupiti putem internet preglednika (preporu\u010damo Chrome i Firefox).<\/p>\n<p>Tijekom webinara komunikacija s predava\u010dem (npr. postavljanje pitanja, tra\u017eenje poja\u0161njenja ili uklju\u010divanje na poziv predava\u010da i sl.) ostvaruje se uz pomo\u0107 funkcije \u201eChat\u201c.<\/p>\n<p><strong><br \/>\nPitanja i informacije\u00a0:<\/strong><\/p>\n<p>Pravni fakultet u Splitu, Domovinskog rata 8., UPRAVNOPRAVNI DANI, 21000 Split,\u00a0 e-mail : <a href=\"mailto:upravnopravnidani@pravst.hr\">upravnopravnidani@pravst.hr<\/a>, tel. : 00\u00a0385 (0) 21 393 502.<\/p>\n<p>&nbsp;<\/p>\n\n\t\t<\/div>\n\t<\/div>\n<\/div><\/div><\/div><\/div><div class=\"vc_row wpb_row vc_row-fluid\"><div class=\"wpb_column vc_column_container vc_col-sm-12\"><div class=\"vc_column-inner\"><div class=\"wpb_wrapper\">\n\t<div class=\"wpb_text_column wpb_content_element\" >\n\t\t<div class=\"wpb_wrapper\">\n\t\t\t<p>&nbsp;<\/p>\n<p>&nbsp;<\/p>\n\n\t\t<\/div>\n\t<\/div>\n<\/div><\/div><\/div><\/div>","protected":false},"excerpt":{"rendered":"<p>Prijave za sudjelovanje na Simpoziju (webinar) : https:\/\/upravnopravnidani.pravst.unist.hr\/prijavnica\/ Svi prijavljeni sudionici \u0107e 16. rujna 2020. godine do kraja radnog dana zaprimiti zahtjev za sastankom (meeting request) putem e-maila koji su upisali pri prijavi, a koji \u0107e sadr\u017eavati poveznicu za pristup webinaru putem platforme Microsoft Teams. Za sudjelovanje nije nu\u017eno imati instaliranu aplikaciju, ve\u0107 je mogu\u0107e&hellip;<\/p>","protected":false},"author":1,"featured_media":0,"parent":0,"menu_order":0,"comment_status":"closed","ping_status":"closed","template":"","meta":[],"_links":{"self":[{"href":"https:\/\/upravnopravnidani.pravst.unist.hr\/fr\/wp-json\/wp\/v2\/pages\/5073"}],"collection":[{"href":"https:\/\/upravnopravnidani.pravst.unist.hr\/fr\/wp-json\/wp\/v2\/pages"}],"about":[{"href":"https:\/\/upravnopravnidani.pravst.unist.hr\/fr\/wp-json\/wp\/v2\/types\/page"}],"author":[{"embeddable":true,"href":"https:\/\/upravnopravnidani.pravst.unist.hr\/fr\/wp-json\/wp\/v2\/users\/1"}],"replies":[{"embeddable":true,"href":"https:\/\/upravnopravnidani.pravst.unist.hr\/fr\/wp-json\/wp\/v2\/comments?post=5073"}],"version-history":[{"count":4,"href":"https:\/\/upravnopravnidani.pravst.unist.hr\/fr\/wp-json\/wp\/v2\/pages\/5073\/revisions"}],"predecessor-version":[{"id":5078,"href":"https:\/\/upravnopravnidani.pravst.unist.hr\/fr\/wp-json\/wp\/v2\/pages\/5073\/revisions\/5078"}],"wp:attachment":[{"href":"https:\/\/upravnopravnidani.pravst.unist.hr\/fr\/wp-json\/wp\/v2\/media?parent=5073"}],"curies":[{"name":"wp","href":"https:\/\/api.w.org\/{rel}","templated":true}]}}