{"id":5184,"date":"2021-05-17T08:22:18","date_gmt":"2021-05-17T08:22:18","guid":{"rendered":"https:\/\/upravnopravnidani.pravst.unist.hr\/?page_id=5184"},"modified":"2021-05-17T08:22:18","modified_gmt":"2021-05-17T08:22:18","slug":"2020-2","status":"publish","type":"page","link":"https:\/\/upravnopravnidani.pravst.unist.hr\/fr\/publikacije\/radovi\/2020-2\/","title":{"rendered":"2020"},"content":{"rendered":"<div class=\"vc_row wpb_row vc_row-fluid vc_custom_1589721212584\"><div class=\"wpb_column vc_column_container vc_col-sm-8\"><div class=\"vc_column-inner\"><div class=\"wpb_wrapper\"><div id=\"ultimate-heading-570469ea0f3fd495a\" class=\"uvc-heading ult-adjust-bottom-margin ultimate-heading-570469ea0f3fd495a uvc-6532  uvc-heading-default-font-sizes\" data-hspacer=\"no_spacer\"  data-halign=\"left\" style=\"text-align:left\"><div class=\"uvc-heading-spacer no_spacer\" style=\"top\"><\/div><div class=\"uvc-main-heading ult-responsive\"  data-ultimate-target='.uvc-heading.ultimate-heading-570469ea0f3fd495a h3'  data-responsive-json-new='{\"font-size\":\"\",\"line-height\":\"\"}' ><h3 style=\"font-weight:bold;color:#148ba9;margin-bottom:20px;\">Split, 17 et 18 septembre<\/h3><\/div><div class=\"uvc-sub-heading ult-responsive\"  data-ultimate-target='.uvc-heading.ultimate-heading-570469ea0f3fd495a .uvc-sub-heading '  data-responsive-json-new='{\"font-size\":\"desktop:34px;\",\"line-height\":\"desktop:44px;\"}'  style=\"font-weight:bold;color:#222222;margin-bottom:30px;\">L'action des pouvoirs publics et de la juridiction administrative en p\u00e9riode de pand\u00e9mie COVID-19<\/div><\/div>\n\t<div class=\"wpb_text_column wpb_content_element\" >\n\t\t<div class=\"wpb_wrapper\">\n\t\t\t<p><a href=\"https:\/\/upravnopravnidani.pravst.unist.hr\/wp-content\/uploads\/2021\/05\/Bruno-Lasserre.pdf\">Le Conseil d'\u00c9tat face \u00e0 la crise sanitaire du COVID-19\u00a0\u00a0\u00a0\u00a0 <strong>Bruno LASSERRE<\/strong><\/a><\/p>\n<p><a href=\"https:\/\/upravnopravnidani.pravst.unist.hr\/wp-content\/uploads\/2021\/05\/Lana-Ofak.pdf\">La nature juridique des mesures de lutte contre la pand\u00e9mie COVID-19\u00a0 <strong>Lana OFAK<\/strong><\/a><\/p>\n<p><a href=\"https:\/\/upravnopravnidani.pravst.unist.hr\/wp-content\/uploads\/2021\/05\/Turudic-Britvic-Vetma.pdf\">L'\u00c9tat et la r\u00e9paration du pr\u00e9judice en p\u00e9riode de calamit\u00e9s naturelles - la justification de la suspension des lois applicables\u00a0 <strong>Bosiljka BRITVI\u0106 VETMA\u00a0\u00a0 Marko TURUDI\u0106<\/strong><\/a><\/p>\n<p><a href=\"https:\/\/upravnopravnidani.pravst.unist.hr\/wp-content\/uploads\/2021\/05\/Ivica-Susak.pdf\">L'\u00e9laboration des r\u00e8gles juridiques dans le syst\u00e8me de l'enseignement sup\u00e9rieur en p\u00e9riode de pand\u00e9mie\u00a0 <strong>Ivo \u0160U\u0160AK<\/strong><\/a><\/p>\n<p><a href=\"https:\/\/upravnopravnidani.pravst.unist.hr\/wp-content\/uploads\/2021\/05\/Inga-Vezmar-Barlek.pdf\">Le r\u00f4le du Haut tribunal administratif de la R\u00e9publique de Croatie en p\u00e9riode de pand\u00e9mie COVID-19\u00a0 <strong>Inga VEZMAR BARLEK<\/strong><\/a><\/p>\n<p><a href=\"https:\/\/upravnopravnidani.pravst.unist.hr\/wp-content\/uploads\/2021\/05\/Natasa-Zunic-Kovacevic.pdf\">Les effets et l'impact de la pand\u00e9mie COVID-19 sur l'imp\u00f4t et le syst\u00e8me fiscal\u00a0 <strong>Nata\u0161a \u017dUNI\u0106 KOVA\u010cEVI\u0106<\/strong><\/a><\/p>\n<p><a href=\"https:\/\/upravnopravnidani.pravst.unist.hr\/wp-content\/uploads\/2021\/05\/Kurtovic-Misic-Sokanovic.pdf\">La sanction des comportements des personnes physiques et morales durant la pand\u00e9mie COVID-19 : entre droit p\u00e9nal, contraventionnel et administratif\u00a0 <strong>Anita KURTOVI\u0106 MI\u0160I\u0106\u00a0 Lucija SOKANOVI\u0106\u00a0 Nina MI\u0160I\u0106 RADANOVI\u0106<\/strong><\/a><\/p>\n\n\t\t<\/div>\n\t<\/div>\n<\/div><\/div><\/div><div class=\"wpb_column vc_column_container vc_col-sm-4\"><div class=\"vc_column-inner\"><div class=\"wpb_wrapper\"><\/div><\/div><\/div><\/div><div data-vc-full-width=\"true\" data-vc-full-width-init=\"false\" class=\"vc_row wpb_row vc_row-fluid vc_custom_1575399465927 vc_row-has-fill\"><div class=\"wpb_column vc_column_container vc_col-sm-12 vc_col-has-fill\"><div class=\"vc_column-inner vc_custom_1575399499107\"><div class=\"wpb_wrapper\"><div id=\"ultimate-heading-292369ea0f3fd5c8b\" class=\"uvc-heading ult-adjust-bottom-margin ultimate-heading-292369ea0f3fd5c8b uvc-5657  uvc-heading-default-font-sizes\" data-hspacer=\"no_spacer\"  data-halign=\"center\" style=\"text-align:center\"><div class=\"uvc-heading-spacer no_spacer\" style=\"top\"><\/div><div class=\"uvc-main-heading ult-responsive\"  data-ultimate-target='.uvc-heading.ultimate-heading-292369ea0f3fd5c8b h3'  data-responsive-json-new='{\"font-size\":\"\",\"line-height\":\"\"}' ><h3 style=\"font-weight:bold;margin-bottom:20px;\">Journ\u00e9es juridiques et administratives franco-croates<\/h3><\/div><div class=\"uvc-sub-heading ult-responsive\"  data-ultimate-target='.uvc-heading.ultimate-heading-292369ea0f3fd5c8b .uvc-sub-heading '  data-responsive-json-new='{\"font-size\":\"desktop:20px;\",\"line-height\":\"desktop:30px;\"}'  style=\"font-weight:normal;color:#148ba9;\">T\u00e9l\u00e9phone : <span style=\"color: #222222;\">021 393 555<\/span><br \/>\nEmail : <span style=\"color: #222222;\">dekanat@pravst.hr<\/span><\/div><\/div><\/div><\/div><\/div><\/div><div class=\"vc_row-full-width vc_clearfix\"><\/div>","protected":false},"excerpt":{"rendered":"<p>Split, 17. i 18. rujnaDjelovanje javnopravnopravnih tijela i upravnih sudova u vrijeme pandemije COVID-19 Uloga Dr\u017eavnog savjeta u vrijeme pandemije COVID-19\u00a0\u00a0\u00a0\u00a0 Bruno LASSERRE Pravna priroda mjera usmjerenih na suzbijanje pandemije COVID-19\u00a0 Lana OFAK Dr\u017eava i naknada \u0161tete u vrijeme prirodnih nepogoda \u2013 o opravdanosti nekih normativnih rje\u0161enja\u00a0 Bosiljka BRITVI\u0106 VETMA\u00a0\u00a0 Marko TURUDI\u0106 Izrada pravnih propisa&hellip;<\/p>","protected":false},"author":1,"featured_media":0,"parent":3918,"menu_order":0,"comment_status":"closed","ping_status":"closed","template":"","meta":[],"_links":{"self":[{"href":"https:\/\/upravnopravnidani.pravst.unist.hr\/fr\/wp-json\/wp\/v2\/pages\/5184"}],"collection":[{"href":"https:\/\/upravnopravnidani.pravst.unist.hr\/fr\/wp-json\/wp\/v2\/pages"}],"about":[{"href":"https:\/\/upravnopravnidani.pravst.unist.hr\/fr\/wp-json\/wp\/v2\/types\/page"}],"author":[{"embeddable":true,"href":"https:\/\/upravnopravnidani.pravst.unist.hr\/fr\/wp-json\/wp\/v2\/users\/1"}],"replies":[{"embeddable":true,"href":"https:\/\/upravnopravnidani.pravst.unist.hr\/fr\/wp-json\/wp\/v2\/comments?post=5184"}],"version-history":[{"count":2,"href":"https:\/\/upravnopravnidani.pravst.unist.hr\/fr\/wp-json\/wp\/v2\/pages\/5184\/revisions"}],"predecessor-version":[{"id":5193,"href":"https:\/\/upravnopravnidani.pravst.unist.hr\/fr\/wp-json\/wp\/v2\/pages\/5184\/revisions\/5193"}],"up":[{"embeddable":true,"href":"https:\/\/upravnopravnidani.pravst.unist.hr\/fr\/wp-json\/wp\/v2\/pages\/3918"}],"wp:attachment":[{"href":"https:\/\/upravnopravnidani.pravst.unist.hr\/fr\/wp-json\/wp\/v2\/media?parent=5184"}],"curies":[{"name":"wp","href":"https:\/\/api.w.org\/{rel}","templated":true}]}}