{"id":5473,"date":"2025-10-09T09:02:43","date_gmt":"2025-10-09T09:02:43","guid":{"rendered":"https:\/\/upravnopravnidani.pravst.unist.hr\/?page_id=5473"},"modified":"2025-10-09T09:02:43","modified_gmt":"2025-10-09T09:02:43","slug":"2024-2","status":"publish","type":"page","link":"https:\/\/upravnopravnidani.pravst.unist.hr\/fr\/publikacije\/radovi\/2024-2\/","title":{"rendered":"2024"},"content":{"rendered":"<div class=\"vc_row wpb_row vc_row-fluid vc_custom_1589721212584\"><div class=\"wpb_column vc_column_container vc_col-sm-8\"><div class=\"vc_column-inner\"><div class=\"wpb_wrapper\"><div id=\"ultimate-heading-771669e7df5c45566\" class=\"uvc-heading ult-adjust-bottom-margin ultimate-heading-771669e7df5c45566 uvc-3063  uvc-heading-default-font-sizes\" data-hspacer=\"no_spacer\"  data-halign=\"left\" style=\"text-align:left\"><div class=\"uvc-heading-spacer no_spacer\" style=\"top\"><\/div><div class=\"uvc-main-heading ult-responsive\"  data-ultimate-target='.uvc-heading.ultimate-heading-771669e7df5c45566 h3'  data-responsive-json-new='{\"font-size\":\"\",\"line-height\":\"\"}' ><h3 style=\"font-weight:bold;color:#148ba9;margin-bottom:20px;\">Split, 2024. godina<\/h3><\/div><\/div>\n\t<div class=\"wpb_text_column wpb_content_element\" >\n\t\t<div class=\"wpb_wrapper\">\n\t\t\t<ul>\n<li>Studija o upravnim ugovorima i aktima poslovanja (Jasna Omejec) (<a href=\"https:\/\/hrcak.srce.hr\/clanak\/482807\" target=\"_blank\" rel=\"noopener\" data-saferedirecturl=\"https:\/\/www.google.com\/url?q=https:\/\/hrcak.srce.hr\/clanak\/482807&amp;source=gmail&amp;ust=1760083703290000&amp;usg=AOvVaw2xRuHiNhu5HKZJnVw4LDG1\">https:\/\/hrcak.srce.hr\/clanak\/<wbr \/>482807<\/a>)<\/li>\n<li>Pravna priroda ugovora o javnoj nabavi (Marko Turudi\u0107; Bosiljka Britvi\u0107 Vetma; Lana Ofak) (<a href=\"https:\/\/hrcak.srce.hr\/clanak\/482809\" target=\"_blank\" rel=\"noopener\" data-saferedirecturl=\"https:\/\/www.google.com\/url?q=https:\/\/hrcak.srce.hr\/clanak\/482809&amp;source=gmail&amp;ust=1760083703290000&amp;usg=AOvVaw3SVv0RXDzkj-S0HiBOQeLQ\">https:\/\/hrcak.srce.hr\/clanak\/<wbr \/>482809<\/a>)<\/li>\n<li>Komparativne perspektive posebnosti upravnih ugovora u poreznom pravu (Nata\u0161a \u017duni\u0107 Kova\u010devi\u0107) (<a href=\"https:\/\/hrcak.srce.hr\/clanak\/482811\" target=\"_blank\" rel=\"noopener\" data-saferedirecturl=\"https:\/\/www.google.com\/url?q=https:\/\/hrcak.srce.hr\/clanak\/482811&amp;source=gmail&amp;ust=1760083703290000&amp;usg=AOvVaw1ZQ0OZvKaBnI28MNMVYqVp\">https:\/\/hrcak.srce.hr\/clanak\/<wbr \/>482811<\/a>)<\/li>\n<li>Upravni ugovori i upravno sudovanje (Bo\u017eidar Horvat; Ivan Malenica) (<a href=\"https:\/\/hrcak.srce.hr\/clanak\/482813\" target=\"_blank\" rel=\"noopener\" data-saferedirecturl=\"https:\/\/www.google.com\/url?q=https:\/\/hrcak.srce.hr\/clanak\/482813&amp;source=gmail&amp;ust=1760083703290000&amp;usg=AOvVaw0KUiJQt0fHQ8YXd4s7NAAP\">https:\/\/hrcak.srce.hr\/clanak\/<wbr \/>482813<\/a>)<\/li>\n<li>Je li programski ugovor u visokom obrazovanju upravni ugovor? (Ivica \u0160u\u0161ak) (<a href=\"https:\/\/hrcak.srce.hr\/clanak\/482815\" target=\"_blank\" rel=\"noopener\" data-saferedirecturl=\"https:\/\/www.google.com\/url?q=https:\/\/hrcak.srce.hr\/clanak\/482815&amp;source=gmail&amp;ust=1760083703290000&amp;usg=AOvVaw03SESgWVNo2t37kRzzDKvB\">https:\/\/hrcak.srce.hr\/clanak\/<wbr \/>482815<\/a>)<\/li>\n<li>Upravni ugovori u praksi ustavnog suda Republike Hrvatske (Snje\u017eana Bagi\u0107) (<a href=\"https:\/\/hrcak.srce.hr\/clanak\/482817\" target=\"_blank\" rel=\"noopener\" data-saferedirecturl=\"https:\/\/www.google.com\/url?q=https:\/\/hrcak.srce.hr\/clanak\/482817&amp;source=gmail&amp;ust=1760083703290000&amp;usg=AOvVaw3MRYcLYZbF3dDudN8v_qJF\">https:\/\/hrcak.srce.hr\/clanak\/<wbr \/>482817<\/a>)<\/li>\n<li>Ugovori o koncesiji \u2013 iskustva i izazovi (Kre\u0161imir Dragi\u0107) (<a href=\"https:\/\/hrcak.srce.hr\/clanak\/482819\" target=\"_blank\" rel=\"noopener\" data-saferedirecturl=\"https:\/\/www.google.com\/url?q=https:\/\/hrcak.srce.hr\/clanak\/482819&amp;source=gmail&amp;ust=1760083703290000&amp;usg=AOvVaw23QMuyThza7mCV_O49ZENu\">https:\/\/hrcak.srce.hr\/clanak\/<wbr \/>482819<\/a>)<\/li>\n<li>Proteger et valoriser: aspects de la contractualisation de la propriete publique (Jerome Michel) (<a href=\"https:\/\/hrcak.srce.hr\/clanak\/482821\" target=\"_blank\" rel=\"noopener\" data-saferedirecturl=\"https:\/\/www.google.com\/url?q=https:\/\/hrcak.srce.hr\/clanak\/482821&amp;source=gmail&amp;ust=1760083703290000&amp;usg=AOvVaw3ZgtbF9lsak4EuO951vI9O\">https:\/\/hrcak.srce.hr\/clanak\/<wbr \/>482821<\/a>)<\/li>\n<li>Les contentieux de la validite des contrats de la commande publique (Christine Maugue) (<a href=\"https:\/\/hrcak.srce.hr\/clanak\/482822\" target=\"_blank\" rel=\"noopener\" data-saferedirecturl=\"https:\/\/www.google.com\/url?q=https:\/\/hrcak.srce.hr\/clanak\/482822&amp;source=gmail&amp;ust=1760083703290000&amp;usg=AOvVaw2r6baV6j60j_mC46UEkWPU\">https:\/\/hrcak.srce.hr\/clanak\/<wbr \/>482822<\/a>)<\/li>\n<li>March\u00e9s publics et droits de l\u2019homme (Charlotte Denizeau-Lahaye) (<a href=\"https:\/\/hrcak.srce.hr\/clanak\/482823\" target=\"_blank\" rel=\"noopener\" data-saferedirecturl=\"https:\/\/www.google.com\/url?q=https:\/\/hrcak.srce.hr\/clanak\/482823&amp;source=gmail&amp;ust=1760083703290000&amp;usg=AOvVaw3QKuNk5Xyjc7aRFkH3ILFP\">https:\/\/hrcak.srce.hr\/clanak\/<wbr \/>482823<\/a>)<\/li>\n<li>Contrats administratifs et risque penal (Lo\u00efc Allier) (<a href=\"https:\/\/hrcak.srce.hr\/clanak\/482824\" target=\"_blank\" rel=\"noopener\" data-saferedirecturl=\"https:\/\/www.google.com\/url?q=https:\/\/hrcak.srce.hr\/clanak\/482824&amp;source=gmail&amp;ust=1760083703290000&amp;usg=AOvVaw0Y61ANY16ssMNIPfxrH6Nk\">https:\/\/hrcak.srce.hr\/clanak\/<wbr \/>482824<\/a>)<\/li>\n<li>Les contentieux de la passation des contrats de la commande publique (Gilles Pellissier) (<a href=\"https:\/\/hrcak.srce.hr\/clanak\/482825\" target=\"_blank\" rel=\"noopener\" data-saferedirecturl=\"https:\/\/www.google.com\/url?q=https:\/\/hrcak.srce.hr\/clanak\/482825&amp;source=gmail&amp;ust=1760083703290000&amp;usg=AOvVaw2TrfYnFxybrzV7vnl25X4a\">https:\/\/hrcak.srce.hr\/clanak\/<wbr \/>482825<\/a>)<\/li>\n<li>Modification des contrats de la commande publique et th\u00e9orie de l\u2019impr\u00e9vision (Thomas Pez-Lavergne) (<a href=\"https:\/\/hrcak.srce.hr\/clanak\/482826\" target=\"_blank\" rel=\"noopener\" data-saferedirecturl=\"https:\/\/www.google.com\/url?q=https:\/\/hrcak.srce.hr\/clanak\/482826&amp;source=gmail&amp;ust=1760083703290000&amp;usg=AOvVaw2ECY0PN0okAWr7jBBdCx-T\">https:\/\/hrcak.srce.hr\/clanak\/<wbr \/>482826<\/a>).<\/li>\n<\/ul>\n\n\t\t<\/div>\n\t<\/div>\n<\/div><\/div><\/div><div class=\"wpb_column vc_column_container vc_col-sm-4\"><div class=\"vc_column-inner\"><div class=\"wpb_wrapper\"><\/div><\/div><\/div><\/div><div data-vc-full-width=\"true\" data-vc-full-width-init=\"false\" class=\"vc_row wpb_row vc_row-fluid vc_custom_1575399465927 vc_row-has-fill\"><div class=\"wpb_column vc_column_container vc_col-sm-12 vc_col-has-fill\"><div class=\"vc_column-inner vc_custom_1575399499107\"><div class=\"wpb_wrapper\"><div id=\"ultimate-heading-733669e7df5c461db\" class=\"uvc-heading ult-adjust-bottom-margin ultimate-heading-733669e7df5c461db uvc-6619  uvc-heading-default-font-sizes\" data-hspacer=\"no_spacer\"  data-halign=\"center\" style=\"text-align:center\"><div class=\"uvc-heading-spacer no_spacer\" style=\"top\"><\/div><div class=\"uvc-main-heading ult-responsive\"  data-ultimate-target='.uvc-heading.ultimate-heading-733669e7df5c461db h3'  data-responsive-json-new='{\"font-size\":\"\",\"line-height\":\"\"}' ><h3 style=\"font-weight:bold;margin-bottom:20px;\">Journ\u00e9es juridiques et administratives franco-croates<\/h3><\/div><div class=\"uvc-sub-heading ult-responsive\"  data-ultimate-target='.uvc-heading.ultimate-heading-733669e7df5c461db .uvc-sub-heading '  data-responsive-json-new='{\"font-size\":\"desktop:20px;\",\"line-height\":\"desktop:30px;\"}'  style=\"font-weight:normal;color:#148ba9;\">T\u00e9l\u00e9phone : <span style=\"color: #222222;\">021 393 555<\/span><br \/>\nEmail : <span style=\"color: #222222;\">dekanat@pravst.hr<\/span><\/div><\/div><\/div><\/div><\/div><\/div><div class=\"vc_row-full-width vc_clearfix\"><\/div>","protected":false},"excerpt":{"rendered":"<p>Split, 2024. godina Studija o upravnim ugovorima i aktima poslovanja (Jasna Omejec) (https:\/\/hrcak.srce.hr\/clanak\/482807) Pravna priroda ugovora o javnoj nabavi (Marko Turudi\u0107; Bosiljka Britvi\u0107 Vetma; Lana Ofak) (https:\/\/hrcak.srce.hr\/clanak\/482809) Komparativne perspektive posebnosti upravnih ugovora u poreznom pravu (Nata\u0161a \u017duni\u0107 Kova\u010devi\u0107) (https:\/\/hrcak.srce.hr\/clanak\/482811) Upravni ugovori i upravno sudovanje (Bo\u017eidar Horvat; Ivan Malenica) (https:\/\/hrcak.srce.hr\/clanak\/482813) Je li programski ugovor u visokom&hellip;<\/p>","protected":false},"author":1,"featured_media":0,"parent":3918,"menu_order":0,"comment_status":"closed","ping_status":"closed","template":"","meta":[],"_links":{"self":[{"href":"https:\/\/upravnopravnidani.pravst.unist.hr\/fr\/wp-json\/wp\/v2\/pages\/5473"}],"collection":[{"href":"https:\/\/upravnopravnidani.pravst.unist.hr\/fr\/wp-json\/wp\/v2\/pages"}],"about":[{"href":"https:\/\/upravnopravnidani.pravst.unist.hr\/fr\/wp-json\/wp\/v2\/types\/page"}],"author":[{"embeddable":true,"href":"https:\/\/upravnopravnidani.pravst.unist.hr\/fr\/wp-json\/wp\/v2\/users\/1"}],"replies":[{"embeddable":true,"href":"https:\/\/upravnopravnidani.pravst.unist.hr\/fr\/wp-json\/wp\/v2\/comments?post=5473"}],"version-history":[{"count":2,"href":"https:\/\/upravnopravnidani.pravst.unist.hr\/fr\/wp-json\/wp\/v2\/pages\/5473\/revisions"}],"predecessor-version":[{"id":5475,"href":"https:\/\/upravnopravnidani.pravst.unist.hr\/fr\/wp-json\/wp\/v2\/pages\/5473\/revisions\/5475"}],"up":[{"embeddable":true,"href":"https:\/\/upravnopravnidani.pravst.unist.hr\/fr\/wp-json\/wp\/v2\/pages\/3918"}],"wp:attachment":[{"href":"https:\/\/upravnopravnidani.pravst.unist.hr\/fr\/wp-json\/wp\/v2\/media?parent=5473"}],"curies":[{"name":"wp","href":"https:\/\/api.w.org\/{rel}","templated":true}]}}